{"id":5976,"date":"2025-07-16T12:37:02","date_gmt":"2025-07-16T10:37:02","guid":{"rendered":"https:\/\/www.wiss.com.pl\/?page_id=5976"},"modified":"2026-02-03T13:47:05","modified_gmt":"2026-02-03T12:47:05","slug":"pojazdy","status":"publish","type":"page","link":"https:\/\/www.wiss.com.pl\/en\/pojazdy\/","title":{"rendered":"VEHICLES"},"content":{"rendered":"<div data-elementor-type=\"wp-page\" data-elementor-id=\"5976\" class=\"elementor elementor-5976\" data-elementor-post-type=\"page\">\n\t\t\t\t<div class=\"elementor-element elementor-element-2baeb9a e-flex e-con-boxed elementor-invisible e-con e-parent\" data-id=\"2baeb9a\" data-element_type=\"container\" data-e-type=\"container\" data-settings=\"{&quot;animation&quot;:&quot;fadeIn&quot;}\">\n\t\t\t\t\t<div class=\"e-con-inner\">\n\t\t\t\t<div class=\"elementor-element elementor-element-f765128 elementor-widget elementor-widget-heading\" data-id=\"f765128\" data-element_type=\"widget\" data-e-type=\"widget\" data-widget_type=\"heading.default\">\n\t\t\t\t<div class=\"elementor-widget-container\">\n\t\t\t\t\t<h2 class=\"elementor-heading-title elementor-size-default\">POJAZDY<\/h2>\t\t\t\t<\/div>\n\t\t\t\t<\/div>\n\t\t\t\t<div class=\"elementor-element elementor-element-ec10706 elementor-widget-divider--view-line elementor-widget elementor-widget-divider\" data-id=\"ec10706\" data-element_type=\"widget\" data-e-type=\"widget\" data-widget_type=\"divider.default\">\n\t\t\t\t<div class=\"elementor-widget-container\">\n\t\t\t\t\t\t\t<div class=\"elementor-divider\">\n\t\t\t<span class=\"elementor-divider-separator\">\n\t\t\t\t\t\t<\/span>\n\t\t<\/div>\n\t\t\t\t\t\t<\/div>\n\t\t\t\t<\/div>\n\t\t\t\t<div class=\"elementor-element elementor-element-8ae78f2 elementor-widget__width-initial elementor-widget elementor-widget-text-editor\" data-id=\"8ae78f2\" data-element_type=\"widget\" data-e-type=\"widget\" data-widget_type=\"text-editor.default\">\n\t\t\t\t<div class=\"elementor-widget-container\">\n\t\t\t\t\t\t\t\t\t<p>Przegl\u0105daj nasze wszystkie pojazdy<\/p>\t\t\t\t\t\t\t\t<\/div>\n\t\t\t\t<\/div>\n\t\t\t\t\t<\/div>\n\t\t\t\t<\/div>\n\t\t<div class=\"elementor-element elementor-element-96ff2ca e-flex e-con-boxed elementor-invisible e-con e-parent\" data-id=\"96ff2ca\" data-element_type=\"container\" data-e-type=\"container\" data-settings=\"{&quot;animation&quot;:&quot;fadeIn&quot;}\">\n\t\t\t\t\t<div class=\"e-con-inner\">\n\t\t\t\t<div class=\"elementor-element elementor-element-39ccf1c elementor-widget elementor-widget-heading\" data-id=\"39ccf1c\" data-element_type=\"widget\" data-e-type=\"widget\" data-widget_type=\"heading.default\">\n\t\t\t\t<div class=\"elementor-widget-container\">\n\t\t\t\t\t<h2 class=\"elementor-heading-title elementor-size-default\">ALL<\/h2>\t\t\t\t<\/div>\n\t\t\t\t<\/div>\n\t\t\t\t<div class=\"elementor-element elementor-element-e0246f8 elementor-grid-3 elementor-product-loop-item--align-center elementor-grid-tablet-3 elementor-grid-mobile-2 elementor-products-grid elementor-wc-products elementor-widget elementor-widget-wc-categories\" data-id=\"e0246f8\" data-element_type=\"widget\" data-e-type=\"widget\" data-widget_type=\"wc-categories.default\">\n\t\t\t\t<div class=\"elementor-widget-container\">\n\t\t\t\t\t<div class=\"woocommerce columns-3\"><ul class=\"products elementor-grid columns-3\">\n<li class=\"product-category product first\">\n\t<a aria-label=\"Visit product category PRZYCZEPY\" href=\"https:\/\/www.wiss.com.pl\/en\/pojazdy\/przyczepy\/\" data-no-translation-aria-label=\"\"><img fetchpriority=\"high\" decoding=\"async\" src=\"https:\/\/www.wiss.com.pl\/wp-content\/uploads\/2025\/03\/p12-3-600x450.jpg\" alt=\"PRZYCZEPY\" width=\"600\" height=\"450\" srcset=\"https:\/\/www.wiss.com.pl\/wp-content\/uploads\/2025\/03\/p12-3-600x450.jpg 600w, https:\/\/www.wiss.com.pl\/wp-content\/uploads\/2025\/03\/p12-3-16x12.jpg 16w\" sizes=\"(max-width: 600px) 100vw, 600px\" \/>\t\t<h2 class=\"woocommerce-loop-category__title\">\n\t\t\tTRAILERS <mark class=\"count\">(1)<\/mark>\t\t<\/h2>\n\t\t<\/a><\/li>\n<li class=\"product-category product\">\n\t<a aria-label=\"Visit product category POJAZDY POLICYJNE I WOJSKOWE\" href=\"https:\/\/www.wiss.com.pl\/en\/pojazdy\/pojazdy-policyjne-i-wojskowe\/\" data-no-translation-aria-label=\"\"><img decoding=\"async\" src=\"https:\/\/www.wiss.com.pl\/wp-content\/uploads\/2025\/03\/taj4-2-600x450.jpg\" alt=\"POJAZDY POLICYJNE I WOJSKOWE\" width=\"600\" height=\"450\" srcset=\"https:\/\/www.wiss.com.pl\/wp-content\/uploads\/2025\/03\/taj4-2-600x450.jpg 600w, https:\/\/www.wiss.com.pl\/wp-content\/uploads\/2025\/03\/taj4-2-16x12.jpg 16w\" sizes=\"(max-width: 600px) 100vw, 600px\" \/>\t\t<h2 class=\"woocommerce-loop-category__title\">\n\t\t\tANTI-RIOT POLICE VEHICLES <mark class=\"count\">(2)<\/mark>\t\t<\/h2>\n\t\t<\/a><\/li>\n<li class=\"product-category product last\">\n\t<a aria-label=\"Visit product category POJAZDY LOTNISKOWE\" href=\"https:\/\/www.wiss.com.pl\/en\/pojazdy\/pojazdy-lotniskowe\/\" data-no-translation-aria-label=\"\"><img decoding=\"async\" src=\"https:\/\/www.wiss.com.pl\/wp-content\/uploads\/2025\/03\/felix-8x8-fresia-3-600x450.jpg\" alt=\"POJAZDY LOTNISKOWE\" width=\"600\" height=\"450\" srcset=\"https:\/\/www.wiss.com.pl\/wp-content\/uploads\/2025\/03\/felix-8x8-fresia-3-600x450.jpg 600w, https:\/\/www.wiss.com.pl\/wp-content\/uploads\/2025\/03\/felix-8x8-fresia-3-16x12.jpg 16w\" sizes=\"(max-width: 600px) 100vw, 600px\" \/>\t\t<h2 class=\"woocommerce-loop-category__title\">\n\t\t\tAIR-CRASH TENDERS <mark class=\"count\">(9)<\/mark>\t\t<\/h2>\n\t\t<\/a><\/li>\n<li class=\"product-category product first\">\n\t<a aria-label=\"Visit product category POJAZDY KLASY \u015aREDNIEJ STRA\u017bY PO\u017bARNEJ\" href=\"https:\/\/www.wiss.com.pl\/en\/pojazdy\/pojazdy-klasy-sredniej-strazy-pozarnej\/\" data-no-translation-aria-label=\"\"><img loading=\"lazy\" decoding=\"async\" src=\"https:\/\/www.wiss.com.pl\/wp-content\/uploads\/2025\/06\/Bez-nazwy-1-4-600x450.jpg\" alt=\"POJAZDY KLASY \u015aREDNIEJ STRA\u017bY PO\u017bARNEJ\" width=\"600\" height=\"450\" srcset=\"https:\/\/www.wiss.com.pl\/wp-content\/uploads\/2025\/06\/Bez-nazwy-1-4-600x450.jpg 600w, https:\/\/www.wiss.com.pl\/wp-content\/uploads\/2025\/06\/Bez-nazwy-1-4-16x12.jpg 16w\" sizes=\"(max-width: 600px) 100vw, 600px\" \/>\t\t<h2 class=\"woocommerce-loop-category__title\">\n\t\t\tMEDIUM FIREFIGHTING AND RESCUE VEHICLES <mark class=\"count\">(7)<\/mark>\t\t<\/h2>\n\t\t<\/a><\/li>\n<li class=\"product-category product\">\n\t<a aria-label=\"Visit product category POJAZDY KLASY SPECJALNEJ I SAMOCHODY PO\u017bARNICZE\" href=\"https:\/\/www.wiss.com.pl\/en\/pojazdy\/pojazdy-klasy-specjalne-i-samochody-pozarnicze\/\" data-no-translation-aria-label=\"\"><img loading=\"lazy\" decoding=\"async\" src=\"https:\/\/www.wiss.com.pl\/wp-content\/uploads\/2025\/03\/W524-3-600x450.jpg\" alt=\"POJAZDY KLASY SPECJALNEJ I SAMOCHODY PO\u017bARNICZE\" width=\"600\" height=\"450\" srcset=\"https:\/\/www.wiss.com.pl\/wp-content\/uploads\/2025\/03\/W524-3-600x450.jpg 600w, https:\/\/www.wiss.com.pl\/wp-content\/uploads\/2025\/03\/W524-3-16x12.jpg 16w\" sizes=\"(max-width: 600px) 100vw, 600px\" \/>\t\t<h2 class=\"woocommerce-loop-category__title\">\n\t\t\tPOJAZDY KLASY SPECJALNEJ I SAMOCHODY PO\u017bARNICZE <mark class=\"count\">(8)<\/mark>\t\t<\/h2>\n\t\t<\/a><\/li>\n<li class=\"product-category product last\">\n\t<a aria-label=\"Visit product category POJAZDY KLASY LEKKIEJ STRA\u017bY PO\u017bARNEJ\" href=\"https:\/\/www.wiss.com.pl\/en\/pojazdy\/pojazdy-klasy-lekkiej-strazy-pozarnej\/\" data-no-translation-aria-label=\"\"><img loading=\"lazy\" decoding=\"async\" src=\"https:\/\/www.wiss.com.pl\/wp-content\/uploads\/2025\/04\/w715-i-600x450.jpg\" alt=\"POJAZDY KLASY LEKKIEJ STRA\u017bY PO\u017bARNEJ\" width=\"600\" height=\"450\" srcset=\"https:\/\/www.wiss.com.pl\/wp-content\/uploads\/2025\/04\/w715-i-600x450.jpg 600w, https:\/\/www.wiss.com.pl\/wp-content\/uploads\/2025\/04\/w715-i-16x12.jpg 16w\" sizes=\"(max-width: 600px) 100vw, 600px\" \/>\t\t<h2 class=\"woocommerce-loop-category__title\">\n\t\t\tLIGHT FIREFIGHTING AND RESCUE VEHICLES <mark class=\"count\">(5)<\/mark>\t\t<\/h2>\n\t\t<\/a><\/li>\n<li class=\"product-category product first\">\n\t<a aria-label=\"Visit product category POJAZDY KLASY CI\u0118\u017bKIEJ STRA\u017bY PO\u017bARNEJ\" href=\"https:\/\/www.wiss.com.pl\/en\/pojazdy\/pojazdy-klasy-ciezkiej-strazy-pozarnej\/\" data-no-translation-aria-label=\"\"><img loading=\"lazy\" decoding=\"async\" src=\"https:\/\/www.wiss.com.pl\/wp-content\/uploads\/2025\/03\/chile-W3-PUERTO-MONTT_2-600x450.png\" alt=\"POJAZDY KLASY CI\u0118\u017bKIEJ STRA\u017bY PO\u017bARNEJ\" width=\"600\" height=\"450\" \/>\t\t<h2 class=\"woocommerce-loop-category__title\">\n\t\t\tHEAVY FIREFIGHTING AND RESCUE VEHICLES <mark class=\"count\">(18)<\/mark>\t\t<\/h2>\n\t\t<\/a><\/li>\n<li class=\"product-category product\">\n\t<a aria-label=\"Visit product category KONTENERY\" href=\"https:\/\/www.wiss.com.pl\/en\/pojazdy\/kontenery\/\" data-no-translation-aria-label=\"\"><img loading=\"lazy\" decoding=\"async\" src=\"https:\/\/www.wiss.com.pl\/wp-content\/uploads\/2025\/03\/w574-3-600x450.jpg\" alt=\"KONTENERY\" width=\"600\" height=\"450\" srcset=\"https:\/\/www.wiss.com.pl\/wp-content\/uploads\/2025\/03\/w574-3-600x450.jpg 600w, https:\/\/www.wiss.com.pl\/wp-content\/uploads\/2025\/03\/w574-3-16x12.jpg 16w\" sizes=\"(max-width: 600px) 100vw, 600px\" \/>\t\t<h2 class=\"woocommerce-loop-category__title\">\n\t\t\tCONTAINERS <mark class=\"count\">(2)<\/mark>\t\t<\/h2>\n\t\t<\/a><\/li>\n<li class=\"product-category product last\">\n\t<a aria-label=\"Visit product category DEFENCE + OBRONA CYWILNA\" href=\"https:\/\/www.wiss.com.pl\/en\/pojazdy\/defence\/\" data-no-translation-aria-label=\"\"><img loading=\"lazy\" decoding=\"async\" src=\"https:\/\/www.wiss.com.pl\/wp-content\/uploads\/2026\/02\/dmu.jpg\" alt=\"DEFENCE + OBRONA CYWILNA\" width=\"600\" height=\"450\" srcset=\"https:\/\/www.wiss.com.pl\/wp-content\/uploads\/2026\/02\/dmu.jpg 600w, https:\/\/www.wiss.com.pl\/wp-content\/uploads\/2026\/02\/dmu-300x219.jpg 300w, https:\/\/www.wiss.com.pl\/wp-content\/uploads\/2026\/02\/dmu-16x12.jpg 16w\" sizes=\"(max-width: 600px) 100vw, 600px\" \/>\t\t<h2 class=\"woocommerce-loop-category__title\">\n\t\t\tDEFENCE + OBRONA CYWILNA <mark class=\"count\">(7)<\/mark>\t\t<\/h2>\n\t\t<\/a><\/li>\n<li class=\"product-category product first\">\n\t<a aria-label=\"Visit product category AMBULANSY\" href=\"https:\/\/www.wiss.com.pl\/en\/pojazdy\/ambulansy\/\" data-no-translation-aria-label=\"\"><img loading=\"lazy\" decoding=\"async\" src=\"https:\/\/www.wiss.com.pl\/wp-content\/uploads\/2025\/03\/W818-600x450.jpg\" alt=\"AMBULANSY\" width=\"600\" height=\"450\" srcset=\"https:\/\/www.wiss.com.pl\/wp-content\/uploads\/2025\/03\/W818-600x450.jpg 600w, https:\/\/www.wiss.com.pl\/wp-content\/uploads\/2025\/03\/W818-16x12.jpg 16w\" sizes=\"(max-width: 600px) 100vw, 600px\" \/>\t\t<h2 class=\"woocommerce-loop-category__title\">\n\t\t\tAMBULANCES <mark class=\"count\">(2)<\/mark>\t\t<\/h2>\n\t\t<\/a><\/li>\n<\/ul>\n<\/div>\t\t\t\t<\/div>\n\t\t\t\t<\/div>\n\t\t\t\t\t<\/div>\n\t\t\t\t<\/div>\n\t\t\t\t<\/div>","protected":false},"excerpt":{"rendered":"<p>POJAZDY Przegl\u0105daj nasze wszystkie pojazdy Wszystkie<\/p>","protected":false},"author":2,"featured_media":0,"parent":0,"menu_order":0,"comment_status":"closed","ping_status":"closed","template":"elementor_header_footer","meta":{"_acf_changed":false,"footnotes":""},"class_list":["post-5976","page","type-page","status-publish","hentry"],"acf":[],"yoast_head":"<!-- This site is optimized with the Yoast SEO plugin v27.4 - https:\/\/yoast.com\/product\/yoast-seo-wordpress\/ -->\n<title>Pojazdy - WISS<\/title>\n<meta name=\"robots\" content=\"index, follow, max-snippet:-1, max-image-preview:large, max-video-preview:-1\" \/>\n<link rel=\"canonical\" href=\"https:\/\/www.wiss.com.pl\/en\/pojazdy\/\" \/>\n<meta property=\"og:locale\" content=\"en_US\" \/>\n<meta property=\"og:type\" content=\"article\" \/>\n<meta property=\"og:title\" content=\"Pojazdy - WISS\" \/>\n<meta property=\"og:description\" content=\"POJAZDY Przegl\u0105daj nasze wszystkie pojazdy Wszystkie\" \/>\n<meta property=\"og:url\" content=\"https:\/\/www.wiss.com.pl\/en\/pojazdy\/\" \/>\n<meta property=\"og:site_name\" content=\"WISS\" \/>\n<meta property=\"article:publisher\" content=\"https:\/\/www.facebook.com\/ISSwawrzaszek\/\" \/>\n<meta property=\"article:modified_time\" content=\"2026-02-03T12:47:05+00:00\" \/>\n<meta name=\"twitter:card\" content=\"summary_large_image\" \/>\n<script type=\"application\/ld+json\" class=\"yoast-schema-graph\">{\"@context\":\"https:\\\/\\\/schema.org\",\"@graph\":[{\"@type\":\"WebPage\",\"@id\":\"https:\\\/\\\/www.wiss.com.pl\\\/pojazdy\\\/\",\"url\":\"https:\\\/\\\/www.wiss.com.pl\\\/pojazdy\\\/\",\"name\":\"Pojazdy - WISS\",\"isPartOf\":{\"@id\":\"https:\\\/\\\/www.wiss.com.pl\\\/#website\"},\"datePublished\":\"2025-07-16T10:37:02+00:00\",\"dateModified\":\"2026-02-03T12:47:05+00:00\",\"breadcrumb\":{\"@id\":\"https:\\\/\\\/www.wiss.com.pl\\\/pojazdy\\\/#breadcrumb\"},\"inLanguage\":\"en-US\",\"potentialAction\":[{\"@type\":\"ReadAction\",\"target\":[\"https:\\\/\\\/www.wiss.com.pl\\\/pojazdy\\\/\"]}]},{\"@type\":\"BreadcrumbList\",\"@id\":\"https:\\\/\\\/www.wiss.com.pl\\\/pojazdy\\\/#breadcrumb\",\"itemListElement\":[{\"@type\":\"ListItem\",\"position\":1,\"name\":\"Strona g\u0142\u00f3wna\",\"item\":\"https:\\\/\\\/www.wiss.com.pl\\\/\"},{\"@type\":\"ListItem\",\"position\":2,\"name\":\"Pojazdy\"}]},{\"@type\":\"WebSite\",\"@id\":\"https:\\\/\\\/www.wiss.com.pl\\\/#website\",\"url\":\"https:\\\/\\\/www.wiss.com.pl\\\/\",\"name\":\"WISS Samochody Specjalne\",\"description\":\"Czo\u0142owy producent samochod\u00f3w po\u017carniczych w Polsce i Europie. Samochody przeznaczone dla s\u0142u\u017cb mundurowych, takich jak: stra\u017c po\u017carna, wojsko i policja.\",\"publisher\":{\"@id\":\"https:\\\/\\\/www.wiss.com.pl\\\/#organization\"},\"potentialAction\":[{\"@type\":\"SearchAction\",\"target\":{\"@type\":\"EntryPoint\",\"urlTemplate\":\"https:\\\/\\\/www.wiss.com.pl\\\/?s={search_term_string}\"},\"query-input\":{\"@type\":\"PropertyValueSpecification\",\"valueRequired\":true,\"valueName\":\"search_term_string\"}}],\"inLanguage\":\"en-US\"},{\"@type\":\"Organization\",\"@id\":\"https:\\\/\\\/www.wiss.com.pl\\\/#organization\",\"name\":\"WISS Samochody Specjalne\",\"url\":\"https:\\\/\\\/www.wiss.com.pl\\\/\",\"logo\":{\"@type\":\"ImageObject\",\"inLanguage\":\"en-US\",\"@id\":\"https:\\\/\\\/www.wiss.com.pl\\\/#\\\/schema\\\/logo\\\/image\\\/\",\"url\":\"https:\\\/\\\/www.wiss.com.pl\\\/wp-content\\\/uploads\\\/2025\\\/01\\\/logo_bezpieczenstwo6-1.jpg\",\"contentUrl\":\"https:\\\/\\\/www.wiss.com.pl\\\/wp-content\\\/uploads\\\/2025\\\/01\\\/logo_bezpieczenstwo6-1.jpg\",\"width\":1450,\"height\":407,\"caption\":\"WISS Samochody Specjalne\"},\"image\":{\"@id\":\"https:\\\/\\\/www.wiss.com.pl\\\/#\\\/schema\\\/logo\\\/image\\\/\"},\"sameAs\":[\"https:\\\/\\\/www.facebook.com\\\/ISSwawrzaszek\\\/\"]}]}<\/script>\n<!-- \/ Yoast SEO plugin. -->","yoast_head_json":{"title":"Pojazdy - WISS","robots":{"index":"index","follow":"follow","max-snippet":"max-snippet:-1","max-image-preview":"max-image-preview:large","max-video-preview":"max-video-preview:-1"},"canonical":"https:\/\/www.wiss.com.pl\/en\/pojazdy\/","og_locale":"en_US","og_type":"article","og_title":"Pojazdy - WISS","og_description":"POJAZDY Przegl\u0105daj nasze wszystkie pojazdy Wszystkie","og_url":"https:\/\/www.wiss.com.pl\/en\/pojazdy\/","og_site_name":"WISS","article_publisher":"https:\/\/www.facebook.com\/ISSwawrzaszek\/","article_modified_time":"2026-02-03T12:47:05+00:00","twitter_card":"summary_large_image","schema":{"@context":"https:\/\/schema.org","@graph":[{"@type":"WebPage","@id":"https:\/\/www.wiss.com.pl\/pojazdy\/","url":"https:\/\/www.wiss.com.pl\/pojazdy\/","name":"Pojazdy - WISS","isPartOf":{"@id":"https:\/\/www.wiss.com.pl\/#website"},"datePublished":"2025-07-16T10:37:02+00:00","dateModified":"2026-02-03T12:47:05+00:00","breadcrumb":{"@id":"https:\/\/www.wiss.com.pl\/pojazdy\/#breadcrumb"},"inLanguage":"en-US","potentialAction":[{"@type":"ReadAction","target":["https:\/\/www.wiss.com.pl\/pojazdy\/"]}]},{"@type":"BreadcrumbList","@id":"https:\/\/www.wiss.com.pl\/pojazdy\/#breadcrumb","itemListElement":[{"@type":"ListItem","position":1,"name":"Strona g\u0142\u00f3wna","item":"https:\/\/www.wiss.com.pl\/"},{"@type":"ListItem","position":2,"name":"Pojazdy"}]},{"@type":"WebSite","@id":"https:\/\/www.wiss.com.pl\/#website","url":"https:\/\/www.wiss.com.pl\/","name":"WISS Samochody Specjalne","description":"Czo\u0142owy producent samochod\u00f3w po\u017carniczych w Polsce i Europie. Samochody przeznaczone dla s\u0142u\u017cb mundurowych, takich jak: stra\u017c po\u017carna, wojsko i policja.","publisher":{"@id":"https:\/\/www.wiss.com.pl\/#organization"},"potentialAction":[{"@type":"SearchAction","target":{"@type":"EntryPoint","urlTemplate":"https:\/\/www.wiss.com.pl\/?s={search_term_string}"},"query-input":{"@type":"PropertyValueSpecification","valueRequired":true,"valueName":"search_term_string"}}],"inLanguage":"en-US"},{"@type":"Organization","@id":"https:\/\/www.wiss.com.pl\/#organization","name":"WISS Samochody Specjalne","url":"https:\/\/www.wiss.com.pl\/","logo":{"@type":"ImageObject","inLanguage":"en-US","@id":"https:\/\/www.wiss.com.pl\/#\/schema\/logo\/image\/","url":"https:\/\/www.wiss.com.pl\/wp-content\/uploads\/2025\/01\/logo_bezpieczenstwo6-1.jpg","contentUrl":"https:\/\/www.wiss.com.pl\/wp-content\/uploads\/2025\/01\/logo_bezpieczenstwo6-1.jpg","width":1450,"height":407,"caption":"WISS Samochody Specjalne"},"image":{"@id":"https:\/\/www.wiss.com.pl\/#\/schema\/logo\/image\/"},"sameAs":["https:\/\/www.facebook.com\/ISSwawrzaszek\/"]}]}},"_links":{"self":[{"href":"https:\/\/www.wiss.com.pl\/en\/wp-json\/wp\/v2\/pages\/5976","targetHints":{"allow":["GET"]}}],"collection":[{"href":"https:\/\/www.wiss.com.pl\/en\/wp-json\/wp\/v2\/pages"}],"about":[{"href":"https:\/\/www.wiss.com.pl\/en\/wp-json\/wp\/v2\/types\/page"}],"author":[{"embeddable":true,"href":"https:\/\/www.wiss.com.pl\/en\/wp-json\/wp\/v2\/users\/2"}],"replies":[{"embeddable":true,"href":"https:\/\/www.wiss.com.pl\/en\/wp-json\/wp\/v2\/comments?post=5976"}],"version-history":[{"count":4,"href":"https:\/\/www.wiss.com.pl\/en\/wp-json\/wp\/v2\/pages\/5976\/revisions"}],"predecessor-version":[{"id":5980,"href":"https:\/\/www.wiss.com.pl\/en\/wp-json\/wp\/v2\/pages\/5976\/revisions\/5980"}],"wp:attachment":[{"href":"https:\/\/www.wiss.com.pl\/en\/wp-json\/wp\/v2\/media?parent=5976"}],"curies":[{"name":"wp","href":"https:\/\/api.w.org\/{rel}","templated":true}]}}