{"id":5395,"date":"2025-03-27T11:11:25","date_gmt":"2025-03-27T10:11:25","guid":{"rendered":"https:\/\/www.wiss.com.pl\/?page_id=5395"},"modified":"2025-03-27T11:13:26","modified_gmt":"2025-03-27T10:13:26","slug":"staze-i-praktyki","status":"publish","type":"page","link":"https:\/\/www.wiss.com.pl\/en\/staze-i-praktyki\/","title":{"rendered":"Sta\u017ce i praktyki"},"content":{"rendered":"<div data-elementor-type=\"wp-page\" data-elementor-id=\"5395\" class=\"elementor elementor-5395\" data-elementor-post-type=\"page\">\n\t\t\t\t<div class=\"elementor-element elementor-element-cf641e3 e-flex e-con-boxed e-con e-parent\" data-id=\"cf641e3\" data-element_type=\"container\" data-e-type=\"container\">\n\t\t\t\t\t<div class=\"e-con-inner\">\n\t\t\t\t<div class=\"elementor-element elementor-element-d3724a4 elementor-widget elementor-widget-heading\" data-id=\"d3724a4\" data-element_type=\"widget\" data-e-type=\"widget\" data-widget_type=\"heading.default\">\n\t\t\t\t<div class=\"elementor-widget-container\">\n\t\t\t\t\t<h2 class=\"elementor-heading-title elementor-size-default\">STA\u017bE I PRAKTYKI<\/h2>\t\t\t\t<\/div>\n\t\t\t\t<\/div>\n\t\t\t\t<div class=\"elementor-element elementor-element-6707a6f elementor-widget-divider--view-line elementor-widget elementor-widget-divider\" data-id=\"6707a6f\" data-element_type=\"widget\" data-e-type=\"widget\" data-widget_type=\"divider.default\">\n\t\t\t\t<div class=\"elementor-widget-container\">\n\t\t\t\t\t\t\t<div class=\"elementor-divider\">\n\t\t\t<span class=\"elementor-divider-separator\">\n\t\t\t\t\t\t<\/span>\n\t\t<\/div>\n\t\t\t\t\t\t<\/div>\n\t\t\t\t<\/div>\n\t\t\t\t<div class=\"elementor-element elementor-element-a1b0f0f elementor-widget elementor-widget-text-editor\" data-id=\"a1b0f0f\" data-element_type=\"widget\" data-e-type=\"widget\" data-widget_type=\"text-editor.default\">\n\t\t\t\t<div class=\"elementor-widget-container\">\n\t\t\t\t\t\t\t\t\t<p>Firma oferuje sta\u017ce i praktyki, kt\u00f3re daj\u0105 mo\u017cliwo\u015b\u0107 zdobycia do\u015bwiadczenia w bran\u017cy motoryzacyjnej i specjalistycznej. Sta\u017cy\u015bci i praktykanci mog\u0105 liczy\u0107 na:<\/p><ol><li>Prac\u0119 nad rzeczywistymi projektami.<\/li><li>Wsparcie do\u015bwiadczonych pracownik\u00f3w i mentor\u00f3w.<\/li><li>Mo\u017cliwo\u015b\u0107 poznania proces\u00f3w produkcji, monta\u017cu i serwisowania pojazd\u00f3w specjalnych.<\/li><li>Mo\u017cliwo\u015b\u0107 rozwoju zawodowego w stabilnej firmie.<\/li><\/ol><p>\u00a0<\/p><p>Programy sta\u017cowe umo\u017cliwiaj\u0105 zdobycie praktycznego do\u015bwiadczenia<br \/>w pracy nad rzeczywistymi projektami, co pozwala na zastosowanie zdobytej wiedzy w rzeczywistych warunkach rynkowych.<\/p>\t\t\t\t\t\t\t\t<\/div>\n\t\t\t\t<\/div>\n\t\t\t\t\t<\/div>\n\t\t\t\t<\/div>\n\t\t\t\t<\/div>","protected":false},"excerpt":{"rendered":"<p>STA\u017bE I PRAKTYKI Firma oferuje sta\u017ce i praktyki, kt\u00f3re daj\u0105 mo\u017cliwo\u015b\u0107 zdobycia do\u015bwiadczenia w bran\u017cy motoryzacyjnej i specjalistycznej. Sta\u017cy\u015bci i praktykanci mog\u0105 liczy\u0107 na: Prac\u0119 nad rzeczywistymi projektami. Wsparcie do\u015bwiadczonych pracownik\u00f3w i mentor\u00f3w. Mo\u017cliwo\u015b\u0107 poznania proces\u00f3w produkcji, monta\u017cu i serwisowania pojazd\u00f3w specjalnych. Mo\u017cliwo\u015b\u0107 rozwoju zawodowego w stabilnej firmie. \u00a0 Programy sta\u017cowe umo\u017cliwiaj\u0105 zdobycie praktycznego do\u015bwiadczeniaw [&hellip;]<\/p>\n","protected":false},"author":2,"featured_media":0,"parent":0,"menu_order":0,"comment_status":"closed","ping_status":"closed","template":"elementor_header_footer","meta":{"_acf_changed":false,"footnotes":""},"class_list":["post-5395","page","type-page","status-publish","hentry"],"acf":[],"yoast_head":"<!-- This site is optimized with the Yoast SEO plugin v27.5 - https:\/\/yoast.com\/product\/yoast-seo-wordpress\/ -->\n<title>Sta\u017ce i praktyki - WISS<\/title>\n<meta name=\"robots\" content=\"index, follow, max-snippet:-1, max-image-preview:large, max-video-preview:-1\" \/>\n<link rel=\"canonical\" href=\"https:\/\/www.wiss.com.pl\/en\/staze-i-praktyki\/\" \/>\n<meta property=\"og:locale\" content=\"en_US\" \/>\n<meta property=\"og:type\" content=\"article\" \/>\n<meta property=\"og:title\" content=\"Sta\u017ce i praktyki - WISS\" \/>\n<meta property=\"og:description\" content=\"STA\u017bE I PRAKTYKI Firma oferuje sta\u017ce i praktyki, kt\u00f3re daj\u0105 mo\u017cliwo\u015b\u0107 zdobycia do\u015bwiadczenia w bran\u017cy motoryzacyjnej i specjalistycznej. Sta\u017cy\u015bci i praktykanci mog\u0105 liczy\u0107 na: Prac\u0119 nad rzeczywistymi projektami. Wsparcie do\u015bwiadczonych pracownik\u00f3w i mentor\u00f3w. Mo\u017cliwo\u015b\u0107 poznania proces\u00f3w produkcji, monta\u017cu i serwisowania pojazd\u00f3w specjalnych. Mo\u017cliwo\u015b\u0107 rozwoju zawodowego w stabilnej firmie. \u00a0 Programy sta\u017cowe umo\u017cliwiaj\u0105 zdobycie praktycznego do\u015bwiadczeniaw [&hellip;]\" \/>\n<meta property=\"og:url\" content=\"https:\/\/www.wiss.com.pl\/en\/staze-i-praktyki\/\" \/>\n<meta property=\"og:site_name\" content=\"WISS\" \/>\n<meta property=\"article:publisher\" content=\"https:\/\/www.facebook.com\/ISSwawrzaszek\/\" \/>\n<meta property=\"article:modified_time\" content=\"2025-03-27T10:13:26+00:00\" \/>\n<meta name=\"twitter:card\" content=\"summary_large_image\" \/>\n<script type=\"application\/ld+json\" class=\"yoast-schema-graph\">{\"@context\":\"https:\\\/\\\/schema.org\",\"@graph\":[{\"@type\":\"WebPage\",\"@id\":\"https:\\\/\\\/www.wiss.com.pl\\\/staze-i-praktyki\\\/\",\"url\":\"https:\\\/\\\/www.wiss.com.pl\\\/staze-i-praktyki\\\/\",\"name\":\"Sta\u017ce i praktyki - WISS\",\"isPartOf\":{\"@id\":\"https:\\\/\\\/www.wiss.com.pl\\\/#website\"},\"datePublished\":\"2025-03-27T10:11:25+00:00\",\"dateModified\":\"2025-03-27T10:13:26+00:00\",\"breadcrumb\":{\"@id\":\"https:\\\/\\\/www.wiss.com.pl\\\/staze-i-praktyki\\\/#breadcrumb\"},\"inLanguage\":\"en-US\",\"potentialAction\":[{\"@type\":\"ReadAction\",\"target\":[\"https:\\\/\\\/www.wiss.com.pl\\\/staze-i-praktyki\\\/\"]}]},{\"@type\":\"BreadcrumbList\",\"@id\":\"https:\\\/\\\/www.wiss.com.pl\\\/staze-i-praktyki\\\/#breadcrumb\",\"itemListElement\":[{\"@type\":\"ListItem\",\"position\":1,\"name\":\"Strona g\u0142\u00f3wna\",\"item\":\"https:\\\/\\\/www.wiss.com.pl\\\/\"},{\"@type\":\"ListItem\",\"position\":2,\"name\":\"Sta\u017ce i praktyki\"}]},{\"@type\":\"WebSite\",\"@id\":\"https:\\\/\\\/www.wiss.com.pl\\\/#website\",\"url\":\"https:\\\/\\\/www.wiss.com.pl\\\/\",\"name\":\"WISS Samochody Specjalne\",\"description\":\"Czo\u0142owy producent samochod\u00f3w po\u017carniczych w Polsce i Europie. Samochody przeznaczone dla s\u0142u\u017cb mundurowych, takich jak: stra\u017c po\u017carna, wojsko i policja.\",\"publisher\":{\"@id\":\"https:\\\/\\\/www.wiss.com.pl\\\/#organization\"},\"potentialAction\":[{\"@type\":\"SearchAction\",\"target\":{\"@type\":\"EntryPoint\",\"urlTemplate\":\"https:\\\/\\\/www.wiss.com.pl\\\/?s={search_term_string}\"},\"query-input\":{\"@type\":\"PropertyValueSpecification\",\"valueRequired\":true,\"valueName\":\"search_term_string\"}}],\"inLanguage\":\"en-US\"},{\"@type\":\"Organization\",\"@id\":\"https:\\\/\\\/www.wiss.com.pl\\\/#organization\",\"name\":\"WISS Samochody Specjalne\",\"url\":\"https:\\\/\\\/www.wiss.com.pl\\\/\",\"logo\":{\"@type\":\"ImageObject\",\"inLanguage\":\"en-US\",\"@id\":\"https:\\\/\\\/www.wiss.com.pl\\\/#\\\/schema\\\/logo\\\/image\\\/\",\"url\":\"https:\\\/\\\/www.wiss.com.pl\\\/wp-content\\\/uploads\\\/2025\\\/01\\\/logo_bezpieczenstwo6-1.jpg\",\"contentUrl\":\"https:\\\/\\\/www.wiss.com.pl\\\/wp-content\\\/uploads\\\/2025\\\/01\\\/logo_bezpieczenstwo6-1.jpg\",\"width\":1450,\"height\":407,\"caption\":\"WISS Samochody Specjalne\"},\"image\":{\"@id\":\"https:\\\/\\\/www.wiss.com.pl\\\/#\\\/schema\\\/logo\\\/image\\\/\"},\"sameAs\":[\"https:\\\/\\\/www.facebook.com\\\/ISSwawrzaszek\\\/\"]}]}<\/script>\n<!-- \/ Yoast SEO plugin. -->","yoast_head_json":{"title":"Sta\u017ce i praktyki - WISS","robots":{"index":"index","follow":"follow","max-snippet":"max-snippet:-1","max-image-preview":"max-image-preview:large","max-video-preview":"max-video-preview:-1"},"canonical":"https:\/\/www.wiss.com.pl\/en\/staze-i-praktyki\/","og_locale":"en_US","og_type":"article","og_title":"Sta\u017ce i praktyki - WISS","og_description":"STA\u017bE I PRAKTYKI Firma oferuje sta\u017ce i praktyki, kt\u00f3re daj\u0105 mo\u017cliwo\u015b\u0107 zdobycia do\u015bwiadczenia w bran\u017cy motoryzacyjnej i specjalistycznej. Sta\u017cy\u015bci i praktykanci mog\u0105 liczy\u0107 na: Prac\u0119 nad rzeczywistymi projektami. Wsparcie do\u015bwiadczonych pracownik\u00f3w i mentor\u00f3w. Mo\u017cliwo\u015b\u0107 poznania proces\u00f3w produkcji, monta\u017cu i serwisowania pojazd\u00f3w specjalnych. Mo\u017cliwo\u015b\u0107 rozwoju zawodowego w stabilnej firmie. \u00a0 Programy sta\u017cowe umo\u017cliwiaj\u0105 zdobycie praktycznego do\u015bwiadczeniaw [&hellip;]","og_url":"https:\/\/www.wiss.com.pl\/en\/staze-i-praktyki\/","og_site_name":"WISS","article_publisher":"https:\/\/www.facebook.com\/ISSwawrzaszek\/","article_modified_time":"2025-03-27T10:13:26+00:00","twitter_card":"summary_large_image","schema":{"@context":"https:\/\/schema.org","@graph":[{"@type":"WebPage","@id":"https:\/\/www.wiss.com.pl\/staze-i-praktyki\/","url":"https:\/\/www.wiss.com.pl\/staze-i-praktyki\/","name":"Sta\u017ce i praktyki - WISS","isPartOf":{"@id":"https:\/\/www.wiss.com.pl\/#website"},"datePublished":"2025-03-27T10:11:25+00:00","dateModified":"2025-03-27T10:13:26+00:00","breadcrumb":{"@id":"https:\/\/www.wiss.com.pl\/staze-i-praktyki\/#breadcrumb"},"inLanguage":"en-US","potentialAction":[{"@type":"ReadAction","target":["https:\/\/www.wiss.com.pl\/staze-i-praktyki\/"]}]},{"@type":"BreadcrumbList","@id":"https:\/\/www.wiss.com.pl\/staze-i-praktyki\/#breadcrumb","itemListElement":[{"@type":"ListItem","position":1,"name":"Strona g\u0142\u00f3wna","item":"https:\/\/www.wiss.com.pl\/"},{"@type":"ListItem","position":2,"name":"Sta\u017ce i praktyki"}]},{"@type":"WebSite","@id":"https:\/\/www.wiss.com.pl\/#website","url":"https:\/\/www.wiss.com.pl\/","name":"WISS Samochody Specjalne","description":"Czo\u0142owy producent samochod\u00f3w po\u017carniczych w Polsce i Europie. Samochody przeznaczone dla s\u0142u\u017cb mundurowych, takich jak: stra\u017c po\u017carna, wojsko i policja.","publisher":{"@id":"https:\/\/www.wiss.com.pl\/#organization"},"potentialAction":[{"@type":"SearchAction","target":{"@type":"EntryPoint","urlTemplate":"https:\/\/www.wiss.com.pl\/?s={search_term_string}"},"query-input":{"@type":"PropertyValueSpecification","valueRequired":true,"valueName":"search_term_string"}}],"inLanguage":"en-US"},{"@type":"Organization","@id":"https:\/\/www.wiss.com.pl\/#organization","name":"WISS Samochody Specjalne","url":"https:\/\/www.wiss.com.pl\/","logo":{"@type":"ImageObject","inLanguage":"en-US","@id":"https:\/\/www.wiss.com.pl\/#\/schema\/logo\/image\/","url":"https:\/\/www.wiss.com.pl\/wp-content\/uploads\/2025\/01\/logo_bezpieczenstwo6-1.jpg","contentUrl":"https:\/\/www.wiss.com.pl\/wp-content\/uploads\/2025\/01\/logo_bezpieczenstwo6-1.jpg","width":1450,"height":407,"caption":"WISS Samochody Specjalne"},"image":{"@id":"https:\/\/www.wiss.com.pl\/#\/schema\/logo\/image\/"},"sameAs":["https:\/\/www.facebook.com\/ISSwawrzaszek\/"]}]}},"_links":{"self":[{"href":"https:\/\/www.wiss.com.pl\/en\/wp-json\/wp\/v2\/pages\/5395","targetHints":{"allow":["GET"]}}],"collection":[{"href":"https:\/\/www.wiss.com.pl\/en\/wp-json\/wp\/v2\/pages"}],"about":[{"href":"https:\/\/www.wiss.com.pl\/en\/wp-json\/wp\/v2\/types\/page"}],"author":[{"embeddable":true,"href":"https:\/\/www.wiss.com.pl\/en\/wp-json\/wp\/v2\/users\/2"}],"replies":[{"embeddable":true,"href":"https:\/\/www.wiss.com.pl\/en\/wp-json\/wp\/v2\/comments?post=5395"}],"version-history":[{"count":4,"href":"https:\/\/www.wiss.com.pl\/en\/wp-json\/wp\/v2\/pages\/5395\/revisions"}],"predecessor-version":[{"id":5399,"href":"https:\/\/www.wiss.com.pl\/en\/wp-json\/wp\/v2\/pages\/5395\/revisions\/5399"}],"wp:attachment":[{"href":"https:\/\/www.wiss.com.pl\/en\/wp-json\/wp\/v2\/media?parent=5395"}],"curies":[{"name":"wp","href":"https:\/\/api.w.org\/{rel}","templated":true}]}}