{"id":5375,"date":"2025-03-27T10:26:21","date_gmt":"2025-03-27T09:26:21","guid":{"rendered":"https:\/\/www.wiss.com.pl\/?page_id=5375"},"modified":"2025-03-27T11:10:09","modified_gmt":"2025-03-27T10:10:09","slug":"jak-rekrutujemy","status":"publish","type":"page","link":"https:\/\/www.wiss.com.pl\/en\/jak-rekrutujemy\/","title":{"rendered":"Jak rekrutujemy?"},"content":{"rendered":"<div data-elementor-type=\"wp-page\" data-elementor-id=\"5375\" class=\"elementor elementor-5375\" data-elementor-post-type=\"page\">\n\t\t\t\t<div class=\"elementor-element elementor-element-0628c67 e-flex e-con-boxed e-con e-parent\" data-id=\"0628c67\" data-element_type=\"container\" data-e-type=\"container\">\n\t\t\t\t\t<div class=\"e-con-inner\">\n\t\t\t\t<div class=\"elementor-element elementor-element-e2b001d elementor-widget elementor-widget-heading\" data-id=\"e2b001d\" data-element_type=\"widget\" data-e-type=\"widget\" data-widget_type=\"heading.default\">\n\t\t\t\t<div class=\"elementor-widget-container\">\n\t\t\t\t\t<h2 class=\"elementor-heading-title elementor-size-default\">JAK REKRUTUJEMY?<\/h2>\t\t\t\t<\/div>\n\t\t\t\t<\/div>\n\t\t\t\t<div class=\"elementor-element elementor-element-737207c elementor-widget-divider--view-line elementor-widget elementor-widget-divider\" data-id=\"737207c\" data-element_type=\"widget\" data-e-type=\"widget\" data-widget_type=\"divider.default\">\n\t\t\t\t<div class=\"elementor-widget-container\">\n\t\t\t\t\t\t\t<div class=\"elementor-divider\">\n\t\t\t<span class=\"elementor-divider-separator\">\n\t\t\t\t\t\t<\/span>\n\t\t<\/div>\n\t\t\t\t\t\t<\/div>\n\t\t\t\t<\/div>\n\t\t\t\t<div class=\"elementor-element elementor-element-91eb502 elementor-position-left elementor-position-left elementor-vertical-align-middle elementor-vertical-align-top elementor-widget elementor-widget-image-box\" data-id=\"91eb502\" data-element_type=\"widget\" data-e-type=\"widget\" data-widget_type=\"image-box.default\">\n\t\t\t\t<div class=\"elementor-widget-container\">\n\t\t\t\t\t<div class=\"elementor-image-box-wrapper\"><figure class=\"elementor-image-box-img\"><img decoding=\"async\" width=\"93\" height=\"93\" src=\"https:\/\/www.wiss.com.pl\/wp-content\/uploads\/2025\/03\/message-1.svg\" class=\"attachment-full size-full wp-image-5378\" alt=\"\" \/><\/figure><div class=\"elementor-image-box-content\"><h3 class=\"elementor-image-box-title\">1. Aplikacja online<\/h3><p class=\"elementor-image-box-description\">Kandydat przesy\u0142a swoje CV, a opcjonalnie tak\u017ce list motywacyjny, za po\u015brednictwem <a href=\"#\" style=\"color:#003C86;font-weight:bold\">formularza rekrutacyjnego<\/a> dost\u0119pnego na stronie kariery firmy lub przez <a href=\"#\" style=\"color:#003C86;font-weight:bold\">portal z og\u0142oszeniami<\/a>.\n\n<\/p><\/div><\/div>\t\t\t\t<\/div>\n\t\t\t\t<\/div>\n\t\t\t\t<div class=\"elementor-element elementor-element-a3ef35b elementor-position-left elementor-position-left elementor-vertical-align-middle elementor-vertical-align-top elementor-widget elementor-widget-image-box\" data-id=\"a3ef35b\" data-element_type=\"widget\" data-e-type=\"widget\" data-widget_type=\"image-box.default\">\n\t\t\t\t<div class=\"elementor-widget-container\">\n\t\t\t\t\t<div class=\"elementor-image-box-wrapper\"><figure class=\"elementor-image-box-img\"><img decoding=\"async\" width=\"92\" height=\"92\" src=\"https:\/\/www.wiss.com.pl\/wp-content\/uploads\/2025\/03\/document-1.svg\" class=\"attachment-full size-full wp-image-5379\" alt=\"\" \/><\/figure><div class=\"elementor-image-box-content\"><h3 class=\"elementor-image-box-title\">2. Wst\u0119pna selekcja CV<\/h3><p class=\"elementor-image-box-description\">Zesp\u00f3\u0142 HR analizuje zg\u0142oszenia i wybiera kandydat\u00f3w spe\u0142niaj\u0105cych wymagania stanowiska.<\/p><\/div><\/div>\t\t\t\t<\/div>\n\t\t\t\t<\/div>\n\t\t\t\t<div class=\"elementor-element elementor-element-ca62934 elementor-position-left elementor-position-left elementor-vertical-align-middle elementor-vertical-align-top elementor-widget elementor-widget-image-box\" data-id=\"ca62934\" data-element_type=\"widget\" data-e-type=\"widget\" data-widget_type=\"image-box.default\">\n\t\t\t\t<div class=\"elementor-widget-container\">\n\t\t\t\t\t<div class=\"elementor-image-box-wrapper\"><figure class=\"elementor-image-box-img\"><img decoding=\"async\" width=\"86\" height=\"86\" src=\"https:\/\/www.wiss.com.pl\/wp-content\/uploads\/2025\/03\/phone-1.png\" class=\"attachment-full size-full wp-image-5380\" alt=\"\" srcset=\"https:\/\/www.wiss.com.pl\/wp-content\/uploads\/2025\/03\/phone-1.png 86w, https:\/\/www.wiss.com.pl\/wp-content\/uploads\/2025\/03\/phone-1-12x12.png 12w\" sizes=\"(max-width: 86px) 100vw, 86px\" \/><\/figure><div class=\"elementor-image-box-content\"><h3 class=\"elementor-image-box-title\">3. Rozmowa telefoniczna \/ online z rekruterem (opcjonalnie)<\/h3><p class=\"elementor-image-box-description\">Kr\u00f3tka (15\u201330 minut) rozmowa wst\u0119pna, podczas kt\u00f3rej omawiane s\u0105 do\u015bwiadczenie, oczekiwania finansowe i dost\u0119pno\u015b\u0107 kandydata. Mo\u017ce zawiera\u0107 kr\u00f3tkie pytania sprawdzaj\u0105ce kompetencje.<\/p><\/div><\/div>\t\t\t\t<\/div>\n\t\t\t\t<\/div>\n\t\t\t\t<div class=\"elementor-element elementor-element-29c31d0 elementor-position-left elementor-position-left elementor-vertical-align-middle elementor-vertical-align-top elementor-widget elementor-widget-image-box\" data-id=\"29c31d0\" data-element_type=\"widget\" data-e-type=\"widget\" data-widget_type=\"image-box.default\">\n\t\t\t\t<div class=\"elementor-widget-container\">\n\t\t\t\t\t<div class=\"elementor-image-box-wrapper\"><figure class=\"elementor-image-box-img\"><img loading=\"lazy\" decoding=\"async\" width=\"90\" height=\"90\" src=\"https:\/\/www.wiss.com.pl\/wp-content\/uploads\/2025\/03\/chat-1.png\" class=\"attachment-full size-full wp-image-5381\" alt=\"\" srcset=\"https:\/\/www.wiss.com.pl\/wp-content\/uploads\/2025\/03\/chat-1.png 90w, https:\/\/www.wiss.com.pl\/wp-content\/uploads\/2025\/03\/chat-1-12x12.png 12w\" sizes=\"(max-width: 90px) 100vw, 90px\" \/><\/figure><div class=\"elementor-image-box-content\"><h3 class=\"elementor-image-box-title\">4. Rozmowa kwalifikacyjna<\/h3><p class=\"elementor-image-box-description\">G\u0142\u00f3wne spotkanie z mened\u017cerem zespo\u0142u (i ewentualnie przysz\u0142ymi wsp\u00f3\u0142pracownikami). Czas trwania: 45\u201390 minut.<\/p><\/div><\/div>\t\t\t\t<\/div>\n\t\t\t\t<\/div>\n\t\t\t\t<div class=\"elementor-element elementor-element-a5cb7f3 elementor-position-left elementor-position-left elementor-vertical-align-middle elementor-vertical-align-top elementor-widget elementor-widget-image-box\" data-id=\"a5cb7f3\" data-element_type=\"widget\" data-e-type=\"widget\" data-widget_type=\"image-box.default\">\n\t\t\t\t<div class=\"elementor-widget-container\">\n\t\t\t\t\t<div class=\"elementor-image-box-wrapper\"><figure class=\"elementor-image-box-img\"><img loading=\"lazy\" decoding=\"async\" width=\"97\" height=\"96\" src=\"https:\/\/www.wiss.com.pl\/wp-content\/uploads\/2025\/03\/idea-1.png\" class=\"attachment-full size-full wp-image-5385\" alt=\"\" srcset=\"https:\/\/www.wiss.com.pl\/wp-content\/uploads\/2025\/03\/idea-1.png 97w, https:\/\/www.wiss.com.pl\/wp-content\/uploads\/2025\/03\/idea-1-12x12.png 12w\" sizes=\"(max-width: 97px) 100vw, 97px\" \/><\/figure><div class=\"elementor-image-box-content\"><h3 class=\"elementor-image-box-title\">5. Assessment Center (opcjonalnie)<\/h3><p class=\"elementor-image-box-description\">W przypadku rekrutacji na stanowiska mened\u017cerskie lub zespo\u0142owe firma mo\u017ce organizowa\u0107 sesj\u0119 z case study, zadaniami grupowymi i symulacjami sytuacji biznesowych.<\/p><\/div><\/div>\t\t\t\t<\/div>\n\t\t\t\t<\/div>\n\t\t\t\t<div class=\"elementor-element elementor-element-d6594da elementor-position-left elementor-position-left elementor-vertical-align-middle elementor-vertical-align-top elementor-widget elementor-widget-image-box\" data-id=\"d6594da\" data-element_type=\"widget\" data-e-type=\"widget\" data-widget_type=\"image-box.default\">\n\t\t\t\t<div class=\"elementor-widget-container\">\n\t\t\t\t\t<div class=\"elementor-image-box-wrapper\"><figure class=\"elementor-image-box-img\"><img loading=\"lazy\" decoding=\"async\" width=\"102\" height=\"102\" src=\"https:\/\/www.wiss.com.pl\/wp-content\/uploads\/2025\/03\/management-1.png\" class=\"attachment-full size-full wp-image-5386\" alt=\"\" srcset=\"https:\/\/www.wiss.com.pl\/wp-content\/uploads\/2025\/03\/management-1.png 102w, https:\/\/www.wiss.com.pl\/wp-content\/uploads\/2025\/03\/management-1-12x12.png 12w, https:\/\/www.wiss.com.pl\/wp-content\/uploads\/2025\/03\/management-1-100x100.png 100w\" sizes=\"(max-width: 102px) 100vw, 102px\" \/><\/figure><div class=\"elementor-image-box-content\"><h3 class=\"elementor-image-box-title\">6. Finalna rozmowa (opcjonalnie)<\/h3><p class=\"elementor-image-box-description\">Dodatkowe spotkanie z dyrektorem dzia\u0142u lub zarz\u0105dem, je\u015bli stanowisko wymaga strategicznych decyzji.<\/p><\/div><\/div>\t\t\t\t<\/div>\n\t\t\t\t<\/div>\n\t\t\t\t<div class=\"elementor-element elementor-element-7f3a54a elementor-position-left elementor-position-left elementor-vertical-align-middle elementor-vertical-align-top elementor-widget elementor-widget-image-box\" data-id=\"7f3a54a\" data-element_type=\"widget\" data-e-type=\"widget\" data-widget_type=\"image-box.default\">\n\t\t\t\t<div class=\"elementor-widget-container\">\n\t\t\t\t\t<div class=\"elementor-image-box-wrapper\"><figure class=\"elementor-image-box-img\"><img loading=\"lazy\" decoding=\"async\" width=\"98\" height=\"98\" src=\"https:\/\/www.wiss.com.pl\/wp-content\/uploads\/2025\/03\/award-1.png\" class=\"attachment-full size-full wp-image-5388\" alt=\"\" srcset=\"https:\/\/www.wiss.com.pl\/wp-content\/uploads\/2025\/03\/award-1.png 98w, https:\/\/www.wiss.com.pl\/wp-content\/uploads\/2025\/03\/award-1-12x12.png 12w\" sizes=\"(max-width: 98px) 100vw, 98px\" \/><\/figure><div class=\"elementor-image-box-content\"><h3 class=\"elementor-image-box-title\">8. Podpisanie umowy i onboarding<\/h3><p class=\"elementor-image-box-description\">Po zaakceptowaniu oferty kandydat podpisuje umow\u0119 i przechodzi proces wdro\u017ceniowy, w tym szkolenia i zapoznanie si\u0119 z zespo\u0142em.<\/p><\/div><\/div>\t\t\t\t<\/div>\n\t\t\t\t<\/div>\n\t\t\t\t\t<\/div>\n\t\t\t\t<\/div>\n\t\t\t\t<\/div>","protected":false},"excerpt":{"rendered":"<p>JAK REKRUTUJEMY? 1. Aplikacja online Kandydat przesy\u0142a swoje CV, a opcjonalnie tak\u017ce list motywacyjny, za po\u015brednictwem formularza rekrutacyjnego dost\u0119pnego na stronie kariery firmy lub przez portal z og\u0142oszeniami. 2. Wst\u0119pna selekcja CV Zesp\u00f3\u0142 HR analizuje zg\u0142oszenia i wybiera kandydat\u00f3w spe\u0142niaj\u0105cych wymagania stanowiska. 3. Rozmowa telefoniczna \/ online z rekruterem (opcjonalnie) Kr\u00f3tka (15\u201330 minut) rozmowa wst\u0119pna, [&hellip;]<\/p>\n","protected":false},"author":2,"featured_media":0,"parent":0,"menu_order":0,"comment_status":"closed","ping_status":"closed","template":"elementor_header_footer","meta":{"_acf_changed":false,"footnotes":""},"class_list":["post-5375","page","type-page","status-publish","hentry"],"acf":[],"yoast_head":"<!-- This site is optimized with the Yoast SEO plugin v27.4 - https:\/\/yoast.com\/product\/yoast-seo-wordpress\/ -->\n<title>Jak rekrutujemy? - WISS<\/title>\n<meta name=\"robots\" content=\"index, follow, max-snippet:-1, max-image-preview:large, max-video-preview:-1\" \/>\n<link rel=\"canonical\" href=\"https:\/\/www.wiss.com.pl\/en\/jak-rekrutujemy\/\" \/>\n<meta property=\"og:locale\" content=\"en_US\" \/>\n<meta property=\"og:type\" content=\"article\" \/>\n<meta property=\"og:title\" content=\"Jak rekrutujemy? - WISS\" \/>\n<meta property=\"og:description\" content=\"JAK REKRUTUJEMY? 1. Aplikacja online Kandydat przesy\u0142a swoje CV, a opcjonalnie tak\u017ce list motywacyjny, za po\u015brednictwem formularza rekrutacyjnego dost\u0119pnego na stronie kariery firmy lub przez portal z og\u0142oszeniami. 2. Wst\u0119pna selekcja CV Zesp\u00f3\u0142 HR analizuje zg\u0142oszenia i wybiera kandydat\u00f3w spe\u0142niaj\u0105cych wymagania stanowiska. 3. Rozmowa telefoniczna \/ online z rekruterem (opcjonalnie) Kr\u00f3tka (15\u201330 minut) rozmowa wst\u0119pna, [&hellip;]\" \/>\n<meta property=\"og:url\" content=\"https:\/\/www.wiss.com.pl\/en\/jak-rekrutujemy\/\" \/>\n<meta property=\"og:site_name\" content=\"WISS\" \/>\n<meta property=\"article:publisher\" content=\"https:\/\/www.facebook.com\/ISSwawrzaszek\/\" \/>\n<meta property=\"article:modified_time\" content=\"2025-03-27T10:10:09+00:00\" \/>\n<meta name=\"twitter:card\" content=\"summary_large_image\" \/>\n<meta name=\"twitter:label1\" content=\"Est. reading time\" \/>\n\t<meta name=\"twitter:data1\" content=\"1 minute\" \/>\n<script type=\"application\/ld+json\" class=\"yoast-schema-graph\">{\"@context\":\"https:\\\/\\\/schema.org\",\"@graph\":[{\"@type\":\"WebPage\",\"@id\":\"https:\\\/\\\/www.wiss.com.pl\\\/jak-rekrutujemy\\\/\",\"url\":\"https:\\\/\\\/www.wiss.com.pl\\\/jak-rekrutujemy\\\/\",\"name\":\"Jak rekrutujemy? - WISS\",\"isPartOf\":{\"@id\":\"https:\\\/\\\/www.wiss.com.pl\\\/#website\"},\"primaryImageOfPage\":{\"@id\":\"https:\\\/\\\/www.wiss.com.pl\\\/jak-rekrutujemy\\\/#primaryimage\"},\"image\":{\"@id\":\"https:\\\/\\\/www.wiss.com.pl\\\/jak-rekrutujemy\\\/#primaryimage\"},\"thumbnailUrl\":\"https:\\\/\\\/www.wiss.com.pl\\\/wp-content\\\/uploads\\\/2025\\\/03\\\/message-1.svg\",\"datePublished\":\"2025-03-27T09:26:21+00:00\",\"dateModified\":\"2025-03-27T10:10:09+00:00\",\"breadcrumb\":{\"@id\":\"https:\\\/\\\/www.wiss.com.pl\\\/jak-rekrutujemy\\\/#breadcrumb\"},\"inLanguage\":\"en-US\",\"potentialAction\":[{\"@type\":\"ReadAction\",\"target\":[\"https:\\\/\\\/www.wiss.com.pl\\\/jak-rekrutujemy\\\/\"]}]},{\"@type\":\"ImageObject\",\"inLanguage\":\"en-US\",\"@id\":\"https:\\\/\\\/www.wiss.com.pl\\\/jak-rekrutujemy\\\/#primaryimage\",\"url\":\"https:\\\/\\\/www.wiss.com.pl\\\/wp-content\\\/uploads\\\/2025\\\/03\\\/message-1.svg\",\"contentUrl\":\"https:\\\/\\\/www.wiss.com.pl\\\/wp-content\\\/uploads\\\/2025\\\/03\\\/message-1.svg\"},{\"@type\":\"BreadcrumbList\",\"@id\":\"https:\\\/\\\/www.wiss.com.pl\\\/jak-rekrutujemy\\\/#breadcrumb\",\"itemListElement\":[{\"@type\":\"ListItem\",\"position\":1,\"name\":\"Strona g\u0142\u00f3wna\",\"item\":\"https:\\\/\\\/www.wiss.com.pl\\\/\"},{\"@type\":\"ListItem\",\"position\":2,\"name\":\"Jak rekrutujemy?\"}]},{\"@type\":\"WebSite\",\"@id\":\"https:\\\/\\\/www.wiss.com.pl\\\/#website\",\"url\":\"https:\\\/\\\/www.wiss.com.pl\\\/\",\"name\":\"WISS Samochody Specjalne\",\"description\":\"Czo\u0142owy producent samochod\u00f3w po\u017carniczych w Polsce i Europie. Samochody przeznaczone dla s\u0142u\u017cb mundurowych, takich jak: stra\u017c po\u017carna, wojsko i policja.\",\"publisher\":{\"@id\":\"https:\\\/\\\/www.wiss.com.pl\\\/#organization\"},\"potentialAction\":[{\"@type\":\"SearchAction\",\"target\":{\"@type\":\"EntryPoint\",\"urlTemplate\":\"https:\\\/\\\/www.wiss.com.pl\\\/?s={search_term_string}\"},\"query-input\":{\"@type\":\"PropertyValueSpecification\",\"valueRequired\":true,\"valueName\":\"search_term_string\"}}],\"inLanguage\":\"en-US\"},{\"@type\":\"Organization\",\"@id\":\"https:\\\/\\\/www.wiss.com.pl\\\/#organization\",\"name\":\"WISS Samochody Specjalne\",\"url\":\"https:\\\/\\\/www.wiss.com.pl\\\/\",\"logo\":{\"@type\":\"ImageObject\",\"inLanguage\":\"en-US\",\"@id\":\"https:\\\/\\\/www.wiss.com.pl\\\/#\\\/schema\\\/logo\\\/image\\\/\",\"url\":\"https:\\\/\\\/www.wiss.com.pl\\\/wp-content\\\/uploads\\\/2025\\\/01\\\/logo_bezpieczenstwo6-1.jpg\",\"contentUrl\":\"https:\\\/\\\/www.wiss.com.pl\\\/wp-content\\\/uploads\\\/2025\\\/01\\\/logo_bezpieczenstwo6-1.jpg\",\"width\":1450,\"height\":407,\"caption\":\"WISS Samochody Specjalne\"},\"image\":{\"@id\":\"https:\\\/\\\/www.wiss.com.pl\\\/#\\\/schema\\\/logo\\\/image\\\/\"},\"sameAs\":[\"https:\\\/\\\/www.facebook.com\\\/ISSwawrzaszek\\\/\"]}]}<\/script>\n<!-- \/ Yoast SEO plugin. -->","yoast_head_json":{"title":"Jak rekrutujemy? - WISS","robots":{"index":"index","follow":"follow","max-snippet":"max-snippet:-1","max-image-preview":"max-image-preview:large","max-video-preview":"max-video-preview:-1"},"canonical":"https:\/\/www.wiss.com.pl\/en\/jak-rekrutujemy\/","og_locale":"en_US","og_type":"article","og_title":"Jak rekrutujemy? - WISS","og_description":"JAK REKRUTUJEMY? 1. Aplikacja online Kandydat przesy\u0142a swoje CV, a opcjonalnie tak\u017ce list motywacyjny, za po\u015brednictwem formularza rekrutacyjnego dost\u0119pnego na stronie kariery firmy lub przez portal z og\u0142oszeniami. 2. Wst\u0119pna selekcja CV Zesp\u00f3\u0142 HR analizuje zg\u0142oszenia i wybiera kandydat\u00f3w spe\u0142niaj\u0105cych wymagania stanowiska. 3. Rozmowa telefoniczna \/ online z rekruterem (opcjonalnie) Kr\u00f3tka (15\u201330 minut) rozmowa wst\u0119pna, [&hellip;]","og_url":"https:\/\/www.wiss.com.pl\/en\/jak-rekrutujemy\/","og_site_name":"WISS","article_publisher":"https:\/\/www.facebook.com\/ISSwawrzaszek\/","article_modified_time":"2025-03-27T10:10:09+00:00","twitter_card":"summary_large_image","twitter_misc":{"Est. reading time":"1 minute"},"schema":{"@context":"https:\/\/schema.org","@graph":[{"@type":"WebPage","@id":"https:\/\/www.wiss.com.pl\/jak-rekrutujemy\/","url":"https:\/\/www.wiss.com.pl\/jak-rekrutujemy\/","name":"Jak rekrutujemy? - WISS","isPartOf":{"@id":"https:\/\/www.wiss.com.pl\/#website"},"primaryImageOfPage":{"@id":"https:\/\/www.wiss.com.pl\/jak-rekrutujemy\/#primaryimage"},"image":{"@id":"https:\/\/www.wiss.com.pl\/jak-rekrutujemy\/#primaryimage"},"thumbnailUrl":"https:\/\/www.wiss.com.pl\/wp-content\/uploads\/2025\/03\/message-1.svg","datePublished":"2025-03-27T09:26:21+00:00","dateModified":"2025-03-27T10:10:09+00:00","breadcrumb":{"@id":"https:\/\/www.wiss.com.pl\/jak-rekrutujemy\/#breadcrumb"},"inLanguage":"en-US","potentialAction":[{"@type":"ReadAction","target":["https:\/\/www.wiss.com.pl\/jak-rekrutujemy\/"]}]},{"@type":"ImageObject","inLanguage":"en-US","@id":"https:\/\/www.wiss.com.pl\/jak-rekrutujemy\/#primaryimage","url":"https:\/\/www.wiss.com.pl\/wp-content\/uploads\/2025\/03\/message-1.svg","contentUrl":"https:\/\/www.wiss.com.pl\/wp-content\/uploads\/2025\/03\/message-1.svg"},{"@type":"BreadcrumbList","@id":"https:\/\/www.wiss.com.pl\/jak-rekrutujemy\/#breadcrumb","itemListElement":[{"@type":"ListItem","position":1,"name":"Strona g\u0142\u00f3wna","item":"https:\/\/www.wiss.com.pl\/"},{"@type":"ListItem","position":2,"name":"Jak rekrutujemy?"}]},{"@type":"WebSite","@id":"https:\/\/www.wiss.com.pl\/#website","url":"https:\/\/www.wiss.com.pl\/","name":"WISS Samochody Specjalne","description":"Czo\u0142owy producent samochod\u00f3w po\u017carniczych w Polsce i Europie. Samochody przeznaczone dla s\u0142u\u017cb mundurowych, takich jak: stra\u017c po\u017carna, wojsko i policja.","publisher":{"@id":"https:\/\/www.wiss.com.pl\/#organization"},"potentialAction":[{"@type":"SearchAction","target":{"@type":"EntryPoint","urlTemplate":"https:\/\/www.wiss.com.pl\/?s={search_term_string}"},"query-input":{"@type":"PropertyValueSpecification","valueRequired":true,"valueName":"search_term_string"}}],"inLanguage":"en-US"},{"@type":"Organization","@id":"https:\/\/www.wiss.com.pl\/#organization","name":"WISS Samochody Specjalne","url":"https:\/\/www.wiss.com.pl\/","logo":{"@type":"ImageObject","inLanguage":"en-US","@id":"https:\/\/www.wiss.com.pl\/#\/schema\/logo\/image\/","url":"https:\/\/www.wiss.com.pl\/wp-content\/uploads\/2025\/01\/logo_bezpieczenstwo6-1.jpg","contentUrl":"https:\/\/www.wiss.com.pl\/wp-content\/uploads\/2025\/01\/logo_bezpieczenstwo6-1.jpg","width":1450,"height":407,"caption":"WISS Samochody Specjalne"},"image":{"@id":"https:\/\/www.wiss.com.pl\/#\/schema\/logo\/image\/"},"sameAs":["https:\/\/www.facebook.com\/ISSwawrzaszek\/"]}]}},"_links":{"self":[{"href":"https:\/\/www.wiss.com.pl\/en\/wp-json\/wp\/v2\/pages\/5375","targetHints":{"allow":["GET"]}}],"collection":[{"href":"https:\/\/www.wiss.com.pl\/en\/wp-json\/wp\/v2\/pages"}],"about":[{"href":"https:\/\/www.wiss.com.pl\/en\/wp-json\/wp\/v2\/types\/page"}],"author":[{"embeddable":true,"href":"https:\/\/www.wiss.com.pl\/en\/wp-json\/wp\/v2\/users\/2"}],"replies":[{"embeddable":true,"href":"https:\/\/www.wiss.com.pl\/en\/wp-json\/wp\/v2\/comments?post=5375"}],"version-history":[{"count":7,"href":"https:\/\/www.wiss.com.pl\/en\/wp-json\/wp\/v2\/pages\/5375\/revisions"}],"predecessor-version":[{"id":5391,"href":"https:\/\/www.wiss.com.pl\/en\/wp-json\/wp\/v2\/pages\/5375\/revisions\/5391"}],"wp:attachment":[{"href":"https:\/\/www.wiss.com.pl\/en\/wp-json\/wp\/v2\/media?parent=5375"}],"curies":[{"name":"wp","href":"https:\/\/api.w.org\/{rel}","templated":true}]}}