{"id":4956,"date":"2025-03-11T15:30:49","date_gmt":"2025-03-11T14:30:49","guid":{"rendered":"https:\/\/www.wiss.com.pl\/?page_id=4956"},"modified":"2025-03-11T15:35:49","modified_gmt":"2025-03-11T14:35:49","slug":"walne-zgromadzenia","status":"publish","type":"page","link":"https:\/\/www.wiss.com.pl\/en\/walne-zgromadzenia\/","title":{"rendered":"Walne Zgromadzenia"},"content":{"rendered":"<div data-elementor-type=\"wp-page\" data-elementor-id=\"4956\" class=\"elementor elementor-4956\" data-elementor-post-type=\"page\">\n\t\t\t\t<div class=\"elementor-element elementor-element-a7d6361 e-flex e-con-boxed elementor-invisible e-con e-parent\" data-id=\"a7d6361\" data-element_type=\"container\" data-settings=\"{&quot;animation&quot;:&quot;fadeIn&quot;}\">\n\t\t\t\t\t<div class=\"e-con-inner\">\n\t\t\t\t<div class=\"elementor-element elementor-element-167112b elementor-widget elementor-widget-heading\" data-id=\"167112b\" data-element_type=\"widget\" data-widget_type=\"heading.default\">\n\t\t\t\t<div class=\"elementor-widget-container\">\n\t\t\t\t\t<h2 class=\"elementor-heading-title elementor-size-default\">Walne zgromadzenia<\/h2>\t\t\t\t<\/div>\n\t\t\t\t<\/div>\n\t\t\t\t<div class=\"elementor-element elementor-element-1755734 elementor-widget-divider--view-line elementor-widget elementor-widget-divider\" data-id=\"1755734\" data-element_type=\"widget\" data-widget_type=\"divider.default\">\n\t\t\t\t<div class=\"elementor-widget-container\">\n\t\t\t\t\t\t\t<div class=\"elementor-divider\">\n\t\t\t<span class=\"elementor-divider-separator\">\n\t\t\t\t\t\t<\/span>\n\t\t<\/div>\n\t\t\t\t\t\t<\/div>\n\t\t\t\t<\/div>\n\t\t\t\t<div class=\"elementor-element elementor-element-78a99af elementor-icon-list--layout-traditional elementor-list-item-link-full_width elementor-widget elementor-widget-icon-list\" data-id=\"78a99af\" data-element_type=\"widget\" data-widget_type=\"icon-list.default\">\n\t\t\t\t<div class=\"elementor-widget-container\">\n\t\t\t\t\t\t\t<ul class=\"elementor-icon-list-items\">\n\t\t\t\t\t\t\t<li class=\"elementor-icon-list-item\">\n\t\t\t\t\t\t\t\t\t\t\t<a href=\"https:\/\/www.bumar.pl\/files\/_cert\/MSiGi.pdf\">\n\n\t\t\t\t\t\t\t\t\t\t\t<span class=\"elementor-icon-list-text\">1. Walne zgromadzenie w dniu 28.05.2020r. og\u0142oszone Monitor S\u0105dowy i Gospodarczy 28 kwietnia 2020 Nr 82, Poz. 19624<\/span>\n\t\t\t\t\t\t\t\t\t\t\t<\/a>\n\t\t\t\t\t\t\t\t\t<\/li>\n\t\t\t\t\t\t\t\t<li class=\"elementor-icon-list-item\">\n\t\t\t\t\t\t\t\t\t\t\t<a href=\"https:\/\/www.bumar.pl\/files\/_cert\/bumar_w.pdf\">\n\n\t\t\t\t\t\t\t\t\t\t\t<span class=\"elementor-icon-list-text\">2. Walne zgromadzenie w dniu 22.09.2020r. og\u0142oszone Monitor S\u0105dowy i Gospodarczy 27 sierpnia 2020 Nr 167, Poz. 42938<\/span>\n\t\t\t\t\t\t\t\t\t\t\t<\/a>\n\t\t\t\t\t\t\t\t\t<\/li>\n\t\t\t\t\t\t\t\t<li class=\"elementor-icon-list-item\">\n\t\t\t\t\t\t\t\t\t\t<span class=\"elementor-icon-list-text\">3. Walne zgromadzenie w dniu 05.05.2021r. og\u0142oszone Monitor S\u0105dowy i Gospodarczy 12 kwietnia 2021 Nr 60, Poz. 23341<\/span>\n\t\t\t\t\t\t\t\t\t<\/li>\n\t\t\t\t\t\t\t\t<li class=\"elementor-icon-list-item\">\n\t\t\t\t\t\t\t\t\t\t<span class=\"elementor-icon-list-text\">4. Walne zgromadzenie w dniu 12.07.2021r. og\u0142oszone Monitor S\u0105dowy i Gospodarczy 18 czerwca 2021r. Nr 116\/2021, Poz. 39217<\/span>\n\t\t\t\t\t\t\t\t\t<\/li>\n\t\t\t\t\t\t\t\t<li class=\"elementor-icon-list-item\">\n\t\t\t\t\t\t\t\t\t\t<span class=\"elementor-icon-list-text\">5. Walne zgromadzenie w dniu 02.05.2022r. og\u0142oszone Monitor S\u0105dowy i Gospodarczy 1 kwietnia 2022r., Nr 64\/2022, Poz. 17806<\/span>\n\t\t\t\t\t\t\t\t\t<\/li>\n\t\t\t\t\t\t\t\t<li class=\"elementor-icon-list-item\">\n\t\t\t\t\t\t\t\t\t\t<span class=\"elementor-icon-list-text\">6. Walne zgromadzenie w dniu 23.09.2022r. og\u0142oszone Monitor S\u0105dowy i Gospodarczy nr 166\/2022 z dnia 29 sierpnia 2022 roku,\u00a0 pozycja\u00a0 44790.<\/span>\n\t\t\t\t\t\t\t\t\t<\/li>\n\t\t\t\t\t\t\t\t<li class=\"elementor-icon-list-item\">\n\t\t\t\t\t\t\t\t\t\t<span class=\"elementor-icon-list-text\">7. Walne zgromadzenie w dniu 30.12.2022r. zwo\u0142ane za pomoc\u0105 list\u00f3w poleconych wys\u0142anych 15 grudnia 2022 roku.<\/span>\n\t\t\t\t\t\t\t\t\t<\/li>\n\t\t\t\t\t\t\t\t<li class=\"elementor-icon-list-item\">\n\t\t\t\t\t\t\t\t\t\t<span class=\"elementor-icon-list-text\">8. Walne zgromadzenie w dniu 14.04.2023r. og\u0142oszone Monitor S\u0105dowy i Gospodarczy nr 54\/2023 z dnia 17 wrze\u015bnia 2023 roku,\u00a0 pozycja\u00a0 13663.<\/span>\n\t\t\t\t\t\t\t\t\t<\/li>\n\t\t\t\t\t\t\t\t<li class=\"elementor-icon-list-item\">\n\t\t\t\t\t\t\t\t\t\t<span class=\"elementor-icon-list-text\">9. Walne zgromadzenie w dniu\u00a009.06.2023r. og\u0142oszone Monitor S\u0105dowy i Gospodarczy nr\u00a093\/2023 z dnia 16 maja 2023 roku,\u00a0 pozycja\u00a0 23952.<\/span>\n\t\t\t\t\t\t\t\t\t<\/li>\n\t\t\t\t\t\t\t\t<li class=\"elementor-icon-list-item\">\n\t\t\t\t\t\t\t\t\t\t<span class=\"elementor-icon-list-text\">10. Walne zgromadzenie w dniu 01.02.2024 r. zwo\u0142ane za pomoc\u0105 list\u00f3w poleconych wys\u0142anych 17 stycznia 2024 roku<\/span>\n\t\t\t\t\t\t\t\t\t<\/li>\n\t\t\t\t\t\t\t\t<li class=\"elementor-icon-list-item\">\n\t\t\t\t\t\t\t\t\t\t<span class=\"elementor-icon-list-text\">11.\u00a0Walne zgromadzenie w dniu 24.04.2024 r. og\u0142oszone Monitor S\u0105dowy i Gospodarczy nr 65\/2024 z dnia 2 kwietnia 2024 r., pozycja 15864.<\/span>\n\t\t\t\t\t\t\t\t\t<\/li>\n\t\t\t\t\t\t\t\t<li class=\"elementor-icon-list-item\">\n\t\t\t\t\t\t\t\t\t\t<span class=\"elementor-icon-list-text\">12.\u00a0Walne zgromadzenie w dniu 27.06.2024 r. zwo\u0142ane za pomoc\u0105 list\u00f3w poleconych wys\u0142anych 12 czerwca 2024 roku<\/span>\n\t\t\t\t\t\t\t\t\t<\/li>\n\t\t\t\t\t\t<\/ul>\n\t\t\t\t\t\t<\/div>\n\t\t\t\t<\/div>\n\t\t\t\t\t<\/div>\n\t\t\t\t<\/div>\n\t\t\t\t<\/div>","protected":false},"excerpt":{"rendered":"<p>Walne zgromadzenia 1. Walne zgromadzenie w dniu 28.05.2020r. og\u0142oszone Monitor S\u0105dowy i Gospodarczy 28 kwietnia 2020 Nr 82, Poz. 19624 2. Walne zgromadzenie w dniu 22.09.2020r. og\u0142oszone Monitor S\u0105dowy i Gospodarczy 27 sierpnia 2020 Nr 167, Poz. 42938 3. Walne zgromadzenie w dniu 05.05.2021r. og\u0142oszone Monitor S\u0105dowy i Gospodarczy 12 kwietnia 2021 Nr 60, Poz. [&hellip;]<\/p>","protected":false},"author":2,"featured_media":0,"parent":0,"menu_order":0,"comment_status":"closed","ping_status":"closed","template":"elementor_header_footer","meta":{"_acf_changed":false,"footnotes":""},"class_list":["post-4956","page","type-page","status-publish","hentry"],"acf":[],"_links":{"self":[{"href":"https:\/\/www.wiss.com.pl\/en\/wp-json\/wp\/v2\/pages\/4956","targetHints":{"allow":["GET"]}}],"collection":[{"href":"https:\/\/www.wiss.com.pl\/en\/wp-json\/wp\/v2\/pages"}],"about":[{"href":"https:\/\/www.wiss.com.pl\/en\/wp-json\/wp\/v2\/types\/page"}],"author":[{"embeddable":true,"href":"https:\/\/www.wiss.com.pl\/en\/wp-json\/wp\/v2\/users\/2"}],"replies":[{"embeddable":true,"href":"https:\/\/www.wiss.com.pl\/en\/wp-json\/wp\/v2\/comments?post=4956"}],"version-history":[{"count":4,"href":"https:\/\/www.wiss.com.pl\/en\/wp-json\/wp\/v2\/pages\/4956\/revisions"}],"predecessor-version":[{"id":4964,"href":"https:\/\/www.wiss.com.pl\/en\/wp-json\/wp\/v2\/pages\/4956\/revisions\/4964"}],"wp:attachment":[{"href":"https:\/\/www.wiss.com.pl\/en\/wp-json\/wp\/v2\/media?parent=4956"}],"curies":[{"name":"wp","href":"https:\/\/api.w.org\/{rel}","templated":true}]}}