{"id":4933,"date":"2025-03-11T15:16:59","date_gmt":"2025-03-11T14:16:59","guid":{"rendered":"https:\/\/www.wiss.com.pl\/?page_id=4933"},"modified":"2025-03-11T15:26:12","modified_gmt":"2025-03-11T14:26:12","slug":"dematerializacja","status":"publish","type":"page","link":"https:\/\/www.wiss.com.pl\/en\/dematerializacja\/","title":{"rendered":"Dematerializacja"},"content":{"rendered":"<div data-elementor-type=\"wp-page\" data-elementor-id=\"4933\" class=\"elementor elementor-4933\" data-elementor-post-type=\"page\">\n\t\t\t\t<div class=\"elementor-element elementor-element-0eb2e3a e-flex e-con-boxed elementor-invisible e-con e-parent\" data-id=\"0eb2e3a\" data-element_type=\"container\" data-settings=\"{&quot;animation&quot;:&quot;fadeIn&quot;}\">\n\t\t\t\t\t<div class=\"e-con-inner\">\n\t\t\t\t<div class=\"elementor-element elementor-element-1d4b12b elementor-widget elementor-widget-heading\" data-id=\"1d4b12b\" data-element_type=\"widget\" data-widget_type=\"heading.default\">\n\t\t\t\t<div class=\"elementor-widget-container\">\n\t\t\t\t\t<h2 class=\"elementor-heading-title elementor-size-default\">dematerializacja<\/h2>\t\t\t\t<\/div>\n\t\t\t\t<\/div>\n\t\t\t\t<div class=\"elementor-element elementor-element-5d702a9 elementor-widget-divider--view-line elementor-widget elementor-widget-divider\" data-id=\"5d702a9\" data-element_type=\"widget\" data-widget_type=\"divider.default\">\n\t\t\t\t<div class=\"elementor-widget-container\">\n\t\t\t\t\t\t\t<div class=\"elementor-divider\">\n\t\t\t<span class=\"elementor-divider-separator\">\n\t\t\t\t\t\t<\/span>\n\t\t<\/div>\n\t\t\t\t\t\t<\/div>\n\t\t\t\t<\/div>\n\t\t\t\t<div class=\"elementor-element elementor-element-741eb4f elementor-icon-list--layout-traditional elementor-list-item-link-full_width elementor-widget elementor-widget-icon-list\" data-id=\"741eb4f\" data-element_type=\"widget\" data-widget_type=\"icon-list.default\">\n\t\t\t\t<div class=\"elementor-widget-container\">\n\t\t\t\t\t\t\t<ul class=\"elementor-icon-list-items\">\n\t\t\t\t\t\t\t<li class=\"elementor-icon-list-item\">\n\t\t\t\t\t\t\t\t\t\t\t<a href=\"https:\/\/www.bumar.pl\/files\/_cert\/MSiG-ogloszenie-1.pdf\">\n\n\t\t\t\t\t\t\t\t\t\t\t<span class=\"elementor-icon-list-text\">1. Dematerializacja akcji wezwanie opublikowane w Monitorze S\u0105dowymi i Gospodarczym nr 169 z dnia 31 sierpnia 2020, poz. 43577<\/span>\n\t\t\t\t\t\t\t\t\t\t\t<\/a>\n\t\t\t\t\t\t\t\t\t<\/li>\n\t\t\t\t\t\t\t\t<li class=\"elementor-icon-list-item\">\n\t\t\t\t\t\t\t\t\t\t\t<a href=\"https:\/\/www.bumar.pl\/files\/_cert\/ogloszenie2.pdf\">\n\n\t\t\t\t\t\t\t\t\t\t\t<span class=\"elementor-icon-list-text\">2. Dematerializacja akcji wezwanie opublikowane w Monitorze S\u0105dowym i Gospodarczym nr 184 z dnia 21 wrze\u015bnia 2020 roku, poz. 48071 <\/span>\n\t\t\t\t\t\t\t\t\t\t\t<\/a>\n\t\t\t\t\t\t\t\t\t<\/li>\n\t\t\t\t\t\t\t\t<li class=\"elementor-icon-list-item\">\n\t\t\t\t\t\t\t\t\t\t\t<a href=\"https:\/\/www.bumar.pl\/files\/_cert\/3.pdf\">\n\n\t\t\t\t\t\t\t\t\t\t\t<span class=\"elementor-icon-list-text\">3. Dematerializacja akcji wezwanie opublikowane w Monitorze S\u0105dowym i Gospodarczym nr 199 z dnia 12 pa\u017adziernika 2020 roku, poz. 53589 <\/span>\n\t\t\t\t\t\t\t\t\t\t\t<\/a>\n\t\t\t\t\t\t\t\t\t<\/li>\n\t\t\t\t\t\t\t\t<li class=\"elementor-icon-list-item\">\n\t\t\t\t\t\t\t\t\t\t\t<a href=\"https:\/\/www.bumar.pl\/files\/_cert\/4.pdf\">\n\n\t\t\t\t\t\t\t\t\t\t\t<span class=\"elementor-icon-list-text\">4. Dematerializacja akcji wezwanie opublikowane w Monitorze S\u0105dowym i Gospodarczym nr 214 z dnia 2 listopada 2020 roku, poz. 59476 \u00a0 \u00a0 <\/span>\n\t\t\t\t\t\t\t\t\t\t\t<\/a>\n\t\t\t\t\t\t\t\t\t<\/li>\n\t\t\t\t\t\t\t\t<li class=\"elementor-icon-list-item\">\n\t\t\t\t\t\t\t\t\t\t\t<a href=\"https:\/\/www.bumar.pl\/files\/_cert\/5.pdf\">\n\n\t\t\t\t\t\t\t\t\t\t\t<span class=\"elementor-icon-list-text\">5. Dematerializacja akcji wezwanie opublikowane w Monitorze S\u0105dowym i Gospodarczym nr 228 z dnia 23 listopada 2020 roku, poz. 64966<\/span>\n\t\t\t\t\t\t\t\t\t\t\t<\/a>\n\t\t\t\t\t\t\t\t\t<\/li>\n\t\t\t\t\t\t<\/ul>\n\t\t\t\t\t\t<\/div>\n\t\t\t\t<\/div>\n\t\t\t\t\t<\/div>\n\t\t\t\t<\/div>\n\t\t\t\t<\/div>","protected":false},"excerpt":{"rendered":"<p>dematerializacja 1. Dematerializacja akcji wezwanie opublikowane w Monitorze S\u0105dowymi i Gospodarczym nr 169 z dnia 31 sierpnia 2020, poz. 43577 2. Dematerializacja akcji wezwanie opublikowane w Monitorze S\u0105dowym i Gospodarczym nr 184 z dnia 21 wrze\u015bnia 2020 roku, poz. 48071 3. Dematerializacja akcji wezwanie opublikowane w Monitorze S\u0105dowym i Gospodarczym nr 199 z dnia 12 [&hellip;]<\/p>","protected":false},"author":2,"featured_media":0,"parent":0,"menu_order":0,"comment_status":"closed","ping_status":"closed","template":"elementor_header_footer","meta":{"_acf_changed":false,"footnotes":""},"class_list":["post-4933","page","type-page","status-publish","hentry"],"acf":[],"_links":{"self":[{"href":"https:\/\/www.wiss.com.pl\/en\/wp-json\/wp\/v2\/pages\/4933","targetHints":{"allow":["GET"]}}],"collection":[{"href":"https:\/\/www.wiss.com.pl\/en\/wp-json\/wp\/v2\/pages"}],"about":[{"href":"https:\/\/www.wiss.com.pl\/en\/wp-json\/wp\/v2\/types\/page"}],"author":[{"embeddable":true,"href":"https:\/\/www.wiss.com.pl\/en\/wp-json\/wp\/v2\/users\/2"}],"replies":[{"embeddable":true,"href":"https:\/\/www.wiss.com.pl\/en\/wp-json\/wp\/v2\/comments?post=4933"}],"version-history":[{"count":10,"href":"https:\/\/www.wiss.com.pl\/en\/wp-json\/wp\/v2\/pages\/4933\/revisions"}],"predecessor-version":[{"id":4947,"href":"https:\/\/www.wiss.com.pl\/en\/wp-json\/wp\/v2\/pages\/4933\/revisions\/4947"}],"wp:attachment":[{"href":"https:\/\/www.wiss.com.pl\/en\/wp-json\/wp\/v2\/media?parent=4933"}],"curies":[{"name":"wp","href":"https:\/\/api.w.org\/{rel}","templated":true}]}}