{"id":4925,"date":"2025-03-11T15:13:18","date_gmt":"2025-03-11T14:13:18","guid":{"rendered":"https:\/\/www.wiss.com.pl\/?page_id=4925"},"modified":"2025-03-11T15:14:50","modified_gmt":"2025-03-11T14:14:50","slug":"kapital-zakladowy","status":"publish","type":"page","link":"https:\/\/www.wiss.com.pl\/en\/kapital-zakladowy\/","title":{"rendered":"Kapita\u0142 zak\u0142adowy"},"content":{"rendered":"<div data-elementor-type=\"wp-page\" data-elementor-id=\"4925\" class=\"elementor elementor-4925\" data-elementor-post-type=\"page\">\n\t\t\t\t<div class=\"elementor-element elementor-element-b456ab9 e-flex e-con-boxed elementor-invisible e-con e-parent\" data-id=\"b456ab9\" data-element_type=\"container\" data-settings=\"{&quot;animation&quot;:&quot;fadeIn&quot;}\">\n\t\t\t\t\t<div class=\"e-con-inner\">\n\t\t\t\t<div class=\"elementor-element elementor-element-befaeb4 elementor-widget elementor-widget-heading\" data-id=\"befaeb4\" data-element_type=\"widget\" data-widget_type=\"heading.default\">\n\t\t\t\t<div class=\"elementor-widget-container\">\n\t\t\t\t\t<h2 class=\"elementor-heading-title elementor-size-default\">Kapita\u0142 zak\u0142adowy<\/h2>\t\t\t\t<\/div>\n\t\t\t\t<\/div>\n\t\t\t\t<div class=\"elementor-element elementor-element-3389fe7 elementor-widget-divider--view-line elementor-widget elementor-widget-divider\" data-id=\"3389fe7\" data-element_type=\"widget\" data-widget_type=\"divider.default\">\n\t\t\t\t<div class=\"elementor-widget-container\">\n\t\t\t\t\t\t\t<div class=\"elementor-divider\">\n\t\t\t<span class=\"elementor-divider-separator\">\n\t\t\t\t\t\t<\/span>\n\t\t<\/div>\n\t\t\t\t\t\t<\/div>\n\t\t\t\t<\/div>\n\t\t\t\t<div class=\"elementor-element elementor-element-c7adc7d elementor-widget elementor-widget-text-editor\" data-id=\"c7adc7d\" data-element_type=\"widget\" data-widget_type=\"text-editor.default\">\n\t\t\t\t<div class=\"elementor-widget-container\">\n\t\t\t\t\t\t\t\t\t<p>Kapita\u0142 zak\u0142adowy:\u00a022.544.000 z\u0142<br \/>Kapita\u0142 wp\u0142acony: 22.544.000 z\u0142<\/p>\t\t\t\t\t\t\t\t<\/div>\n\t\t\t\t<\/div>\n\t\t\t\t\t<\/div>\n\t\t\t\t<\/div>\n\t\t\t\t<\/div>","protected":false},"excerpt":{"rendered":"<p>Kapita\u0142 zak\u0142adowy Kapita\u0142 zak\u0142adowy:\u00a022.544.000 z\u0142Kapita\u0142 wp\u0142acony: 22.544.000 z\u0142<\/p>","protected":false},"author":2,"featured_media":0,"parent":0,"menu_order":0,"comment_status":"closed","ping_status":"closed","template":"elementor_header_footer","meta":{"_acf_changed":false,"footnotes":""},"class_list":["post-4925","page","type-page","status-publish","hentry"],"acf":[],"_links":{"self":[{"href":"https:\/\/www.wiss.com.pl\/en\/wp-json\/wp\/v2\/pages\/4925","targetHints":{"allow":["GET"]}}],"collection":[{"href":"https:\/\/www.wiss.com.pl\/en\/wp-json\/wp\/v2\/pages"}],"about":[{"href":"https:\/\/www.wiss.com.pl\/en\/wp-json\/wp\/v2\/types\/page"}],"author":[{"embeddable":true,"href":"https:\/\/www.wiss.com.pl\/en\/wp-json\/wp\/v2\/users\/2"}],"replies":[{"embeddable":true,"href":"https:\/\/www.wiss.com.pl\/en\/wp-json\/wp\/v2\/comments?post=4925"}],"version-history":[{"count":4,"href":"https:\/\/www.wiss.com.pl\/en\/wp-json\/wp\/v2\/pages\/4925\/revisions"}],"predecessor-version":[{"id":4929,"href":"https:\/\/www.wiss.com.pl\/en\/wp-json\/wp\/v2\/pages\/4925\/revisions\/4929"}],"wp:attachment":[{"href":"https:\/\/www.wiss.com.pl\/en\/wp-json\/wp\/v2\/media?parent=4925"}],"curies":[{"name":"wp","href":"https:\/\/api.w.org\/{rel}","templated":true}]}}