{"id":2909,"date":"2021-11-23T19:50:18","date_gmt":"2021-11-23T18:50:18","guid":{"rendered":"https:\/\/www.wiss.com.pl\/_www_wiss_polska\/stronanowa\/?page_id=2909"},"modified":"2025-10-16T14:46:09","modified_gmt":"2025-10-16T12:46:09","slug":"grupa-wiss","status":"publish","type":"page","link":"https:\/\/www.wiss.com.pl\/en\/grupa-wiss\/","title":{"rendered":"WISS GROUP"},"content":{"rendered":"<div data-elementor-type=\"wp-page\" data-elementor-id=\"2909\" class=\"elementor elementor-2909\" data-elementor-post-type=\"page\">\n\t\t\t\t<div class=\"elementor-element elementor-element-ae81702 e-flex e-con-boxed e-con e-parent\" data-id=\"ae81702\" data-element_type=\"container\">\n\t\t\t\t\t<div class=\"e-con-inner\">\n\t\t\t\t<div class=\"elementor-element elementor-element-8898646 elementor-widget elementor-widget-text-editor\" data-id=\"8898646\" data-element_type=\"widget\" data-widget_type=\"text-editor.default\">\n\t\t\t\t<div class=\"elementor-widget-container\">\n\t\t\t\t\t\t\t\t\t<p><span style=\"color: #003c86;\"><strong>GROUP WISS<\/strong><\/span>\u00a0is an international and dynamically developing Group of manufacturing companies, equipped with products of uniformed services vehicles, including fire brigade and police and fire equipment. To the executive groups, which may appear in Poland (Bielsko-Bia\u0142a Koszalin), Czech Republic, Germany and Sweden. We invite you to familiarize yourself with the detailed Wiss groups.<\/p>\t\t\t\t\t\t\t\t<\/div>\n\t\t\t\t<\/div>\n\t\t\t\t\t<\/div>\n\t\t\t\t<\/div>\n\t\t<div class=\"elementor-element elementor-element-63be9e95 e-flex e-con-boxed elementor-invisible e-con e-parent\" data-id=\"63be9e95\" data-element_type=\"container\" data-settings=\"{&quot;animation&quot;:&quot;fadeIn&quot;}\">\n\t\t\t\t\t<div class=\"e-con-inner\">\n\t\t\t\t<div class=\"elementor-element elementor-element-cec48eb elementor-widget elementor-widget-heading\" data-id=\"cec48eb\" data-element_type=\"widget\" data-widget_type=\"heading.default\">\n\t\t\t\t<div class=\"elementor-widget-container\">\n\t\t\t\t\t<h2 class=\"elementor-heading-title elementor-size-default\">GROUP WISS<\/h2>\t\t\t\t<\/div>\n\t\t\t\t<\/div>\n\t\t\t\t<div class=\"elementor-element elementor-element-35fdc759 elementor-widget-divider--view-line elementor-widget elementor-widget-divider\" data-id=\"35fdc759\" data-element_type=\"widget\" data-widget_type=\"divider.default\">\n\t\t\t\t<div class=\"elementor-widget-container\">\n\t\t\t\t\t\t\t<div class=\"elementor-divider\">\n\t\t\t<span class=\"elementor-divider-separator\">\n\t\t\t\t\t\t<\/span>\n\t\t<\/div>\n\t\t\t\t\t\t<\/div>\n\t\t\t\t<\/div>\n\t\t<div class=\"elementor-element elementor-element-644958d1 e-con-full animated-slow e-flex elementor-invisible e-con e-child\" data-id=\"644958d1\" data-element_type=\"container\" data-settings=\"{&quot;animation&quot;:&quot;fadeIn&quot;}\">\n\t\t<div class=\"elementor-element elementor-element-a818fd6 e-con-full e-flex e-con e-child\" data-id=\"a818fd6\" data-element_type=\"container\">\n\t\t\t\t<div class=\"elementor-element elementor-element-35f1bd6 elementor-invisible elementor-widget elementor-widget-text-editor\" data-id=\"35f1bd6\" data-element_type=\"widget\" data-settings=\"{&quot;_animation&quot;:&quot;fadeInLeft&quot;}\" data-widget_type=\"text-editor.default\">\n\t\t\t\t<div class=\"elementor-widget-container\">\n\t\t\t\t\t\t\t\t\t<p><b>WISS Samochody Specjalne<\/b>\u00a0\u2013 is a well-known Polish manufacturer of firefighting vehicles and equipment. Thanks to pioneering solutions and constant development it has become one of the leaders on the international market. The company was founded in 1988 and employs more than 1,000 skilled workers. From the very beginning it has been associated with emergency vehicles, offering an ever-expanding range of innovative products.<\/p>\t\t\t\t\t\t\t\t<\/div>\n\t\t\t\t<\/div>\n\t\t\t\t<\/div>\n\t\t<a class=\"elementor-element elementor-element-52d8010 e-con-full e-flex e-con e-child\" data-id=\"52d8010\" data-element_type=\"container\" data-settings=\"{&quot;background_background&quot;:&quot;classic&quot;}\" href=\"https:\/\/www.wiss.com.pl\/en\/\">\n\t\t\t\t<div class=\"elementor-element elementor-element-c5fca64 elementor-invisible elementor-widget elementor-widget-heading\" data-id=\"c5fca64\" data-element_type=\"widget\" data-settings=\"{&quot;_animation&quot;:&quot;fadeInLeft&quot;}\" data-widget_type=\"heading.default\">\n\t\t\t\t<div class=\"elementor-widget-container\">\n\t\t\t\t\t<h2 class=\"elementor-heading-title elementor-size-default\">poland<\/h2>\t\t\t\t<\/div>\n\t\t\t\t<\/div>\n\t\t\t\t<\/a>\n\t\t<a class=\"elementor-element elementor-element-97ea4db e-con-full e-flex e-con e-child\" data-id=\"97ea4db\" data-element_type=\"container\" data-settings=\"{&quot;background_background&quot;:&quot;classic&quot;}\" href=\"https:\/\/wiss-feuerwehrfahrzeuge.de\/\">\n\t\t\t\t<div class=\"elementor-element elementor-element-92bab48 elementor-invisible elementor-widget elementor-widget-heading\" data-id=\"92bab48\" data-element_type=\"widget\" data-settings=\"{&quot;_animation&quot;:&quot;fadeInLeft&quot;}\" data-widget_type=\"heading.default\">\n\t\t\t\t<div class=\"elementor-widget-container\">\n\t\t\t\t\t<h2 class=\"elementor-heading-title elementor-size-default\">germany<\/h2>\t\t\t\t<\/div>\n\t\t\t\t<\/div>\n\t\t\t\t<\/a>\n\t\t<div class=\"elementor-element elementor-element-80d014e e-con-full e-flex e-con e-child\" data-id=\"80d014e\" data-element_type=\"container\">\n\t\t\t\t<div class=\"elementor-element elementor-element-ff1fe4c elementor-invisible elementor-widget elementor-widget-text-editor\" data-id=\"ff1fe4c\" data-element_type=\"widget\" data-settings=\"{&quot;_animation&quot;:&quot;fadeInRight&quot;}\" data-widget_type=\"text-editor.default\">\n\t\t\t\t<div class=\"elementor-widget-container\">\n\t\t\t\t\t\t\t\t\t<p>Company\u00a0<b>WISS Feuerwehrfahrzeuge<\/b>\u00a0was founded in 1987. From the very beginning it has repaired fire engines. As time went by the company started to manufacture firefighting and rescue vehicles. At present, WISS Feuerwehrfahrzeuge is a well-known German manufacturer of special vehicles and since 2015 it has become a part of WISS Group.\n\nWISS Czech, is a subsidiary company in the Czech Republic offering all types of firefighting vehicles and their service.<\/p>\t\t\t\t\t\t\t\t<\/div>\n\t\t\t\t<\/div>\n\t\t\t\t<\/div>\n\t\t\t\t<\/div>\n\t\t<div class=\"elementor-element elementor-element-9a55672 e-con-full animated-slow e-flex elementor-invisible e-con e-child\" data-id=\"9a55672\" data-element_type=\"container\" data-settings=\"{&quot;animation&quot;:&quot;fadeIn&quot;}\">\n\t\t<div class=\"elementor-element elementor-element-7a4cdbd e-con-full e-flex e-con e-child\" data-id=\"7a4cdbd\" data-element_type=\"container\">\n\t\t\t\t<div class=\"elementor-element elementor-element-c620924 elementor-invisible elementor-widget elementor-widget-text-editor\" data-id=\"c620924\" data-element_type=\"widget\" data-settings=\"{&quot;_animation&quot;:&quot;fadeInLeft&quot;}\" data-widget_type=\"text-editor.default\">\n\t\t\t\t<div class=\"elementor-widget-container\">\n\t\t\t\t\t\t\t\t\t<p class=\"translation-block\">\u2018Bumar-Koszalin\u2019 is a company with long-established tradition that has been offering several types of hydraulic fire platforms with ladders for more than 70 years. They are used in firefighting and rescue interventions and evacuation from upper floors. In addition, \u2019Bumar-Koszalin\u2019 also offers many types of assembly platforms, mainly for power industry, as well as extinguishing arms.<\/p>\t\t\t\t\t\t\t\t<\/div>\n\t\t\t\t<\/div>\n\t\t\t\t<\/div>\n\t\t<a class=\"elementor-element elementor-element-a2f4dd6 e-con-full e-flex e-con e-child\" data-id=\"a2f4dd6\" data-element_type=\"container\" data-settings=\"{&quot;background_background&quot;:&quot;classic&quot;}\" href=\"http:\/\/www.bumar.pl\/\">\n\t\t\t\t<div class=\"elementor-element elementor-element-07ea121 elementor-invisible elementor-widget elementor-widget-heading\" data-id=\"07ea121\" data-element_type=\"widget\" data-settings=\"{&quot;_animation&quot;:&quot;fadeInLeft&quot;}\" data-widget_type=\"heading.default\">\n\t\t\t\t<div class=\"elementor-widget-container\">\n\t\t\t\t\t<h2 class=\"elementor-heading-title elementor-size-default\">Bumar<\/h2>\t\t\t\t<\/div>\n\t\t\t\t<\/div>\n\t\t\t\t<\/a>\n\t\t<a class=\"elementor-element elementor-element-ba4be1e e-con-full e-flex e-con e-child\" data-id=\"ba4be1e\" data-element_type=\"container\" data-settings=\"{&quot;background_background&quot;:&quot;classic&quot;}\" href=\"https:\/\/www.ruberg.se\/\">\n\t\t\t\t<div class=\"elementor-element elementor-element-d79d7bc elementor-invisible elementor-widget elementor-widget-heading\" data-id=\"d79d7bc\" data-element_type=\"widget\" data-settings=\"{&quot;_animation&quot;:&quot;fadeInLeft&quot;}\" data-widget_type=\"heading.default\">\n\t\t\t\t<div class=\"elementor-widget-container\">\n\t\t\t\t\t<h2 class=\"elementor-heading-title elementor-size-default\">W. Ruberg AB\u00a0<\/h2>\t\t\t\t<\/div>\n\t\t\t\t<\/div>\n\t\t\t\t<\/a>\n\t\t<div class=\"elementor-element elementor-element-930ac7f e-con-full e-flex e-con e-child\" data-id=\"930ac7f\" data-element_type=\"container\">\n\t\t\t\t<div class=\"elementor-element elementor-element-aa2535d elementor-invisible elementor-widget elementor-widget-text-editor\" data-id=\"aa2535d\" data-element_type=\"widget\" data-settings=\"{&quot;_animation&quot;:&quot;fadeInRight&quot;}\" data-widget_type=\"text-editor.default\">\n\t\t\t\t<div class=\"elementor-widget-container\">\n\t\t\t\t\t\t\t\t\t<p>W. Ruberg AB is a Swedish company, which since 2004 has been a part of WISS Group. It is a company with well-established position in the world market and 90 years of experience.\u00a0<br \/><strong>W. Ruberg AB\u00a0<\/strong>is a manufacturer of truck-mounted pumps, portable pumps, high-pressure extinguishing units, CAFS Ruberg 4F compressed air foam systems and all the necessary components of water-foam systems used in modern firefighting vehicles.<\/p>\t\t\t\t\t\t\t\t<\/div>\n\t\t\t\t<\/div>\n\t\t\t\t<\/div>\n\t\t\t\t<\/div>\n\t\t<div class=\"elementor-element elementor-element-34412c9 e-con-full animated-slow e-flex elementor-invisible e-con e-child\" data-id=\"34412c9\" data-element_type=\"container\" data-settings=\"{&quot;animation&quot;:&quot;fadeIn&quot;}\">\n\t\t<div class=\"elementor-element elementor-element-cb03dae e-con-full e-flex e-con e-child\" data-id=\"cb03dae\" data-element_type=\"container\">\n\t\t\t\t<div class=\"elementor-element elementor-element-cb82246 elementor-invisible elementor-widget elementor-widget-text-editor\" data-id=\"cb82246\" data-element_type=\"widget\" data-settings=\"{&quot;_animation&quot;:&quot;fadeInLeft&quot;}\" data-widget_type=\"text-editor.default\">\n\t\t\t\t<div class=\"elementor-widget-container\">\n\t\t\t\t\t\t\t\t\t<p>Company\u00a0<strong>WISS Czech<\/strong>\u00a0is a subsidiary company in the Czech Republic offering all types of firefighting vehicles and their service.<\/p>\t\t\t\t\t\t\t\t<\/div>\n\t\t\t\t<\/div>\n\t\t\t\t<\/div>\n\t\t<a class=\"elementor-element elementor-element-1b1ed23 e-con-full e-flex e-con e-child\" data-id=\"1b1ed23\" data-element_type=\"container\" data-settings=\"{&quot;background_background&quot;:&quot;classic&quot;}\" href=\"https:\/\/www.wiss.cz\/\">\n\t\t\t\t<div class=\"elementor-element elementor-element-baea083 elementor-invisible elementor-widget elementor-widget-heading\" data-id=\"baea083\" data-element_type=\"widget\" data-settings=\"{&quot;_animation&quot;:&quot;fadeInLeft&quot;}\" data-widget_type=\"heading.default\">\n\t\t\t\t<div class=\"elementor-widget-container\">\n\t\t\t\t\t<h2 class=\"elementor-heading-title elementor-size-default\">Czech Republic<\/h2>\t\t\t\t<\/div>\n\t\t\t\t<\/div>\n\t\t\t\t<\/a>\n\t\t<a class=\"elementor-element elementor-element-349190c e-con-full e-flex e-con e-child\" data-id=\"349190c\" data-element_type=\"container\" data-settings=\"{&quot;background_background&quot;:&quot;classic&quot;}\" href=\"https:\/\/www.wiss.com.pl\/en\/kontakt\/\">\n\t\t\t\t<div class=\"elementor-element elementor-element-8065f80 elementor-invisible elementor-widget elementor-widget-heading\" data-id=\"8065f80\" data-element_type=\"widget\" data-settings=\"{&quot;_animation&quot;:&quot;fadeInLeft&quot;}\" data-widget_type=\"heading.default\">\n\t\t\t\t<div class=\"elementor-widget-container\">\n\t\t\t\t\t<h2 class=\"elementor-heading-title elementor-size-default\">italy<\/h2>\t\t\t\t<\/div>\n\t\t\t\t<\/div>\n\t\t\t\t<\/a>\n\t\t<div class=\"elementor-element elementor-element-9ceee54 e-con-full e-flex e-con e-child\" data-id=\"9ceee54\" data-element_type=\"container\">\n\t\t\t\t<div class=\"elementor-element elementor-element-09fb06c elementor-invisible elementor-widget elementor-widget-text-editor\" data-id=\"09fb06c\" data-element_type=\"widget\" data-settings=\"{&quot;_animation&quot;:&quot;fadeInRight&quot;}\" data-widget_type=\"text-editor.default\">\n\t\t\t\t<div class=\"elementor-widget-container\">\n\t\t\t\t\t\t\t\t\t<p><strong>WISS ITALIA SRL<\/strong>\u00a0was founded in 2022 in Brescia - the heart of the Italian fire industry. Qualified specialists, engineers and traders who perfectly know the specifics of Italian firefighting market work on the recognition of the WISS brand on the new market.<\/p>\t\t\t\t\t\t\t\t<\/div>\n\t\t\t\t<\/div>\n\t\t\t\t<\/div>\n\t\t\t\t<\/div>\n\t\t\t\t\t<\/div>\n\t\t\t\t<\/div>\n\t\t\t\t<\/div>","protected":false},"excerpt":{"rendered":"<p>GRUPA WISS\u00a0to mi\u0119dzynarodowa i pr\u0119\u017cnie rozwijaj\u0105ce si\u0119 Grupa firm produkcyjnych, zajmuj\u0105cych si\u0119 produkcj\u0105 pojazd\u00f3w przeznaczonych dla s\u0142u\u017cb mundurowych, w tym stra\u017cy po\u017carnej i policji, oraz sprz\u0119tu po\u017carniczego. Do Grupy Wiss nale\u017c\u0105 rozbudowane zak\u0142ady produkcyjne znajduj\u0105ce si\u0119 w Polsce (Bielsko-Bia\u0142a Koszalin), Czechach, Niemczech oraz Szwecji. Zapraszamy poni\u017cej do zapoznania si\u0119 ze szczeg\u00f3\u0142ami Grupy Wiss. GRUPA WISS [&hellip;]<\/p>","protected":false},"author":1,"featured_media":0,"parent":0,"menu_order":0,"comment_status":"closed","ping_status":"closed","template":"elementor_header_footer","meta":{"_acf_changed":false,"footnotes":""},"class_list":["post-2909","page","type-page","status-publish","hentry"],"acf":[],"_links":{"self":[{"href":"https:\/\/www.wiss.com.pl\/en\/wp-json\/wp\/v2\/pages\/2909","targetHints":{"allow":["GET"]}}],"collection":[{"href":"https:\/\/www.wiss.com.pl\/en\/wp-json\/wp\/v2\/pages"}],"about":[{"href":"https:\/\/www.wiss.com.pl\/en\/wp-json\/wp\/v2\/types\/page"}],"author":[{"embeddable":true,"href":"https:\/\/www.wiss.com.pl\/en\/wp-json\/wp\/v2\/users\/1"}],"replies":[{"embeddable":true,"href":"https:\/\/www.wiss.com.pl\/en\/wp-json\/wp\/v2\/comments?post=2909"}],"version-history":[{"count":78,"href":"https:\/\/www.wiss.com.pl\/en\/wp-json\/wp\/v2\/pages\/2909\/revisions"}],"predecessor-version":[{"id":6159,"href":"https:\/\/www.wiss.com.pl\/en\/wp-json\/wp\/v2\/pages\/2909\/revisions\/6159"}],"wp:attachment":[{"href":"https:\/\/www.wiss.com.pl\/en\/wp-json\/wp\/v2\/media?parent=2909"}],"curies":[{"name":"wp","href":"https:\/\/api.w.org\/{rel}","templated":true}]}}