{"id":2328,"date":"2020-09-23T13:52:07","date_gmt":"2020-09-23T11:52:07","guid":{"rendered":"https:\/\/www.wiss.com.pl\/_www_wiss_polska\/stronanowa\/?page_id=2328"},"modified":"2022-07-12T18:13:57","modified_gmt":"2022-07-12T16:13:57","slug":"ciezkie-pojazdy-strazy-pozarnej","status":"publish","type":"page","link":"https:\/\/www.wiss.com.pl\/en\/ciezkie-pojazdy-strazy-pozarnej\/","title":{"rendered":"KLASA CI\u0118\u017bKICH POJAZD\u00d3W STRA\u017bY PO\u017bARNEJ"},"content":{"rendered":"<p>[vc_row][vc_column][vc_row_inner][vc_column_inner][line_solid][\/vc_column_inner][\/vc_row_inner][\/vc_column][\/vc_row][vc_row][vc_column][heading text=&#8221;POJAZDY KLASY CI\u0118\u017bKIEJ STRA\u017bY PO\u017bARNEJ&#8221; tag=&#8221;h1&#8243; align=&#8221;center&#8221; color=&#8221;#878787&#8243;][\/vc_column][\/vc_row][vc_row][vc_column][vc_column_text el_class=&#8221;descriprion_opis&#8221;]<\/p>\n<h3>(powy\u017cej 16 ton) &#8211; auta przeznaczone do prowadzenia akcji ratowniczo-ga\u015bniczych we wszystkich warunkach. Produkowane w wersjach zar\u00f3wno miejskiej (przeznaczone do poruszania si\u0119 po utwardzonej nawierzchni), jak i uterenowionej (zapewniaj\u0105cej mo\u017cliwo\u015b\u0107 prowadzenia akcji w bardziej niedost\u0119pnym terenie). Niezawodno\u015b\u0107 naszych aut gwarantuje najwy\u017cszej jako\u015bci osprz\u0119t renomowanych firm krajowych jak i zagranicznych oraz wsp\u00f3\u0142praca z wiod\u0105cymi producentami samochod\u00f3w ci\u0119\u017carowych.<\/h3>\n<p>[\/vc_column_text][vc_row_inner][vc_column_inner][line_solid][\/vc_column_inner][\/vc_row_inner][\/vc_column][\/vc_row][vc_row fullwidth=&#8221;yes&#8221;][vc_column width=&#8221;1\/6&#8243;][\/vc_column][vc_column width=&#8221;2\/3&#8243;][vc_column_text el_class=&#8221;name_description&#8221;]<\/p>\n<h4 style=\"text-align: left;\">Wszystkie<\/h4>\n<p>[\/vc_column_text][line_solid][vc_basic_grid post_type=&#8221;portfolio&#8221; max_items=&#8221;-1&#8243; style=&#8221;lazy&#8221; items_per_page=&#8221;2&#8243; element_width=&#8221;6&#8243; gap=&#8221;35&#8243; initial_loading_animation=&#8221;fadeInLeft&#8221; grid_id=&#8221;vc_gid:1657642414172-ea2fcc6b-5841-4&#8243; taxonomies=&#8221;22&#8243;][\/vc_column][vc_column width=&#8221;1\/6&#8243;][\/vc_column][\/vc_row]<\/p>\n","protected":false},"excerpt":{"rendered":"<p>[vc_row][vc_column][vc_row_inner][vc_column_inner][line_solid][\/vc_column_inner][\/vc_row_inner][\/vc_column][\/vc_row][vc_row][vc_column][heading text=&#8221;POJAZDY KLASY CI\u0118\u017bKIEJ STRA\u017bY PO\u017bARNEJ&#8221; tag=&#8221;h1&#8243; align=&#8221;center&#8221; color=&#8221;#878787&#8243;][\/vc_column][\/vc_row][vc_row][vc_column][vc_column_text el_class=&#8221;descriprion_opis&#8221;] (powy\u017cej 16 ton) &#8211; auta przeznaczone do prowadzenia akcji ratowniczo-ga\u015bniczych we wszystkich warunkach. Produkowane w wersjach zar\u00f3wno miejskiej (przeznaczone do poruszania si\u0119 po utwardzonej nawierzchni), jak i uterenowionej (zapewniaj\u0105cej mo\u017cliwo\u015b\u0107 prowadzenia akcji w bardziej niedost\u0119pnym terenie). Niezawodno\u015b\u0107 naszych aut gwarantuje najwy\u017cszej jako\u015bci osprz\u0119t renomowanych firm [&hellip;]<\/p>\n","protected":false},"author":1,"featured_media":0,"parent":0,"menu_order":0,"comment_status":"closed","ping_status":"closed","template":"page-templates\/template-canvas.php","meta":{"_acf_changed":false,"footnotes":""},"class_list":["post-2328","page","type-page","status-publish","hentry"],"acf":[],"yoast_head":"<!-- This site is optimized with the Yoast SEO plugin v27.6 - https:\/\/yoast.com\/product\/yoast-seo-wordpress\/ -->\n<title>KLASA CI\u0118\u017bKICH POJAZD\u00d3W STRA\u017bY PO\u017bARNEJ - WISS<\/title>\n<meta name=\"robots\" content=\"index, follow, max-snippet:-1, max-image-preview:large, max-video-preview:-1\" \/>\n<link rel=\"canonical\" href=\"https:\/\/www.wiss.com.pl\/en\/ciezkie-pojazdy-strazy-pozarnej\/\" \/>\n<meta property=\"og:locale\" content=\"en_US\" \/>\n<meta property=\"og:type\" content=\"article\" \/>\n<meta property=\"og:title\" content=\"KLASA CI\u0118\u017bKICH POJAZD\u00d3W STRA\u017bY PO\u017bARNEJ - WISS\" \/>\n<meta property=\"og:description\" content=\"[vc_row][vc_column][vc_row_inner][vc_column_inner][line_solid][\/vc_column_inner][\/vc_row_inner][\/vc_column][\/vc_row][vc_row][vc_column][heading text=&#8221;POJAZDY KLASY CI\u0118\u017bKIEJ STRA\u017bY PO\u017bARNEJ&#8221; tag=&#8221;h1&#8243; align=&#8221;center&#8221; color=&#8221;#878787&#8243;][\/vc_column][\/vc_row][vc_row][vc_column][vc_column_text el_class=&#8221;descriprion_opis&#8221;] (powy\u017cej 16 ton) &#8211; auta przeznaczone do prowadzenia akcji ratowniczo-ga\u015bniczych we wszystkich warunkach. Produkowane w wersjach zar\u00f3wno miejskiej (przeznaczone do poruszania si\u0119 po utwardzonej nawierzchni), jak i uterenowionej (zapewniaj\u0105cej mo\u017cliwo\u015b\u0107 prowadzenia akcji w bardziej niedost\u0119pnym terenie). Niezawodno\u015b\u0107 naszych aut gwarantuje najwy\u017cszej jako\u015bci osprz\u0119t renomowanych firm [&hellip;]\" \/>\n<meta property=\"og:url\" content=\"https:\/\/www.wiss.com.pl\/en\/ciezkie-pojazdy-strazy-pozarnej\/\" \/>\n<meta property=\"og:site_name\" content=\"WISS\" \/>\n<meta property=\"article:publisher\" content=\"https:\/\/www.facebook.com\/ISSwawrzaszek\/\" \/>\n<meta property=\"article:modified_time\" content=\"2022-07-12T16:13:57+00:00\" \/>\n<meta name=\"twitter:card\" content=\"summary_large_image\" \/>\n<meta name=\"twitter:label1\" content=\"Est. reading time\" \/>\n\t<meta name=\"twitter:data1\" content=\"1 minute\" \/>\n<script type=\"application\/ld+json\" class=\"yoast-schema-graph\">{\"@context\":\"https:\\\/\\\/schema.org\",\"@graph\":[{\"@type\":\"WebPage\",\"@id\":\"https:\\\/\\\/www.wiss.com.pl\\\/en\\\/ciezkie-pojazdy-strazy-pozarnej\\\/\",\"url\":\"https:\\\/\\\/www.wiss.com.pl\\\/en\\\/ciezkie-pojazdy-strazy-pozarnej\\\/\",\"name\":\"KLASA CI\u0118\u017bKICH POJAZD\u00d3W STRA\u017bY PO\u017bARNEJ - WISS\",\"isPartOf\":{\"@id\":\"https:\\\/\\\/www.wiss.com.pl\\\/#website\"},\"datePublished\":\"2020-09-23T11:52:07+00:00\",\"dateModified\":\"2022-07-12T16:13:57+00:00\",\"breadcrumb\":{\"@id\":\"https:\\\/\\\/www.wiss.com.pl\\\/en\\\/ciezkie-pojazdy-strazy-pozarnej\\\/#breadcrumb\"},\"inLanguage\":\"en-US\",\"potentialAction\":[{\"@type\":\"ReadAction\",\"target\":[\"https:\\\/\\\/www.wiss.com.pl\\\/en\\\/ciezkie-pojazdy-strazy-pozarnej\\\/\"]}]},{\"@type\":\"BreadcrumbList\",\"@id\":\"https:\\\/\\\/www.wiss.com.pl\\\/en\\\/ciezkie-pojazdy-strazy-pozarnej\\\/#breadcrumb\",\"itemListElement\":[{\"@type\":\"ListItem\",\"position\":1,\"name\":\"Strona g\u0142\u00f3wna\",\"item\":\"https:\\\/\\\/www.wiss.com.pl\\\/\"},{\"@type\":\"ListItem\",\"position\":2,\"name\":\"KLASA CI\u0118\u017bKICH POJAZD\u00d3W STRA\u017bY PO\u017bARNEJ\"}]},{\"@type\":\"WebSite\",\"@id\":\"https:\\\/\\\/www.wiss.com.pl\\\/#website\",\"url\":\"https:\\\/\\\/www.wiss.com.pl\\\/\",\"name\":\"WISS Samochody Specjalne\",\"description\":\"Czo\u0142owy producent samochod\u00f3w po\u017carniczych w Polsce i Europie. Samochody przeznaczone dla s\u0142u\u017cb mundurowych, takich jak: stra\u017c po\u017carna, wojsko i policja.\",\"publisher\":{\"@id\":\"https:\\\/\\\/www.wiss.com.pl\\\/#organization\"},\"potentialAction\":[{\"@type\":\"SearchAction\",\"target\":{\"@type\":\"EntryPoint\",\"urlTemplate\":\"https:\\\/\\\/www.wiss.com.pl\\\/?s={search_term_string}\"},\"query-input\":{\"@type\":\"PropertyValueSpecification\",\"valueRequired\":true,\"valueName\":\"search_term_string\"}}],\"inLanguage\":\"en-US\"},{\"@type\":\"Organization\",\"@id\":\"https:\\\/\\\/www.wiss.com.pl\\\/#organization\",\"name\":\"WISS Samochody Specjalne\",\"url\":\"https:\\\/\\\/www.wiss.com.pl\\\/\",\"logo\":{\"@type\":\"ImageObject\",\"inLanguage\":\"en-US\",\"@id\":\"https:\\\/\\\/www.wiss.com.pl\\\/#\\\/schema\\\/logo\\\/image\\\/\",\"url\":\"https:\\\/\\\/www.wiss.com.pl\\\/wp-content\\\/uploads\\\/2025\\\/01\\\/logo_bezpieczenstwo6-1.jpg\",\"contentUrl\":\"https:\\\/\\\/www.wiss.com.pl\\\/wp-content\\\/uploads\\\/2025\\\/01\\\/logo_bezpieczenstwo6-1.jpg\",\"width\":1450,\"height\":407,\"caption\":\"WISS Samochody Specjalne\"},\"image\":{\"@id\":\"https:\\\/\\\/www.wiss.com.pl\\\/#\\\/schema\\\/logo\\\/image\\\/\"},\"sameAs\":[\"https:\\\/\\\/www.facebook.com\\\/ISSwawrzaszek\\\/\"]}]}<\/script>\n<!-- \/ Yoast SEO plugin. -->","yoast_head_json":{"title":"KLASA CI\u0118\u017bKICH POJAZD\u00d3W STRA\u017bY PO\u017bARNEJ - WISS","robots":{"index":"index","follow":"follow","max-snippet":"max-snippet:-1","max-image-preview":"max-image-preview:large","max-video-preview":"max-video-preview:-1"},"canonical":"https:\/\/www.wiss.com.pl\/en\/ciezkie-pojazdy-strazy-pozarnej\/","og_locale":"en_US","og_type":"article","og_title":"KLASA CI\u0118\u017bKICH POJAZD\u00d3W STRA\u017bY PO\u017bARNEJ - WISS","og_description":"[vc_row][vc_column][vc_row_inner][vc_column_inner][line_solid][\/vc_column_inner][\/vc_row_inner][\/vc_column][\/vc_row][vc_row][vc_column][heading text=&#8221;POJAZDY KLASY CI\u0118\u017bKIEJ STRA\u017bY PO\u017bARNEJ&#8221; tag=&#8221;h1&#8243; align=&#8221;center&#8221; color=&#8221;#878787&#8243;][\/vc_column][\/vc_row][vc_row][vc_column][vc_column_text el_class=&#8221;descriprion_opis&#8221;] (powy\u017cej 16 ton) &#8211; auta przeznaczone do prowadzenia akcji ratowniczo-ga\u015bniczych we wszystkich warunkach. Produkowane w wersjach zar\u00f3wno miejskiej (przeznaczone do poruszania si\u0119 po utwardzonej nawierzchni), jak i uterenowionej (zapewniaj\u0105cej mo\u017cliwo\u015b\u0107 prowadzenia akcji w bardziej niedost\u0119pnym terenie). Niezawodno\u015b\u0107 naszych aut gwarantuje najwy\u017cszej jako\u015bci osprz\u0119t renomowanych firm [&hellip;]","og_url":"https:\/\/www.wiss.com.pl\/en\/ciezkie-pojazdy-strazy-pozarnej\/","og_site_name":"WISS","article_publisher":"https:\/\/www.facebook.com\/ISSwawrzaszek\/","article_modified_time":"2022-07-12T16:13:57+00:00","twitter_card":"summary_large_image","twitter_misc":{"Est. reading time":"1 minute"},"schema":{"@context":"https:\/\/schema.org","@graph":[{"@type":"WebPage","@id":"https:\/\/www.wiss.com.pl\/en\/ciezkie-pojazdy-strazy-pozarnej\/","url":"https:\/\/www.wiss.com.pl\/en\/ciezkie-pojazdy-strazy-pozarnej\/","name":"KLASA CI\u0118\u017bKICH POJAZD\u00d3W STRA\u017bY PO\u017bARNEJ - WISS","isPartOf":{"@id":"https:\/\/www.wiss.com.pl\/#website"},"datePublished":"2020-09-23T11:52:07+00:00","dateModified":"2022-07-12T16:13:57+00:00","breadcrumb":{"@id":"https:\/\/www.wiss.com.pl\/en\/ciezkie-pojazdy-strazy-pozarnej\/#breadcrumb"},"inLanguage":"en-US","potentialAction":[{"@type":"ReadAction","target":["https:\/\/www.wiss.com.pl\/en\/ciezkie-pojazdy-strazy-pozarnej\/"]}]},{"@type":"BreadcrumbList","@id":"https:\/\/www.wiss.com.pl\/en\/ciezkie-pojazdy-strazy-pozarnej\/#breadcrumb","itemListElement":[{"@type":"ListItem","position":1,"name":"Strona g\u0142\u00f3wna","item":"https:\/\/www.wiss.com.pl\/"},{"@type":"ListItem","position":2,"name":"KLASA CI\u0118\u017bKICH POJAZD\u00d3W STRA\u017bY PO\u017bARNEJ"}]},{"@type":"WebSite","@id":"https:\/\/www.wiss.com.pl\/#website","url":"https:\/\/www.wiss.com.pl\/","name":"WISS Samochody Specjalne","description":"Czo\u0142owy producent samochod\u00f3w po\u017carniczych w Polsce i Europie. Samochody przeznaczone dla s\u0142u\u017cb mundurowych, takich jak: stra\u017c po\u017carna, wojsko i policja.","publisher":{"@id":"https:\/\/www.wiss.com.pl\/#organization"},"potentialAction":[{"@type":"SearchAction","target":{"@type":"EntryPoint","urlTemplate":"https:\/\/www.wiss.com.pl\/?s={search_term_string}"},"query-input":{"@type":"PropertyValueSpecification","valueRequired":true,"valueName":"search_term_string"}}],"inLanguage":"en-US"},{"@type":"Organization","@id":"https:\/\/www.wiss.com.pl\/#organization","name":"WISS Samochody Specjalne","url":"https:\/\/www.wiss.com.pl\/","logo":{"@type":"ImageObject","inLanguage":"en-US","@id":"https:\/\/www.wiss.com.pl\/#\/schema\/logo\/image\/","url":"https:\/\/www.wiss.com.pl\/wp-content\/uploads\/2025\/01\/logo_bezpieczenstwo6-1.jpg","contentUrl":"https:\/\/www.wiss.com.pl\/wp-content\/uploads\/2025\/01\/logo_bezpieczenstwo6-1.jpg","width":1450,"height":407,"caption":"WISS Samochody Specjalne"},"image":{"@id":"https:\/\/www.wiss.com.pl\/#\/schema\/logo\/image\/"},"sameAs":["https:\/\/www.facebook.com\/ISSwawrzaszek\/"]}]}},"_links":{"self":[{"href":"https:\/\/www.wiss.com.pl\/en\/wp-json\/wp\/v2\/pages\/2328","targetHints":{"allow":["GET"]}}],"collection":[{"href":"https:\/\/www.wiss.com.pl\/en\/wp-json\/wp\/v2\/pages"}],"about":[{"href":"https:\/\/www.wiss.com.pl\/en\/wp-json\/wp\/v2\/types\/page"}],"author":[{"embeddable":true,"href":"https:\/\/www.wiss.com.pl\/en\/wp-json\/wp\/v2\/users\/1"}],"replies":[{"embeddable":true,"href":"https:\/\/www.wiss.com.pl\/en\/wp-json\/wp\/v2\/comments?post=2328"}],"version-history":[{"count":23,"href":"https:\/\/www.wiss.com.pl\/en\/wp-json\/wp\/v2\/pages\/2328\/revisions"}],"predecessor-version":[{"id":3090,"href":"https:\/\/www.wiss.com.pl\/en\/wp-json\/wp\/v2\/pages\/2328\/revisions\/3090"}],"wp:attachment":[{"href":"https:\/\/www.wiss.com.pl\/en\/wp-json\/wp\/v2\/media?parent=2328"}],"curies":[{"name":"wp","href":"https:\/\/api.w.org\/{rel}","templated":true}]}}