{"id":2265,"date":"2020-07-09T22:20:52","date_gmt":"2020-07-09T20:20:52","guid":{"rendered":"https:\/\/www.wiss.com.pl\/_www_wiss_polska\/stronanowa\/?page_id=2265"},"modified":"2025-03-27T12:05:11","modified_gmt":"2025-03-27T11:05:11","slug":"dolacz-do-nas","status":"publish","type":"page","link":"https:\/\/www.wiss.com.pl\/en\/dolacz-do-nas\/","title":{"rendered":"JOIN US"},"content":{"rendered":"<div data-elementor-type=\"wp-page\" data-elementor-id=\"2265\" class=\"elementor elementor-2265\" data-elementor-post-type=\"page\">\n\t\t\t\t<div class=\"elementor-element elementor-element-2853afa e-flex e-con-boxed elementor-invisible e-con e-parent\" data-id=\"2853afa\" data-element_type=\"container\" data-settings=\"{&quot;animation&quot;:&quot;fadeIn&quot;}\">\n\t\t\t\t\t<div class=\"e-con-inner\">\n\t\t\t\t<div class=\"elementor-element elementor-element-78ce6b8 elementor-widget elementor-widget-heading\" data-id=\"78ce6b8\" data-element_type=\"widget\" data-widget_type=\"heading.default\">\n\t\t\t\t<div class=\"elementor-widget-container\">\n\t\t\t\t\t<h2 class=\"elementor-heading-title elementor-size-default\">Haven't found a job offer that interests you?<\/h2>\t\t\t\t<\/div>\n\t\t\t\t<\/div>\n\t\t\t\t<div class=\"elementor-element elementor-element-382cded elementor-widget-divider--view-line elementor-widget elementor-widget-divider\" data-id=\"382cded\" data-element_type=\"widget\" data-widget_type=\"divider.default\">\n\t\t\t\t<div class=\"elementor-widget-container\">\n\t\t\t\t\t\t\t<div class=\"elementor-divider\">\n\t\t\t<span class=\"elementor-divider-separator\">\n\t\t\t\t\t\t<\/span>\n\t\t<\/div>\n\t\t\t\t\t\t<\/div>\n\t\t\t\t<\/div>\n\t\t\t\t<div class=\"elementor-element elementor-element-1d685cb elementor-widget__width-initial elementor-widget elementor-widget-text-editor\" data-id=\"1d685cb\" data-element_type=\"widget\" data-widget_type=\"text-editor.default\">\n\t\t\t\t<div class=\"elementor-widget-container\">\n\t\t\t\t\t\t\t\t\t<p>Submit your CV with a description of what you could bring to our company<\/p>\t\t\t\t\t\t\t\t<\/div>\n\t\t\t\t<\/div>\n\t\t\t\t\t<\/div>\n\t\t\t\t<\/div>\n\t\t<div class=\"elementor-element elementor-element-b10a483 e-flex e-con-boxed e-con e-parent\" data-id=\"b10a483\" data-element_type=\"container\">\n\t\t\t\t\t<div class=\"e-con-inner\">\n\t\t<div class=\"elementor-element elementor-element-9818bee e-con-full e-flex e-con e-child\" data-id=\"9818bee\" data-element_type=\"container\">\n\t\t\t\t<div class=\"elementor-element elementor-element-ed1c0c2 elementor-widget elementor-widget-image\" data-id=\"ed1c0c2\" data-element_type=\"widget\" data-widget_type=\"image.default\">\n\t\t\t\t<div class=\"elementor-widget-container\">\n\t\t\t\t\t\t\t\t\t\t\t\t\t\t\t\t<a href=\"https:\/\/www.wiss.com.pl\/en\/oferty-pracy\/\">\n\t\t\t\t\t\t\t<img fetchpriority=\"high\" decoding=\"async\" width=\"2560\" height=\"1438\" src=\"https:\/\/www.wiss.com.pl\/wp-content\/uploads\/2025\/03\/1_0-scaled-1-scaled.jpg\" class=\"attachment-full size-full wp-image-5244\" alt=\"\" srcset=\"https:\/\/www.wiss.com.pl\/wp-content\/uploads\/2025\/03\/1_0-scaled-1-scaled.jpg 2560w, https:\/\/www.wiss.com.pl\/wp-content\/uploads\/2025\/03\/1_0-scaled-1-300x168.jpg 300w, https:\/\/www.wiss.com.pl\/wp-content\/uploads\/2025\/03\/1_0-scaled-1-1024x575.jpg 1024w, https:\/\/www.wiss.com.pl\/wp-content\/uploads\/2025\/03\/1_0-scaled-1-768x431.jpg 768w, https:\/\/www.wiss.com.pl\/wp-content\/uploads\/2025\/03\/1_0-scaled-1-1536x863.jpg 1536w, https:\/\/www.wiss.com.pl\/wp-content\/uploads\/2025\/03\/1_0-scaled-1-2048x1150.jpg 2048w, https:\/\/www.wiss.com.pl\/wp-content\/uploads\/2025\/03\/1_0-scaled-1-18x10.jpg 18w, https:\/\/www.wiss.com.pl\/wp-content\/uploads\/2025\/03\/1_0-scaled-1-800x449.jpg 800w\" sizes=\"(max-width: 2560px) 100vw, 2560px\" \/>\t\t\t\t\t\t\t\t<\/a>\n\t\t\t\t\t\t\t\t\t\t\t\t\t\t\t<\/div>\n\t\t\t\t<\/div>\n\t\t\t\t<\/div>\n\t\t<div class=\"elementor-element elementor-element-cd523dc e-con-full e-flex e-con e-child\" data-id=\"cd523dc\" data-element_type=\"container\">\n\t\t\t\t<div class=\"elementor-element elementor-element-03c926e elementor-widget elementor-widget-image\" data-id=\"03c926e\" data-element_type=\"widget\" data-widget_type=\"image.default\">\n\t\t\t\t<div class=\"elementor-widget-container\">\n\t\t\t\t\t\t\t\t\t\t\t\t\t\t\t\t<a href=\"https:\/\/www.wiss.com.pl\/en\/jak-rekrutujemy\/\">\n\t\t\t\t\t\t\t<img decoding=\"async\" width=\"2048\" height=\"1150\" src=\"https:\/\/www.wiss.com.pl\/wp-content\/uploads\/2025\/03\/2_0-scaled-1.jpg\" class=\"attachment-full size-full wp-image-5243\" alt=\"\" srcset=\"https:\/\/www.wiss.com.pl\/wp-content\/uploads\/2025\/03\/2_0-scaled-1.jpg 2048w, https:\/\/www.wiss.com.pl\/wp-content\/uploads\/2025\/03\/2_0-scaled-1-300x168.jpg 300w, https:\/\/www.wiss.com.pl\/wp-content\/uploads\/2025\/03\/2_0-scaled-1-1024x575.jpg 1024w, https:\/\/www.wiss.com.pl\/wp-content\/uploads\/2025\/03\/2_0-scaled-1-768x431.jpg 768w, https:\/\/www.wiss.com.pl\/wp-content\/uploads\/2025\/03\/2_0-scaled-1-1536x863.jpg 1536w, https:\/\/www.wiss.com.pl\/wp-content\/uploads\/2025\/03\/2_0-scaled-1-18x10.jpg 18w, https:\/\/www.wiss.com.pl\/wp-content\/uploads\/2025\/03\/2_0-scaled-1-800x449.jpg 800w\" sizes=\"(max-width: 2048px) 100vw, 2048px\" \/>\t\t\t\t\t\t\t\t<\/a>\n\t\t\t\t\t\t\t\t\t\t\t\t\t\t\t<\/div>\n\t\t\t\t<\/div>\n\t\t\t\t<\/div>\n\t\t\t\t\t<\/div>\n\t\t\t\t<\/div>\n\t\t<div class=\"elementor-element elementor-element-90df369 e-flex e-con-boxed e-con e-parent\" data-id=\"90df369\" data-element_type=\"container\">\n\t\t\t\t\t<div class=\"e-con-inner\">\n\t\t<div class=\"elementor-element elementor-element-9901a3c e-con-full e-flex e-con e-child\" data-id=\"9901a3c\" data-element_type=\"container\">\n\t\t\t\t<div class=\"elementor-element elementor-element-dcd4a3a elementor-widget elementor-widget-image\" data-id=\"dcd4a3a\" data-element_type=\"widget\" data-widget_type=\"image.default\">\n\t\t\t\t<div class=\"elementor-widget-container\">\n\t\t\t\t\t\t\t\t\t\t\t\t\t\t\t\t<a href=\"https:\/\/www.wiss.com.pl\/en\/staze-i-praktyki\/\">\n\t\t\t\t\t\t\t<img decoding=\"async\" width=\"2048\" height=\"1150\" src=\"https:\/\/www.wiss.com.pl\/wp-content\/uploads\/2025\/03\/3_0-scaled-1.jpg\" class=\"attachment-full size-full wp-image-5242\" alt=\"\" srcset=\"https:\/\/www.wiss.com.pl\/wp-content\/uploads\/2025\/03\/3_0-scaled-1.jpg 2048w, https:\/\/www.wiss.com.pl\/wp-content\/uploads\/2025\/03\/3_0-scaled-1-300x168.jpg 300w, https:\/\/www.wiss.com.pl\/wp-content\/uploads\/2025\/03\/3_0-scaled-1-1024x575.jpg 1024w, https:\/\/www.wiss.com.pl\/wp-content\/uploads\/2025\/03\/3_0-scaled-1-768x431.jpg 768w, https:\/\/www.wiss.com.pl\/wp-content\/uploads\/2025\/03\/3_0-scaled-1-1536x863.jpg 1536w, https:\/\/www.wiss.com.pl\/wp-content\/uploads\/2025\/03\/3_0-scaled-1-18x10.jpg 18w, https:\/\/www.wiss.com.pl\/wp-content\/uploads\/2025\/03\/3_0-scaled-1-800x449.jpg 800w\" sizes=\"(max-width: 2048px) 100vw, 2048px\" \/>\t\t\t\t\t\t\t\t<\/a>\n\t\t\t\t\t\t\t\t\t\t\t\t\t\t\t<\/div>\n\t\t\t\t<\/div>\n\t\t\t\t<\/div>\n\t\t<div class=\"elementor-element elementor-element-80161f8 e-con-full e-flex e-con e-child\" data-id=\"80161f8\" data-element_type=\"container\">\n\t\t\t\t<div class=\"elementor-element elementor-element-0be286a elementor-widget elementor-widget-image\" data-id=\"0be286a\" data-element_type=\"widget\" data-widget_type=\"image.default\">\n\t\t\t\t<div class=\"elementor-widget-container\">\n\t\t\t\t\t\t\t\t\t\t\t\t\t\t\t\t<a href=\"https:\/\/www.wiss.com.pl\/en\/wspolpraca-z-uczelniami-i-szkolami\/\">\n\t\t\t\t\t\t\t<img loading=\"lazy\" decoding=\"async\" width=\"2560\" height=\"1438\" src=\"https:\/\/www.wiss.com.pl\/wp-content\/uploads\/2025\/03\/4_0-scaled-1-scaled.jpg\" class=\"attachment-full size-full wp-image-5241\" alt=\"\" srcset=\"https:\/\/www.wiss.com.pl\/wp-content\/uploads\/2025\/03\/4_0-scaled-1-scaled.jpg 2560w, https:\/\/www.wiss.com.pl\/wp-content\/uploads\/2025\/03\/4_0-scaled-1-300x168.jpg 300w, https:\/\/www.wiss.com.pl\/wp-content\/uploads\/2025\/03\/4_0-scaled-1-1024x575.jpg 1024w, https:\/\/www.wiss.com.pl\/wp-content\/uploads\/2025\/03\/4_0-scaled-1-768x431.jpg 768w, https:\/\/www.wiss.com.pl\/wp-content\/uploads\/2025\/03\/4_0-scaled-1-1536x863.jpg 1536w, https:\/\/www.wiss.com.pl\/wp-content\/uploads\/2025\/03\/4_0-scaled-1-2048x1150.jpg 2048w, https:\/\/www.wiss.com.pl\/wp-content\/uploads\/2025\/03\/4_0-scaled-1-18x10.jpg 18w, https:\/\/www.wiss.com.pl\/wp-content\/uploads\/2025\/03\/4_0-scaled-1-800x449.jpg 800w\" sizes=\"(max-width: 2560px) 100vw, 2560px\" \/>\t\t\t\t\t\t\t\t<\/a>\n\t\t\t\t\t\t\t\t\t\t\t\t\t\t\t<\/div>\n\t\t\t\t<\/div>\n\t\t\t\t<\/div>\n\t\t\t\t\t<\/div>\n\t\t\t\t<\/div>\n\t\t<div class=\"elementor-element elementor-element-f10d2f8 e-flex e-con-boxed elementor-invisible e-con e-parent\" data-id=\"f10d2f8\" data-element_type=\"container\" data-settings=\"{&quot;animation&quot;:&quot;fadeIn&quot;}\">\n\t\t\t\t\t<div class=\"e-con-inner\">\n\t\t\t\t<div class=\"elementor-element elementor-element-0a7522c elementor-widget elementor-widget-text-editor\" data-id=\"0a7522c\" data-element_type=\"widget\" data-widget_type=\"text-editor.default\">\n\t\t\t\t<div class=\"elementor-widget-container\">\n\t\t\t\t\t\t\t\t\t<p>JOB VACANCIES IN THE VARIOUS COMPANIES OF THE WISS GROUP<\/p>\t\t\t\t\t\t\t\t<\/div>\n\t\t\t\t<\/div>\n\t\t\t\t\t<\/div>\n\t\t\t\t<\/div>\n\t\t<div class=\"elementor-element elementor-element-82ed792 e-flex e-con-boxed e-con e-parent\" data-id=\"82ed792\" data-element_type=\"container\">\n\t\t\t\t\t<div class=\"e-con-inner\">\n\t\t<div class=\"elementor-element elementor-element-e48ed9a e-con-full e-flex e-con e-child\" data-id=\"e48ed9a\" data-element_type=\"container\">\n\t\t\t\t<div class=\"elementor-element elementor-element-7484158 elementor-invisible elementor-widget elementor-widget-image\" data-id=\"7484158\" data-element_type=\"widget\" data-settings=\"{&quot;_animation&quot;:&quot;fadeIn&quot;}\" data-widget_type=\"image.default\">\n\t\t\t\t<div class=\"elementor-widget-container\">\n\t\t\t\t\t\t\t\t\t\t\t\t\t\t\t<img loading=\"lazy\" decoding=\"async\" width=\"203\" height=\"462\" src=\"https:\/\/www.wiss.com.pl\/wp-content\/uploads\/2025\/03\/image-39.png\" class=\"attachment-full size-full wp-image-4777\" alt=\"\" srcset=\"https:\/\/www.wiss.com.pl\/wp-content\/uploads\/2025\/03\/image-39.png 203w, https:\/\/www.wiss.com.pl\/wp-content\/uploads\/2025\/03\/image-39-132x300.png 132w\" sizes=\"(max-width: 203px) 100vw, 203px\" \/>\t\t\t\t\t\t\t\t\t\t\t\t\t\t\t<\/div>\n\t\t\t\t<\/div>\n\t\t\t\t<\/div>\n\t\t<div class=\"elementor-element elementor-element-b6cd25a e-con-full e-flex e-con e-child\" data-id=\"b6cd25a\" data-element_type=\"container\">\n\t\t\t\t<div class=\"elementor-element elementor-element-c7bc48e elementor-invisible elementor-widget elementor-widget-image\" data-id=\"c7bc48e\" data-element_type=\"widget\" data-settings=\"{&quot;_animation&quot;:&quot;fadeIn&quot;}\" data-widget_type=\"image.default\">\n\t\t\t\t<div class=\"elementor-widget-container\">\n\t\t\t\t\t\t\t\t\t\t\t\t\t\t\t<img loading=\"lazy\" decoding=\"async\" width=\"192\" height=\"443\" src=\"https:\/\/www.wiss.com.pl\/wp-content\/uploads\/2025\/03\/image-40.png\" class=\"attachment-full size-full wp-image-4778\" alt=\"\" srcset=\"https:\/\/www.wiss.com.pl\/wp-content\/uploads\/2025\/03\/image-40.png 192w, https:\/\/www.wiss.com.pl\/wp-content\/uploads\/2025\/03\/image-40-130x300.png 130w\" sizes=\"(max-width: 192px) 100vw, 192px\" \/>\t\t\t\t\t\t\t\t\t\t\t\t\t\t\t<\/div>\n\t\t\t\t<\/div>\n\t\t\t\t<\/div>\n\t\t<div class=\"elementor-element elementor-element-f7a2b14 e-con-full e-flex e-con e-child\" data-id=\"f7a2b14\" data-element_type=\"container\">\n\t\t\t\t<div class=\"elementor-element elementor-element-8429ac0 elementor-invisible elementor-widget elementor-widget-image\" data-id=\"8429ac0\" data-element_type=\"widget\" data-settings=\"{&quot;_animation&quot;:&quot;fadeIn&quot;}\" data-widget_type=\"image.default\">\n\t\t\t\t<div class=\"elementor-widget-container\">\n\t\t\t\t\t\t\t\t\t\t\t\t\t\t\t<img loading=\"lazy\" decoding=\"async\" width=\"192\" height=\"459\" src=\"https:\/\/www.wiss.com.pl\/wp-content\/uploads\/2025\/03\/image-41.png\" class=\"attachment-full size-full wp-image-4776\" alt=\"\" srcset=\"https:\/\/www.wiss.com.pl\/wp-content\/uploads\/2025\/03\/image-41.png 192w, https:\/\/www.wiss.com.pl\/wp-content\/uploads\/2025\/03\/image-41-125x300.png 125w\" sizes=\"(max-width: 192px) 100vw, 192px\" \/>\t\t\t\t\t\t\t\t\t\t\t\t\t\t\t<\/div>\n\t\t\t\t<\/div>\n\t\t\t\t<\/div>\n\t\t<div class=\"elementor-element elementor-element-cb8719e e-con-full e-flex e-con e-child\" data-id=\"cb8719e\" data-element_type=\"container\">\n\t\t\t\t<div class=\"elementor-element elementor-element-c8b12be elementor-invisible elementor-widget elementor-widget-image\" data-id=\"c8b12be\" data-element_type=\"widget\" data-settings=\"{&quot;_animation&quot;:&quot;fadeIn&quot;}\" data-widget_type=\"image.default\">\n\t\t\t\t<div class=\"elementor-widget-container\">\n\t\t\t\t\t\t\t\t\t\t\t\t\t\t\t<img loading=\"lazy\" decoding=\"async\" width=\"203\" height=\"452\" src=\"https:\/\/www.wiss.com.pl\/wp-content\/uploads\/2025\/03\/image-42.png\" class=\"attachment-full size-full wp-image-4775\" alt=\"\" srcset=\"https:\/\/www.wiss.com.pl\/wp-content\/uploads\/2025\/03\/image-42.png 203w, https:\/\/www.wiss.com.pl\/wp-content\/uploads\/2025\/03\/image-42-135x300.png 135w\" sizes=\"(max-width: 203px) 100vw, 203px\" \/>\t\t\t\t\t\t\t\t\t\t\t\t\t\t\t<\/div>\n\t\t\t\t<\/div>\n\t\t\t\t<\/div>\n\t\t<div class=\"elementor-element elementor-element-40de680 e-con-full e-flex e-con e-child\" data-id=\"40de680\" data-element_type=\"container\">\n\t\t\t\t<div class=\"elementor-element elementor-element-d8827ac elementor-invisible elementor-widget elementor-widget-image\" data-id=\"d8827ac\" data-element_type=\"widget\" data-settings=\"{&quot;_animation&quot;:&quot;fadeIn&quot;}\" data-widget_type=\"image.default\">\n\t\t\t\t<div class=\"elementor-widget-container\">\n\t\t\t\t\t\t\t\t\t\t\t\t\t\t\t<img loading=\"lazy\" decoding=\"async\" width=\"191\" height=\"436\" src=\"https:\/\/www.wiss.com.pl\/wp-content\/uploads\/2025\/03\/image-43.png\" class=\"attachment-full size-full wp-image-4774\" alt=\"\" srcset=\"https:\/\/www.wiss.com.pl\/wp-content\/uploads\/2025\/03\/image-43.png 191w, https:\/\/www.wiss.com.pl\/wp-content\/uploads\/2025\/03\/image-43-131x300.png 131w\" sizes=\"(max-width: 191px) 100vw, 191px\" \/>\t\t\t\t\t\t\t\t\t\t\t\t\t\t\t<\/div>\n\t\t\t\t<\/div>\n\t\t\t\t<\/div>\n\t\t\t\t\t<\/div>\n\t\t\t\t<\/div>\n\t\t\t\t<\/div>","protected":false},"excerpt":{"rendered":"<p>Nie nalaz\u0142e\u015b interesuj\u0105cej Ci\u0119 oferty pracy? Prze\u015blij swoje CV z opisem co m\u00f3g\u0142by\u015b wnie\u015b\u0107 do Naszej firmy OFERTY PRACY W POSZCZEG\u00d3LNYCH FIRMACH GRUPY WISS<\/p>","protected":false},"author":1,"featured_media":0,"parent":0,"menu_order":0,"comment_status":"closed","ping_status":"closed","template":"elementor_header_footer","meta":{"_acf_changed":false,"footnotes":""},"class_list":["post-2265","page","type-page","status-publish","hentry"],"acf":[],"_links":{"self":[{"href":"https:\/\/www.wiss.com.pl\/en\/wp-json\/wp\/v2\/pages\/2265","targetHints":{"allow":["GET"]}}],"collection":[{"href":"https:\/\/www.wiss.com.pl\/en\/wp-json\/wp\/v2\/pages"}],"about":[{"href":"https:\/\/www.wiss.com.pl\/en\/wp-json\/wp\/v2\/types\/page"}],"author":[{"embeddable":true,"href":"https:\/\/www.wiss.com.pl\/en\/wp-json\/wp\/v2\/users\/1"}],"replies":[{"embeddable":true,"href":"https:\/\/www.wiss.com.pl\/en\/wp-json\/wp\/v2\/comments?post=2265"}],"version-history":[{"count":32,"href":"https:\/\/www.wiss.com.pl\/en\/wp-json\/wp\/v2\/pages\/2265\/revisions"}],"predecessor-version":[{"id":5442,"href":"https:\/\/www.wiss.com.pl\/en\/wp-json\/wp\/v2\/pages\/2265\/revisions\/5442"}],"wp:attachment":[{"href":"https:\/\/www.wiss.com.pl\/en\/wp-json\/wp\/v2\/media?parent=2265"}],"curies":[{"name":"wp","href":"https:\/\/api.w.org\/{rel}","templated":true}]}}