{"id":2261,"date":"2020-07-09T22:19:25","date_gmt":"2020-07-09T20:19:25","guid":{"rendered":"https:\/\/www.wiss.com.pl\/_www_wiss_polska\/stronanowa\/?page_id=2261"},"modified":"2021-05-04T16:06:52","modified_gmt":"2021-05-04T14:06:52","slug":"rekrutacja","status":"publish","type":"page","link":"https:\/\/www.wiss.com.pl\/en\/rekrutacja\/","title":{"rendered":"REKRUTACJA"},"content":{"rendered":"<p>[vc_row][vc_column][\/vc_column][\/vc_row][vc_row][vc_column][vc_column_text]<\/p>\n<div class=\"centers\">\n<h2>JAK WYGL\u0104DA PROCES REKRUTACJI?<\/h2>\n<\/div>\n<p>[\/vc_column_text][\/vc_column][\/vc_row][vc_row][vc_column][\/vc_column][\/vc_row][vc_row][vc_column width=&#8221;1\/6&#8243;][vc_raw_html]JTNDaW1nJTIwc3R5bGUlM0QlMjJ3aWR0aCUzQTIwMHB4JTIyc3JjJTNEJTIyaHR0cHMlM0ElMkYlMkZ3d3cud2lzcy5jb20ucGwlMkZfd3d3X3dpc3NfcG9sc2thJTJGc3Ryb25hbm93YSUyRndwLWNvbnRlbnQlMkZ1cGxvYWRzJTJGMjAyMSUyRjA1JTJGd3lzbGlqLW5hbS1zd29qZS1jdi5wbmclMjIlMkYlM0U=[\/vc_raw_html][vc_raw_html]JTNDaDMlMjBjbGFzcyUzRCUyMmNlbnRlcnMlMjIlM0VXWSVDNSU5QUxJSiUyME5BTSUyMFNXT0pFJTIwQ1YlM0MlMkZoMyUzRQ==[\/vc_raw_html][\/vc_column][vc_column width=&#8221;1\/6&#8243;][vc_raw_html]JTNDZGl2JTIwc3R5bGUlM0QlMjJtYXJnaW4tdG9wJTNBNzBweCUyMCUzQm1hcmdpbi1sZWZ0JTNBMjBweCUyMiUyMGNsYXNzJTNEJTIyZCUyMiUzRSUzQ2ltZyUyMCUyMHN0eWxlJTNEJTIyd2lkdGglM0ExNjBweCUyMiUyMHNyYyUzRCUyMmh0dHBzJTNBJTJGJTJGd3d3Lndpc3MuY29tLnBsJTJGX3d3d193aXNzX3BvbHNrYSUyRnN0cm9uYW5vd2ElMkZ3cC1jb250ZW50JTJGdXBsb2FkcyUyRjIwMjElMkYwNSUyRnN0cnphbGthLnBuZyUyMiUyMCUyRiUzRSUwQSUzQyUyRmRpdiUzRQ==[\/vc_raw_html][\/vc_column][vc_column width=&#8221;1\/6&#8243;][vc_raw_html]JTNDaW1nJTIwc3R5bGUlM0QlMjJ3aWR0aCUzQTIwMHB4JTIyc3JjJTNEJTIyaHR0cHMlM0ElMkYlMkZ3d3cud2lzcy5jb20ucGwlMkZfd3d3X3dpc3NfcG9sc2thJTJGc3Ryb25hbm93YSUyRndwLWNvbnRlbnQlMkZ1cGxvYWRzJTJGMjAyMSUyRjA1JTJGcG9yb3ptYXdpYWotdGVsZWZvbmljem5pZS5wbmclMjIlMkYlM0U=[\/vc_raw_html][vc_raw_html]JTNDaDMlMjBjbGFzcyUzRCUyMmNlbnRlcnMlMjIlM0VQT1JPWk1BV0lBSiUyMFRFTEVGT05JQ1pOSUUlM0MlMkZoMyUzRQ==[\/vc_raw_html][\/vc_column][vc_column width=&#8221;1\/6&#8243;][vc_raw_html]JTNDZGl2JTIwc3R5bGUlM0QlMjJtYXJnaW4tdG9wJTNBNzBweCUyMCUzQm1hcmdpbi1sZWZ0JTNBMjBweCUyMiUyMGNsYXNzJTNEJTIyZCUyMiUzRSUzQ2ltZyUyMCUyMHN0eWxlJTNEJTIyd2lkdGglM0ExNjBweCUyMiUyMHNyYyUzRCUyMmh0dHBzJTNBJTJGJTJGd3d3Lndpc3MuY29tLnBsJTJGX3d3d193aXNzX3BvbHNrYSUyRnN0cm9uYW5vd2ElMkZ3cC1jb250ZW50JTJGdXBsb2FkcyUyRjIwMjElMkYwNSUyRnN0cnphbGthLnBuZyUyMiUyMCUyRiUzRSUwQSUzQyUyRmRpdiUzRQ==[\/vc_raw_html][\/vc_column][vc_column width=&#8221;1\/6&#8243;][vc_raw_html]JTNDaW1nJTIwc3R5bGUlM0QlMjJ3aWR0aCUzQTIwMHB4JTIyc3JjJTNEJTIyaHR0cHMlM0ElMkYlMkZ3d3cud2lzcy5jb20ucGwlMkZfd3d3X3dpc3NfcG9sc2thJTJGc3Ryb25hbm93YSUyRndwLWNvbnRlbnQlMkZ1cGxvYWRzJTJGMjAyMSUyRjA1JTJGU1BPVEtBSi1TSSVFMiU5NCU4MCVEMCVBOC1aLU1BTkFHRVJFTS1EWklBJUUyJTk0JUJDJUQwJTkxVS1JLVBSWkVEU1RBV0lDSUVMRU0tSFIucG5nJTIyJTJGJTNF[\/vc_raw_html][vc_raw_html]JTNDaDMlMjBjbGFzcyUzRCUyMmNlbnRlcnMlMjIlM0VTUE9US0FKJTIwU0klQzQlOTglMjBaJTIwTUFOQUdFUkVNJTIwRFpJQSVDNSU4MVUlMjBJJTIwUFJaRURTVEFXSUNJRUxFTSUyMEhSJTNDJTJGaDMlM0U=[\/vc_raw_html][\/vc_column][vc_column width=&#8221;1\/6&#8243;][\/vc_column][\/vc_row][vc_row][vc_column][vc_column_text]<\/p>\n<h4>CO OD NAS OTRZYMASZ?<\/h4>\n<h4>MASZ PYTANIA?<\/h4>\n<p>[\/vc_column_text][\/vc_column][\/vc_row]<\/p>\n","protected":false},"excerpt":{"rendered":"<p>[vc_row][vc_column][\/vc_column][\/vc_row][vc_row][vc_column][vc_column_text] JAK WYGL\u0104DA PROCES REKRUTACJI? [\/vc_column_text][\/vc_column][\/vc_row][vc_row][vc_column][\/vc_column][\/vc_row][vc_row][vc_column width=&#8221;1\/6&#8243;][vc_raw_html]JTNDaW1nJTIwc3R5bGUlM0QlMjJ3aWR0aCUzQTIwMHB4JTIyc3JjJTNEJTIyaHR0cHMlM0ElMkYlMkZ3d3cud2lzcy5jb20ucGwlMkZfd3d3X3dpc3NfcG9sc2thJTJGc3Ryb25hbm93YSUyRndwLWNvbnRlbnQlMkZ1cGxvYWRzJTJGMjAyMSUyRjA1JTJGd3lzbGlqLW5hbS1zd29qZS1jdi5wbmclMjIlMkYlM0U=[\/vc_raw_html][vc_raw_html]JTNDaDMlMjBjbGFzcyUzRCUyMmNlbnRlcnMlMjIlM0VXWSVDNSU5QUxJSiUyME5BTSUyMFNXT0pFJTIwQ1YlM0MlMkZoMyUzRQ==[\/vc_raw_html][\/vc_column][vc_column width=&#8221;1\/6&#8243;][vc_raw_html]JTNDZGl2JTIwc3R5bGUlM0QlMjJtYXJnaW4tdG9wJTNBNzBweCUyMCUzQm1hcmdpbi1sZWZ0JTNBMjBweCUyMiUyMGNsYXNzJTNEJTIyZCUyMiUzRSUzQ2ltZyUyMCUyMHN0eWxlJTNEJTIyd2lkdGglM0ExNjBweCUyMiUyMHNyYyUzRCUyMmh0dHBzJTNBJTJGJTJGd3d3Lndpc3MuY29tLnBsJTJGX3d3d193aXNzX3BvbHNrYSUyRnN0cm9uYW5vd2ElMkZ3cC1jb250ZW50JTJGdXBsb2FkcyUyRjIwMjElMkYwNSUyRnN0cnphbGthLnBuZyUyMiUyMCUyRiUzRSUwQSUzQyUyRmRpdiUzRQ==[\/vc_raw_html][\/vc_column][vc_column width=&#8221;1\/6&#8243;][vc_raw_html]JTNDaW1nJTIwc3R5bGUlM0QlMjJ3aWR0aCUzQTIwMHB4JTIyc3JjJTNEJTIyaHR0cHMlM0ElMkYlMkZ3d3cud2lzcy5jb20ucGwlMkZfd3d3X3dpc3NfcG9sc2thJTJGc3Ryb25hbm93YSUyRndwLWNvbnRlbnQlMkZ1cGxvYWRzJTJGMjAyMSUyRjA1JTJGcG9yb3ptYXdpYWotdGVsZWZvbmljem5pZS5wbmclMjIlMkYlM0U=[\/vc_raw_html][vc_raw_html]JTNDaDMlMjBjbGFzcyUzRCUyMmNlbnRlcnMlMjIlM0VQT1JPWk1BV0lBSiUyMFRFTEVGT05JQ1pOSUUlM0MlMkZoMyUzRQ==[\/vc_raw_html][\/vc_column][vc_column width=&#8221;1\/6&#8243;][vc_raw_html]JTNDZGl2JTIwc3R5bGUlM0QlMjJtYXJnaW4tdG9wJTNBNzBweCUyMCUzQm1hcmdpbi1sZWZ0JTNBMjBweCUyMiUyMGNsYXNzJTNEJTIyZCUyMiUzRSUzQ2ltZyUyMCUyMHN0eWxlJTNEJTIyd2lkdGglM0ExNjBweCUyMiUyMHNyYyUzRCUyMmh0dHBzJTNBJTJGJTJGd3d3Lndpc3MuY29tLnBsJTJGX3d3d193aXNzX3BvbHNrYSUyRnN0cm9uYW5vd2ElMkZ3cC1jb250ZW50JTJGdXBsb2FkcyUyRjIwMjElMkYwNSUyRnN0cnphbGthLnBuZyUyMiUyMCUyRiUzRSUwQSUzQyUyRmRpdiUzRQ==[\/vc_raw_html][\/vc_column][vc_column width=&#8221;1\/6&#8243;][vc_raw_html]JTNDaW1nJTIwc3R5bGUlM0QlMjJ3aWR0aCUzQTIwMHB4JTIyc3JjJTNEJTIyaHR0cHMlM0ElMkYlMkZ3d3cud2lzcy5jb20ucGwlMkZfd3d3X3dpc3NfcG9sc2thJTJGc3Ryb25hbm93YSUyRndwLWNvbnRlbnQlMkZ1cGxvYWRzJTJGMjAyMSUyRjA1JTJGU1BPVEtBSi1TSSVFMiU5NCU4MCVEMCVBOC1aLU1BTkFHRVJFTS1EWklBJUUyJTk0JUJDJUQwJTkxVS1JLVBSWkVEU1RBV0lDSUVMRU0tSFIucG5nJTIyJTJGJTNF[\/vc_raw_html][vc_raw_html]JTNDaDMlMjBjbGFzcyUzRCUyMmNlbnRlcnMlMjIlM0VTUE9US0FKJTIwU0klQzQlOTglMjBaJTIwTUFOQUdFUkVNJTIwRFpJQSVDNSU4MVUlMjBJJTIwUFJaRURTVEFXSUNJRUxFTSUyMEhSJTNDJTJGaDMlM0U=[\/vc_raw_html][\/vc_column][vc_column width=&#8221;1\/6&#8243;][\/vc_column][\/vc_row][vc_row][vc_column][vc_column_text] CO OD NAS OTRZYMASZ? MASZ PYTANIA? [\/vc_column_text][\/vc_column][\/vc_row]<\/p>\n","protected":false},"author":1,"featured_media":0,"parent":0,"menu_order":0,"comment_status":"closed","ping_status":"closed","template":"","meta":{"_acf_changed":false,"footnotes":""},"class_list":["post-2261","page","type-page","status-publish","hentry"],"acf":[],"yoast_head":"<!-- This site is optimized with the Yoast SEO plugin v27.4 - https:\/\/yoast.com\/product\/yoast-seo-wordpress\/ -->\n<title>REKRUTACJA - WISS<\/title>\n<meta name=\"robots\" content=\"index, follow, max-snippet:-1, max-image-preview:large, max-video-preview:-1\" \/>\n<link rel=\"canonical\" href=\"https:\/\/www.wiss.com.pl\/en\/rekrutacja\/\" \/>\n<meta property=\"og:locale\" content=\"en_US\" \/>\n<meta property=\"og:type\" content=\"article\" \/>\n<meta property=\"og:title\" content=\"REKRUTACJA - WISS\" \/>\n<meta property=\"og:description\" content=\"[vc_row][vc_column][\/vc_column][\/vc_row][vc_row][vc_column][vc_column_text] JAK WYGL\u0104DA PROCES REKRUTACJI? [\/vc_column_text][\/vc_column][\/vc_row][vc_row][vc_column][\/vc_column][\/vc_row][vc_row][vc_column width=&#8221;1\/6&#8243;][vc_raw_html]JTNDaW1nJTIwc3R5bGUlM0QlMjJ3aWR0aCUzQTIwMHB4JTIyc3JjJTNEJTIyaHR0cHMlM0ElMkYlMkZ3d3cud2lzcy5jb20ucGwlMkZfd3d3X3dpc3NfcG9sc2thJTJGc3Ryb25hbm93YSUyRndwLWNvbnRlbnQlMkZ1cGxvYWRzJTJGMjAyMSUyRjA1JTJGd3lzbGlqLW5hbS1zd29qZS1jdi5wbmclMjIlMkYlM0U=[\/vc_raw_html][vc_raw_html]JTNDaDMlMjBjbGFzcyUzRCUyMmNlbnRlcnMlMjIlM0VXWSVDNSU5QUxJSiUyME5BTSUyMFNXT0pFJTIwQ1YlM0MlMkZoMyUzRQ==[\/vc_raw_html][\/vc_column][vc_column width=&#8221;1\/6&#8243;][vc_raw_html]JTNDZGl2JTIwc3R5bGUlM0QlMjJtYXJnaW4tdG9wJTNBNzBweCUyMCUzQm1hcmdpbi1sZWZ0JTNBMjBweCUyMiUyMGNsYXNzJTNEJTIyZCUyMiUzRSUzQ2ltZyUyMCUyMHN0eWxlJTNEJTIyd2lkdGglM0ExNjBweCUyMiUyMHNyYyUzRCUyMmh0dHBzJTNBJTJGJTJGd3d3Lndpc3MuY29tLnBsJTJGX3d3d193aXNzX3BvbHNrYSUyRnN0cm9uYW5vd2ElMkZ3cC1jb250ZW50JTJGdXBsb2FkcyUyRjIwMjElMkYwNSUyRnN0cnphbGthLnBuZyUyMiUyMCUyRiUzRSUwQSUzQyUyRmRpdiUzRQ==[\/vc_raw_html][\/vc_column][vc_column width=&#8221;1\/6&#8243;][vc_raw_html]JTNDaW1nJTIwc3R5bGUlM0QlMjJ3aWR0aCUzQTIwMHB4JTIyc3JjJTNEJTIyaHR0cHMlM0ElMkYlMkZ3d3cud2lzcy5jb20ucGwlMkZfd3d3X3dpc3NfcG9sc2thJTJGc3Ryb25hbm93YSUyRndwLWNvbnRlbnQlMkZ1cGxvYWRzJTJGMjAyMSUyRjA1JTJGcG9yb3ptYXdpYWotdGVsZWZvbmljem5pZS5wbmclMjIlMkYlM0U=[\/vc_raw_html][vc_raw_html]JTNDaDMlMjBjbGFzcyUzRCUyMmNlbnRlcnMlMjIlM0VQT1JPWk1BV0lBSiUyMFRFTEVGT05JQ1pOSUUlM0MlMkZoMyUzRQ==[\/vc_raw_html][\/vc_column][vc_column width=&#8221;1\/6&#8243;][vc_raw_html]JTNDZGl2JTIwc3R5bGUlM0QlMjJtYXJnaW4tdG9wJTNBNzBweCUyMCUzQm1hcmdpbi1sZWZ0JTNBMjBweCUyMiUyMGNsYXNzJTNEJTIyZCUyMiUzRSUzQ2ltZyUyMCUyMHN0eWxlJTNEJTIyd2lkdGglM0ExNjBweCUyMiUyMHNyYyUzRCUyMmh0dHBzJTNBJTJGJTJGd3d3Lndpc3MuY29tLnBsJTJGX3d3d193aXNzX3BvbHNrYSUyRnN0cm9uYW5vd2ElMkZ3cC1jb250ZW50JTJGdXBsb2FkcyUyRjIwMjElMkYwNSUyRnN0cnphbGthLnBuZyUyMiUyMCUyRiUzRSUwQSUzQyUyRmRpdiUzRQ==[\/vc_raw_html][\/vc_column][vc_column width=&#8221;1\/6&#8243;][vc_raw_html]JTNDaW1nJTIwc3R5bGUlM0QlMjJ3aWR0aCUzQTIwMHB4JTIyc3JjJTNEJTIyaHR0cHMlM0ElMkYlMkZ3d3cud2lzcy5jb20ucGwlMkZfd3d3X3dpc3NfcG9sc2thJTJGc3Ryb25hbm93YSUyRndwLWNvbnRlbnQlMkZ1cGxvYWRzJTJGMjAyMSUyRjA1JTJGU1BPVEtBSi1TSSVFMiU5NCU4MCVEMCVBOC1aLU1BTkFHRVJFTS1EWklBJUUyJTk0JUJDJUQwJTkxVS1JLVBSWkVEU1RBV0lDSUVMRU0tSFIucG5nJTIyJTJGJTNF[\/vc_raw_html][vc_raw_html]JTNDaDMlMjBjbGFzcyUzRCUyMmNlbnRlcnMlMjIlM0VTUE9US0FKJTIwU0klQzQlOTglMjBaJTIwTUFOQUdFUkVNJTIwRFpJQSVDNSU4MVUlMjBJJTIwUFJaRURTVEFXSUNJRUxFTSUyMEhSJTNDJTJGaDMlM0U=[\/vc_raw_html][\/vc_column][vc_column width=&#8221;1\/6&#8243;][\/vc_column][\/vc_row][vc_row][vc_column][vc_column_text] CO OD NAS OTRZYMASZ? MASZ PYTANIA? [\/vc_column_text][\/vc_column][\/vc_row]\" \/>\n<meta property=\"og:url\" content=\"https:\/\/www.wiss.com.pl\/en\/rekrutacja\/\" \/>\n<meta property=\"og:site_name\" content=\"WISS\" \/>\n<meta property=\"article:publisher\" content=\"https:\/\/www.facebook.com\/ISSwawrzaszek\/\" \/>\n<meta property=\"article:modified_time\" content=\"2021-05-04T14:06:52+00:00\" \/>\n<meta name=\"twitter:card\" content=\"summary_large_image\" \/>\n<meta name=\"twitter:label1\" content=\"Est. reading time\" \/>\n\t<meta name=\"twitter:data1\" content=\"2 minutes\" \/>\n<script type=\"application\/ld+json\" class=\"yoast-schema-graph\">{\"@context\":\"https:\\\/\\\/schema.org\",\"@graph\":[{\"@type\":\"WebPage\",\"@id\":\"https:\\\/\\\/www.wiss.com.pl\\\/rekrutacja\\\/\",\"url\":\"https:\\\/\\\/www.wiss.com.pl\\\/rekrutacja\\\/\",\"name\":\"REKRUTACJA - WISS\",\"isPartOf\":{\"@id\":\"https:\\\/\\\/www.wiss.com.pl\\\/#website\"},\"datePublished\":\"2020-07-09T20:19:25+00:00\",\"dateModified\":\"2021-05-04T14:06:52+00:00\",\"breadcrumb\":{\"@id\":\"https:\\\/\\\/www.wiss.com.pl\\\/rekrutacja\\\/#breadcrumb\"},\"inLanguage\":\"en-US\",\"potentialAction\":[{\"@type\":\"ReadAction\",\"target\":[\"https:\\\/\\\/www.wiss.com.pl\\\/rekrutacja\\\/\"]}]},{\"@type\":\"BreadcrumbList\",\"@id\":\"https:\\\/\\\/www.wiss.com.pl\\\/rekrutacja\\\/#breadcrumb\",\"itemListElement\":[{\"@type\":\"ListItem\",\"position\":1,\"name\":\"Strona g\u0142\u00f3wna\",\"item\":\"https:\\\/\\\/www.wiss.com.pl\\\/\"},{\"@type\":\"ListItem\",\"position\":2,\"name\":\"REKRUTACJA\"}]},{\"@type\":\"WebSite\",\"@id\":\"https:\\\/\\\/www.wiss.com.pl\\\/#website\",\"url\":\"https:\\\/\\\/www.wiss.com.pl\\\/\",\"name\":\"WISS Samochody Specjalne\",\"description\":\"Czo\u0142owy producent samochod\u00f3w po\u017carniczych w Polsce i Europie. Samochody przeznaczone dla s\u0142u\u017cb mundurowych, takich jak: stra\u017c po\u017carna, wojsko i policja.\",\"publisher\":{\"@id\":\"https:\\\/\\\/www.wiss.com.pl\\\/#organization\"},\"potentialAction\":[{\"@type\":\"SearchAction\",\"target\":{\"@type\":\"EntryPoint\",\"urlTemplate\":\"https:\\\/\\\/www.wiss.com.pl\\\/?s={search_term_string}\"},\"query-input\":{\"@type\":\"PropertyValueSpecification\",\"valueRequired\":true,\"valueName\":\"search_term_string\"}}],\"inLanguage\":\"en-US\"},{\"@type\":\"Organization\",\"@id\":\"https:\\\/\\\/www.wiss.com.pl\\\/#organization\",\"name\":\"WISS Samochody Specjalne\",\"url\":\"https:\\\/\\\/www.wiss.com.pl\\\/\",\"logo\":{\"@type\":\"ImageObject\",\"inLanguage\":\"en-US\",\"@id\":\"https:\\\/\\\/www.wiss.com.pl\\\/#\\\/schema\\\/logo\\\/image\\\/\",\"url\":\"https:\\\/\\\/www.wiss.com.pl\\\/wp-content\\\/uploads\\\/2025\\\/01\\\/logo_bezpieczenstwo6-1.jpg\",\"contentUrl\":\"https:\\\/\\\/www.wiss.com.pl\\\/wp-content\\\/uploads\\\/2025\\\/01\\\/logo_bezpieczenstwo6-1.jpg\",\"width\":1450,\"height\":407,\"caption\":\"WISS Samochody Specjalne\"},\"image\":{\"@id\":\"https:\\\/\\\/www.wiss.com.pl\\\/#\\\/schema\\\/logo\\\/image\\\/\"},\"sameAs\":[\"https:\\\/\\\/www.facebook.com\\\/ISSwawrzaszek\\\/\"]}]}<\/script>\n<!-- \/ Yoast SEO plugin. -->","yoast_head_json":{"title":"REKRUTACJA - WISS","robots":{"index":"index","follow":"follow","max-snippet":"max-snippet:-1","max-image-preview":"max-image-preview:large","max-video-preview":"max-video-preview:-1"},"canonical":"https:\/\/www.wiss.com.pl\/en\/rekrutacja\/","og_locale":"en_US","og_type":"article","og_title":"REKRUTACJA - WISS","og_description":"[vc_row][vc_column][\/vc_column][\/vc_row][vc_row][vc_column][vc_column_text] JAK WYGL\u0104DA PROCES REKRUTACJI? [\/vc_column_text][\/vc_column][\/vc_row][vc_row][vc_column][\/vc_column][\/vc_row][vc_row][vc_column width=&#8221;1\/6&#8243;][vc_raw_html]JTNDaW1nJTIwc3R5bGUlM0QlMjJ3aWR0aCUzQTIwMHB4JTIyc3JjJTNEJTIyaHR0cHMlM0ElMkYlMkZ3d3cud2lzcy5jb20ucGwlMkZfd3d3X3dpc3NfcG9sc2thJTJGc3Ryb25hbm93YSUyRndwLWNvbnRlbnQlMkZ1cGxvYWRzJTJGMjAyMSUyRjA1JTJGd3lzbGlqLW5hbS1zd29qZS1jdi5wbmclMjIlMkYlM0U=[\/vc_raw_html][vc_raw_html]JTNDaDMlMjBjbGFzcyUzRCUyMmNlbnRlcnMlMjIlM0VXWSVDNSU5QUxJSiUyME5BTSUyMFNXT0pFJTIwQ1YlM0MlMkZoMyUzRQ==[\/vc_raw_html][\/vc_column][vc_column width=&#8221;1\/6&#8243;][vc_raw_html]JTNDZGl2JTIwc3R5bGUlM0QlMjJtYXJnaW4tdG9wJTNBNzBweCUyMCUzQm1hcmdpbi1sZWZ0JTNBMjBweCUyMiUyMGNsYXNzJTNEJTIyZCUyMiUzRSUzQ2ltZyUyMCUyMHN0eWxlJTNEJTIyd2lkdGglM0ExNjBweCUyMiUyMHNyYyUzRCUyMmh0dHBzJTNBJTJGJTJGd3d3Lndpc3MuY29tLnBsJTJGX3d3d193aXNzX3BvbHNrYSUyRnN0cm9uYW5vd2ElMkZ3cC1jb250ZW50JTJGdXBsb2FkcyUyRjIwMjElMkYwNSUyRnN0cnphbGthLnBuZyUyMiUyMCUyRiUzRSUwQSUzQyUyRmRpdiUzRQ==[\/vc_raw_html][\/vc_column][vc_column width=&#8221;1\/6&#8243;][vc_raw_html]JTNDaW1nJTIwc3R5bGUlM0QlMjJ3aWR0aCUzQTIwMHB4JTIyc3JjJTNEJTIyaHR0cHMlM0ElMkYlMkZ3d3cud2lzcy5jb20ucGwlMkZfd3d3X3dpc3NfcG9sc2thJTJGc3Ryb25hbm93YSUyRndwLWNvbnRlbnQlMkZ1cGxvYWRzJTJGMjAyMSUyRjA1JTJGcG9yb3ptYXdpYWotdGVsZWZvbmljem5pZS5wbmclMjIlMkYlM0U=[\/vc_raw_html][vc_raw_html]JTNDaDMlMjBjbGFzcyUzRCUyMmNlbnRlcnMlMjIlM0VQT1JPWk1BV0lBSiUyMFRFTEVGT05JQ1pOSUUlM0MlMkZoMyUzRQ==[\/vc_raw_html][\/vc_column][vc_column width=&#8221;1\/6&#8243;][vc_raw_html]JTNDZGl2JTIwc3R5bGUlM0QlMjJtYXJnaW4tdG9wJTNBNzBweCUyMCUzQm1hcmdpbi1sZWZ0JTNBMjBweCUyMiUyMGNsYXNzJTNEJTIyZCUyMiUzRSUzQ2ltZyUyMCUyMHN0eWxlJTNEJTIyd2lkdGglM0ExNjBweCUyMiUyMHNyYyUzRCUyMmh0dHBzJTNBJTJGJTJGd3d3Lndpc3MuY29tLnBsJTJGX3d3d193aXNzX3BvbHNrYSUyRnN0cm9uYW5vd2ElMkZ3cC1jb250ZW50JTJGdXBsb2FkcyUyRjIwMjElMkYwNSUyRnN0cnphbGthLnBuZyUyMiUyMCUyRiUzRSUwQSUzQyUyRmRpdiUzRQ==[\/vc_raw_html][\/vc_column][vc_column width=&#8221;1\/6&#8243;][vc_raw_html]JTNDaW1nJTIwc3R5bGUlM0QlMjJ3aWR0aCUzQTIwMHB4JTIyc3JjJTNEJTIyaHR0cHMlM0ElMkYlMkZ3d3cud2lzcy5jb20ucGwlMkZfd3d3X3dpc3NfcG9sc2thJTJGc3Ryb25hbm93YSUyRndwLWNvbnRlbnQlMkZ1cGxvYWRzJTJGMjAyMSUyRjA1JTJGU1BPVEtBSi1TSSVFMiU5NCU4MCVEMCVBOC1aLU1BTkFHRVJFTS1EWklBJUUyJTk0JUJDJUQwJTkxVS1JLVBSWkVEU1RBV0lDSUVMRU0tSFIucG5nJTIyJTJGJTNF[\/vc_raw_html][vc_raw_html]JTNDaDMlMjBjbGFzcyUzRCUyMmNlbnRlcnMlMjIlM0VTUE9US0FKJTIwU0klQzQlOTglMjBaJTIwTUFOQUdFUkVNJTIwRFpJQSVDNSU4MVUlMjBJJTIwUFJaRURTVEFXSUNJRUxFTSUyMEhSJTNDJTJGaDMlM0U=[\/vc_raw_html][\/vc_column][vc_column width=&#8221;1\/6&#8243;][\/vc_column][\/vc_row][vc_row][vc_column][vc_column_text] CO OD NAS OTRZYMASZ? MASZ PYTANIA? [\/vc_column_text][\/vc_column][\/vc_row]","og_url":"https:\/\/www.wiss.com.pl\/en\/rekrutacja\/","og_site_name":"WISS","article_publisher":"https:\/\/www.facebook.com\/ISSwawrzaszek\/","article_modified_time":"2021-05-04T14:06:52+00:00","twitter_card":"summary_large_image","twitter_misc":{"Est. reading time":"2 minutes"},"schema":{"@context":"https:\/\/schema.org","@graph":[{"@type":"WebPage","@id":"https:\/\/www.wiss.com.pl\/rekrutacja\/","url":"https:\/\/www.wiss.com.pl\/rekrutacja\/","name":"REKRUTACJA - WISS","isPartOf":{"@id":"https:\/\/www.wiss.com.pl\/#website"},"datePublished":"2020-07-09T20:19:25+00:00","dateModified":"2021-05-04T14:06:52+00:00","breadcrumb":{"@id":"https:\/\/www.wiss.com.pl\/rekrutacja\/#breadcrumb"},"inLanguage":"en-US","potentialAction":[{"@type":"ReadAction","target":["https:\/\/www.wiss.com.pl\/rekrutacja\/"]}]},{"@type":"BreadcrumbList","@id":"https:\/\/www.wiss.com.pl\/rekrutacja\/#breadcrumb","itemListElement":[{"@type":"ListItem","position":1,"name":"Strona g\u0142\u00f3wna","item":"https:\/\/www.wiss.com.pl\/"},{"@type":"ListItem","position":2,"name":"REKRUTACJA"}]},{"@type":"WebSite","@id":"https:\/\/www.wiss.com.pl\/#website","url":"https:\/\/www.wiss.com.pl\/","name":"WISS Samochody Specjalne","description":"Czo\u0142owy producent samochod\u00f3w po\u017carniczych w Polsce i Europie. Samochody przeznaczone dla s\u0142u\u017cb mundurowych, takich jak: stra\u017c po\u017carna, wojsko i policja.","publisher":{"@id":"https:\/\/www.wiss.com.pl\/#organization"},"potentialAction":[{"@type":"SearchAction","target":{"@type":"EntryPoint","urlTemplate":"https:\/\/www.wiss.com.pl\/?s={search_term_string}"},"query-input":{"@type":"PropertyValueSpecification","valueRequired":true,"valueName":"search_term_string"}}],"inLanguage":"en-US"},{"@type":"Organization","@id":"https:\/\/www.wiss.com.pl\/#organization","name":"WISS Samochody Specjalne","url":"https:\/\/www.wiss.com.pl\/","logo":{"@type":"ImageObject","inLanguage":"en-US","@id":"https:\/\/www.wiss.com.pl\/#\/schema\/logo\/image\/","url":"https:\/\/www.wiss.com.pl\/wp-content\/uploads\/2025\/01\/logo_bezpieczenstwo6-1.jpg","contentUrl":"https:\/\/www.wiss.com.pl\/wp-content\/uploads\/2025\/01\/logo_bezpieczenstwo6-1.jpg","width":1450,"height":407,"caption":"WISS Samochody Specjalne"},"image":{"@id":"https:\/\/www.wiss.com.pl\/#\/schema\/logo\/image\/"},"sameAs":["https:\/\/www.facebook.com\/ISSwawrzaszek\/"]}]}},"_links":{"self":[{"href":"https:\/\/www.wiss.com.pl\/en\/wp-json\/wp\/v2\/pages\/2261","targetHints":{"allow":["GET"]}}],"collection":[{"href":"https:\/\/www.wiss.com.pl\/en\/wp-json\/wp\/v2\/pages"}],"about":[{"href":"https:\/\/www.wiss.com.pl\/en\/wp-json\/wp\/v2\/types\/page"}],"author":[{"embeddable":true,"href":"https:\/\/www.wiss.com.pl\/en\/wp-json\/wp\/v2\/users\/1"}],"replies":[{"embeddable":true,"href":"https:\/\/www.wiss.com.pl\/en\/wp-json\/wp\/v2\/comments?post=2261"}],"version-history":[{"count":4,"href":"https:\/\/www.wiss.com.pl\/en\/wp-json\/wp\/v2\/pages\/2261\/revisions"}],"predecessor-version":[{"id":2571,"href":"https:\/\/www.wiss.com.pl\/en\/wp-json\/wp\/v2\/pages\/2261\/revisions\/2571"}],"wp:attachment":[{"href":"https:\/\/www.wiss.com.pl\/en\/wp-json\/wp\/v2\/media?parent=2261"}],"curies":[{"name":"wp","href":"https:\/\/api.w.org\/{rel}","templated":true}]}}