{"id":1670,"date":"2020-05-17T18:21:21","date_gmt":"2020-05-17T16:21:21","guid":{"rendered":"https:\/\/www.wiss.com.pl\/_www_wiss_polska\/stronanowa\/?page_id=1670"},"modified":"2020-05-17T18:25:44","modified_gmt":"2020-05-17T16:25:44","slug":"praktyki","status":"publish","type":"page","link":"https:\/\/www.wiss.com.pl\/en\/praktyki\/","title":{"rendered":"Praktyki"},"content":{"rendered":"<p>[vc_row][vc_column][heading text=&#8221;Praktyki&#8221; tag=&#8221;h2&#8243; align=&#8221;center&#8221;][line_solid][vc_column_text]Zapraszamy na praktyki zawodowe do WISS.<\/p>\n<p>Je\u017celi chcesz zdoby\u0107 do\u015bwiadczenie i niezb\u0119dn\u0105 wiedz\u0119, nie zwlekaj.[\/vc_column_text][line_solid][line_solid][\/vc_column][\/vc_row][vc_row][vc_column][vc_column_text]<\/p>\n<h3>Proponujemy nauk\u0119 w wymienionych poni\u017cej zawodach oraz w pozosta\u0142ych dzia\u0142ach naszej firmy:<\/h3>\n<ul>\n<li class=\"first\">konstruktor;<\/li>\n<li>technolog;<\/li>\n<li>in\u017cynier zarz\u0105dzania produkcj\u0105;<\/li>\n<li class=\"last\">in\u017cynier spawalnik.<\/li>\n<\/ul>\n<p>[\/vc_column_text][vc_btn title=&#8221;Aplikuj&#8221; link=&#8221;url:https%3A%2F%2Fsystem.erecruiter.pl%2FFormTemplates%2FRecruitmentForm.aspx%3FWebID%3D1ef4b0ecbefe42b2b1bd8b445e06da2a|||&#8221;][\/vc_column][\/vc_row][vc_row][vc_column][\/vc_column][\/vc_row]<\/p>\n","protected":false},"excerpt":{"rendered":"<p>[vc_row][vc_column][heading text=&#8221;Praktyki&#8221; tag=&#8221;h2&#8243; align=&#8221;center&#8221;][line_solid][vc_column_text]Zapraszamy na praktyki zawodowe do WISS. Je\u017celi chcesz zdoby\u0107 do\u015bwiadczenie i niezb\u0119dn\u0105 wiedz\u0119, nie zwlekaj.[\/vc_column_text][line_solid][line_solid][\/vc_column][\/vc_row][vc_row][vc_column][vc_column_text] Proponujemy nauk\u0119 w wymienionych poni\u017cej zawodach oraz w pozosta\u0142ych dzia\u0142ach naszej firmy: konstruktor; technolog; in\u017cynier zarz\u0105dzania produkcj\u0105; in\u017cynier spawalnik. [\/vc_column_text][vc_btn title=&#8221;Aplikuj&#8221; link=&#8221;url:https%3A%2F%2Fsystem.erecruiter.pl%2FFormTemplates%2FRecruitmentForm.aspx%3FWebID%3D1ef4b0ecbefe42b2b1bd8b445e06da2a|||&#8221;][\/vc_column][\/vc_row][vc_row][vc_column][\/vc_column][\/vc_row]<\/p>\n","protected":false},"author":1,"featured_media":0,"parent":0,"menu_order":0,"comment_status":"closed","ping_status":"closed","template":"","meta":{"_acf_changed":false,"footnotes":""},"class_list":["post-1670","page","type-page","status-publish","hentry"],"acf":[],"yoast_head":"<!-- This site is optimized with the Yoast SEO plugin v27.6 - https:\/\/yoast.com\/product\/yoast-seo-wordpress\/ -->\n<title>Praktyki - WISS<\/title>\n<meta name=\"robots\" content=\"index, follow, max-snippet:-1, max-image-preview:large, max-video-preview:-1\" \/>\n<link rel=\"canonical\" href=\"https:\/\/www.wiss.com.pl\/en\/praktyki\/\" \/>\n<meta property=\"og:locale\" content=\"en_US\" \/>\n<meta property=\"og:type\" content=\"article\" \/>\n<meta property=\"og:title\" content=\"Praktyki - WISS\" \/>\n<meta property=\"og:description\" content=\"[vc_row][vc_column][heading text=&#8221;Praktyki&#8221; tag=&#8221;h2&#8243; align=&#8221;center&#8221;][line_solid][vc_column_text]Zapraszamy na praktyki zawodowe do WISS. Je\u017celi chcesz zdoby\u0107 do\u015bwiadczenie i niezb\u0119dn\u0105 wiedz\u0119, nie zwlekaj.[\/vc_column_text][line_solid][line_solid][\/vc_column][\/vc_row][vc_row][vc_column][vc_column_text] Proponujemy nauk\u0119 w wymienionych poni\u017cej zawodach oraz w pozosta\u0142ych dzia\u0142ach naszej firmy: konstruktor; technolog; in\u017cynier zarz\u0105dzania produkcj\u0105; in\u017cynier spawalnik. [\/vc_column_text][vc_btn title=&#8221;Aplikuj&#8221; link=&#8221;url:https%3A%2F%2Fsystem.erecruiter.pl%2FFormTemplates%2FRecruitmentForm.aspx%3FWebID%3D1ef4b0ecbefe42b2b1bd8b445e06da2a|||&#8221;][\/vc_column][\/vc_row][vc_row][vc_column][\/vc_column][\/vc_row]\" \/>\n<meta property=\"og:url\" content=\"https:\/\/www.wiss.com.pl\/en\/praktyki\/\" \/>\n<meta property=\"og:site_name\" content=\"WISS\" \/>\n<meta property=\"article:publisher\" content=\"https:\/\/www.facebook.com\/ISSwawrzaszek\/\" \/>\n<meta property=\"article:modified_time\" content=\"2020-05-17T16:25:44+00:00\" \/>\n<meta name=\"twitter:card\" content=\"summary_large_image\" \/>\n<meta name=\"twitter:label1\" content=\"Est. reading time\" \/>\n\t<meta name=\"twitter:data1\" content=\"1 minute\" \/>\n<script type=\"application\/ld+json\" class=\"yoast-schema-graph\">{\"@context\":\"https:\\\/\\\/schema.org\",\"@graph\":[{\"@type\":\"WebPage\",\"@id\":\"https:\\\/\\\/www.wiss.com.pl\\\/praktyki\\\/\",\"url\":\"https:\\\/\\\/www.wiss.com.pl\\\/praktyki\\\/\",\"name\":\"Praktyki - WISS\",\"isPartOf\":{\"@id\":\"https:\\\/\\\/www.wiss.com.pl\\\/#website\"},\"datePublished\":\"2020-05-17T16:21:21+00:00\",\"dateModified\":\"2020-05-17T16:25:44+00:00\",\"breadcrumb\":{\"@id\":\"https:\\\/\\\/www.wiss.com.pl\\\/praktyki\\\/#breadcrumb\"},\"inLanguage\":\"en-US\",\"potentialAction\":[{\"@type\":\"ReadAction\",\"target\":[\"https:\\\/\\\/www.wiss.com.pl\\\/praktyki\\\/\"]}]},{\"@type\":\"BreadcrumbList\",\"@id\":\"https:\\\/\\\/www.wiss.com.pl\\\/praktyki\\\/#breadcrumb\",\"itemListElement\":[{\"@type\":\"ListItem\",\"position\":1,\"name\":\"Strona g\u0142\u00f3wna\",\"item\":\"https:\\\/\\\/www.wiss.com.pl\\\/\"},{\"@type\":\"ListItem\",\"position\":2,\"name\":\"Praktyki\"}]},{\"@type\":\"WebSite\",\"@id\":\"https:\\\/\\\/www.wiss.com.pl\\\/#website\",\"url\":\"https:\\\/\\\/www.wiss.com.pl\\\/\",\"name\":\"WISS Samochody Specjalne\",\"description\":\"Czo\u0142owy producent samochod\u00f3w po\u017carniczych w Polsce i Europie. Samochody przeznaczone dla s\u0142u\u017cb mundurowych, takich jak: stra\u017c po\u017carna, wojsko i policja.\",\"publisher\":{\"@id\":\"https:\\\/\\\/www.wiss.com.pl\\\/#organization\"},\"potentialAction\":[{\"@type\":\"SearchAction\",\"target\":{\"@type\":\"EntryPoint\",\"urlTemplate\":\"https:\\\/\\\/www.wiss.com.pl\\\/?s={search_term_string}\"},\"query-input\":{\"@type\":\"PropertyValueSpecification\",\"valueRequired\":true,\"valueName\":\"search_term_string\"}}],\"inLanguage\":\"en-US\"},{\"@type\":\"Organization\",\"@id\":\"https:\\\/\\\/www.wiss.com.pl\\\/#organization\",\"name\":\"WISS Samochody Specjalne\",\"url\":\"https:\\\/\\\/www.wiss.com.pl\\\/\",\"logo\":{\"@type\":\"ImageObject\",\"inLanguage\":\"en-US\",\"@id\":\"https:\\\/\\\/www.wiss.com.pl\\\/#\\\/schema\\\/logo\\\/image\\\/\",\"url\":\"https:\\\/\\\/www.wiss.com.pl\\\/wp-content\\\/uploads\\\/2025\\\/01\\\/logo_bezpieczenstwo6-1.jpg\",\"contentUrl\":\"https:\\\/\\\/www.wiss.com.pl\\\/wp-content\\\/uploads\\\/2025\\\/01\\\/logo_bezpieczenstwo6-1.jpg\",\"width\":1450,\"height\":407,\"caption\":\"WISS Samochody Specjalne\"},\"image\":{\"@id\":\"https:\\\/\\\/www.wiss.com.pl\\\/#\\\/schema\\\/logo\\\/image\\\/\"},\"sameAs\":[\"https:\\\/\\\/www.facebook.com\\\/ISSwawrzaszek\\\/\"]}]}<\/script>\n<!-- \/ Yoast SEO plugin. -->","yoast_head_json":{"title":"Praktyki - WISS","robots":{"index":"index","follow":"follow","max-snippet":"max-snippet:-1","max-image-preview":"max-image-preview:large","max-video-preview":"max-video-preview:-1"},"canonical":"https:\/\/www.wiss.com.pl\/en\/praktyki\/","og_locale":"en_US","og_type":"article","og_title":"Praktyki - WISS","og_description":"[vc_row][vc_column][heading text=&#8221;Praktyki&#8221; tag=&#8221;h2&#8243; align=&#8221;center&#8221;][line_solid][vc_column_text]Zapraszamy na praktyki zawodowe do WISS. Je\u017celi chcesz zdoby\u0107 do\u015bwiadczenie i niezb\u0119dn\u0105 wiedz\u0119, nie zwlekaj.[\/vc_column_text][line_solid][line_solid][\/vc_column][\/vc_row][vc_row][vc_column][vc_column_text] Proponujemy nauk\u0119 w wymienionych poni\u017cej zawodach oraz w pozosta\u0142ych dzia\u0142ach naszej firmy: konstruktor; technolog; in\u017cynier zarz\u0105dzania produkcj\u0105; in\u017cynier spawalnik. [\/vc_column_text][vc_btn title=&#8221;Aplikuj&#8221; link=&#8221;url:https%3A%2F%2Fsystem.erecruiter.pl%2FFormTemplates%2FRecruitmentForm.aspx%3FWebID%3D1ef4b0ecbefe42b2b1bd8b445e06da2a|||&#8221;][\/vc_column][\/vc_row][vc_row][vc_column][\/vc_column][\/vc_row]","og_url":"https:\/\/www.wiss.com.pl\/en\/praktyki\/","og_site_name":"WISS","article_publisher":"https:\/\/www.facebook.com\/ISSwawrzaszek\/","article_modified_time":"2020-05-17T16:25:44+00:00","twitter_card":"summary_large_image","twitter_misc":{"Est. reading time":"1 minute"},"schema":{"@context":"https:\/\/schema.org","@graph":[{"@type":"WebPage","@id":"https:\/\/www.wiss.com.pl\/praktyki\/","url":"https:\/\/www.wiss.com.pl\/praktyki\/","name":"Praktyki - WISS","isPartOf":{"@id":"https:\/\/www.wiss.com.pl\/#website"},"datePublished":"2020-05-17T16:21:21+00:00","dateModified":"2020-05-17T16:25:44+00:00","breadcrumb":{"@id":"https:\/\/www.wiss.com.pl\/praktyki\/#breadcrumb"},"inLanguage":"en-US","potentialAction":[{"@type":"ReadAction","target":["https:\/\/www.wiss.com.pl\/praktyki\/"]}]},{"@type":"BreadcrumbList","@id":"https:\/\/www.wiss.com.pl\/praktyki\/#breadcrumb","itemListElement":[{"@type":"ListItem","position":1,"name":"Strona g\u0142\u00f3wna","item":"https:\/\/www.wiss.com.pl\/"},{"@type":"ListItem","position":2,"name":"Praktyki"}]},{"@type":"WebSite","@id":"https:\/\/www.wiss.com.pl\/#website","url":"https:\/\/www.wiss.com.pl\/","name":"WISS Samochody Specjalne","description":"Czo\u0142owy producent samochod\u00f3w po\u017carniczych w Polsce i Europie. Samochody przeznaczone dla s\u0142u\u017cb mundurowych, takich jak: stra\u017c po\u017carna, wojsko i policja.","publisher":{"@id":"https:\/\/www.wiss.com.pl\/#organization"},"potentialAction":[{"@type":"SearchAction","target":{"@type":"EntryPoint","urlTemplate":"https:\/\/www.wiss.com.pl\/?s={search_term_string}"},"query-input":{"@type":"PropertyValueSpecification","valueRequired":true,"valueName":"search_term_string"}}],"inLanguage":"en-US"},{"@type":"Organization","@id":"https:\/\/www.wiss.com.pl\/#organization","name":"WISS Samochody Specjalne","url":"https:\/\/www.wiss.com.pl\/","logo":{"@type":"ImageObject","inLanguage":"en-US","@id":"https:\/\/www.wiss.com.pl\/#\/schema\/logo\/image\/","url":"https:\/\/www.wiss.com.pl\/wp-content\/uploads\/2025\/01\/logo_bezpieczenstwo6-1.jpg","contentUrl":"https:\/\/www.wiss.com.pl\/wp-content\/uploads\/2025\/01\/logo_bezpieczenstwo6-1.jpg","width":1450,"height":407,"caption":"WISS Samochody Specjalne"},"image":{"@id":"https:\/\/www.wiss.com.pl\/#\/schema\/logo\/image\/"},"sameAs":["https:\/\/www.facebook.com\/ISSwawrzaszek\/"]}]}},"_links":{"self":[{"href":"https:\/\/www.wiss.com.pl\/en\/wp-json\/wp\/v2\/pages\/1670","targetHints":{"allow":["GET"]}}],"collection":[{"href":"https:\/\/www.wiss.com.pl\/en\/wp-json\/wp\/v2\/pages"}],"about":[{"href":"https:\/\/www.wiss.com.pl\/en\/wp-json\/wp\/v2\/types\/page"}],"author":[{"embeddable":true,"href":"https:\/\/www.wiss.com.pl\/en\/wp-json\/wp\/v2\/users\/1"}],"replies":[{"embeddable":true,"href":"https:\/\/www.wiss.com.pl\/en\/wp-json\/wp\/v2\/comments?post=1670"}],"version-history":[{"count":3,"href":"https:\/\/www.wiss.com.pl\/en\/wp-json\/wp\/v2\/pages\/1670\/revisions"}],"predecessor-version":[{"id":1679,"href":"https:\/\/www.wiss.com.pl\/en\/wp-json\/wp\/v2\/pages\/1670\/revisions\/1679"}],"wp:attachment":[{"href":"https:\/\/www.wiss.com.pl\/en\/wp-json\/wp\/v2\/media?parent=1670"}],"curies":[{"name":"wp","href":"https:\/\/api.w.org\/{rel}","templated":true}]}}