{"id":1503,"date":"2020-05-17T14:42:32","date_gmt":"2020-05-17T12:42:32","guid":{"rendered":"https:\/\/www.wiss.com.pl\/_www_wiss_polska\/stronanowa\/?page_id=1503"},"modified":"2024-10-29T16:36:58","modified_gmt":"2024-10-29T15:36:58","slug":"formularz-zgloszeniowy","status":"publish","type":"page","link":"https:\/\/www.wiss.com.pl\/en\/formularz-zgloszeniowy\/","title":{"rendered":"APPLICATION FORM"},"content":{"rendered":"<p>[vc_row][vc_column][heading text=&#8221;Formularz zg\u0142oszeniowy&#8221; tag=&#8221;h1&#8243; align=&#8221;center&#8221;][\/vc_column][\/vc_row][vc_row][vc_column][line_solid style=&#8221;line_light&#8221;][vc_column_text css=&#8221;&#8221;]<\/p>\n<p class=\"p1\">Zg\u0142oszenia prosimy sk\u0142ada\u0107 drog\u0105 mailow\u0105.\u200b<\/p>\n<p>[\/vc_column_text][\/vc_column][\/vc_row][vc_row css=&#8221;.vc_custom_1438577300524{padding-bottom: 90px !important;}&#8221;][vc_column width=&#8221;2\/3&#8243; animate=&#8221;fadeinleft&#8221; wap_class=&#8221;wow fadeInUp&#8221;][vc_empty_space height=&#8221;10px&#8221;][\/vc_column][vc_column width=&#8221;1\/3&#8243; animate=&#8221;fadinright&#8221; wap_class=&#8221;wow fadeInUp&#8221;][heading text=&#8221;Kontakt&#8221; tag=&#8221;h3&#8243;][vc_column_text]<\/p>\n<address>\n<div>ul. Leszczy\u0144ska 22, 43-300 Bielsko-Bia\u0142a<\/div>\n<div><strong>Telefon:<\/strong>+48 33 82 70 800<\/div>\n<div><strong>Fax:<\/strong>+48 33 81 62 270<\/div>\n<div><strong>Email:<\/strong><a href=\"mailto:info@www.wiss.com.pl\">info@www.wiss.com.pl<\/a><\/div>\n<div><strong>Web:<\/strong><a href=\"#test\">www.wiss.com.pl<\/a><\/div>\n<div><strong>Otwarte<\/strong>Pon- Pt 08:00 &#8211; 16:00<\/div>\n<\/address>\n<p>[\/vc_column_text][\/vc_column][\/vc_row][vc_row][vc_column][vc_column_text][\/vc_column_text][\/vc_column][\/vc_row]<\/p>\n<!-- \/wp:post-content -->","protected":false},"excerpt":{"rendered":"<p>[vc_row][vc_column][heading text=&#8221;Formularz zg\u0142oszeniowy&#8221; tag=&#8221;h1&#8243; align=&#8221;center&#8221;][\/vc_column][\/vc_row][vc_row][vc_column][line_solid style=&#8221;line_light&#8221;][vc_column_text css=&#8221;&#8221;] Zg\u0142oszenia prosimy sk\u0142ada\u0107 drog\u0105 mailow\u0105.\u200b [\/vc_column_text][\/vc_column][\/vc_row][vc_row css=&#8221;.vc_custom_1438577300524{padding-bottom: 90px !important;}&#8221;][vc_column width=&#8221;2\/3&#8243; animate=&#8221;fadeinleft&#8221; wap_class=&#8221;wow fadeInUp&#8221;][vc_empty_space height=&#8221;10px&#8221;][\/vc_column][vc_column width=&#8221;1\/3&#8243; animate=&#8221;fadinright&#8221; wap_class=&#8221;wow fadeInUp&#8221;][heading text=&#8221;Kontakt&#8221; tag=&#8221;h3&#8243;][vc_column_text] ul. Leszczy\u0144ska 22, 43-300 Bielsko-Bia\u0142a Telefon:+48 33 82 70 800 Fax:+48 33 81 62 270 Email:info@www.wiss.com.pl Web:www.wiss.com.pl OtwartePon- Pt 08:00 &#8211; 16:00 [\/vc_column_text][\/vc_column][\/vc_row][vc_row][vc_column][vc_column_text][\/vc_column_text][\/vc_column][\/vc_row]<\/p>\n","protected":false},"author":1,"featured_media":0,"parent":0,"menu_order":0,"comment_status":"closed","ping_status":"closed","template":"","meta":{"_acf_changed":false,"footnotes":""},"class_list":["post-1503","page","type-page","status-publish","hentry"],"acf":[],"yoast_head":"<!-- This site is optimized with the Yoast SEO plugin v27.4 - https:\/\/yoast.com\/product\/yoast-seo-wordpress\/ -->\n<title>Formularz zg\u0142oszeniowy - WISS<\/title>\n<meta name=\"robots\" content=\"index, follow, max-snippet:-1, max-image-preview:large, max-video-preview:-1\" \/>\n<link rel=\"canonical\" href=\"https:\/\/www.wiss.com.pl\/en\/formularz-zgloszeniowy\/\" \/>\n<meta property=\"og:locale\" content=\"en_US\" \/>\n<meta property=\"og:type\" content=\"article\" \/>\n<meta property=\"og:title\" content=\"Formularz zg\u0142oszeniowy - WISS\" \/>\n<meta property=\"og:description\" content=\"[vc_row][vc_column][heading text=&#8221;Formularz zg\u0142oszeniowy&#8221; tag=&#8221;h1&#8243; align=&#8221;center&#8221;][\/vc_column][\/vc_row][vc_row][vc_column][line_solid style=&#8221;line_light&#8221;][vc_column_text css=&#8221;&#8221;] Zg\u0142oszenia prosimy sk\u0142ada\u0107 drog\u0105 mailow\u0105.\u200b [\/vc_column_text][\/vc_column][\/vc_row][vc_row css=&#8221;.vc_custom_1438577300524{padding-bottom: 90px !important;}&#8221;][vc_column width=&#8221;2\/3&#8243; animate=&#8221;fadeinleft&#8221; wap_class=&#8221;wow fadeInUp&#8221;][vc_empty_space height=&#8221;10px&#8221;][\/vc_column][vc_column width=&#8221;1\/3&#8243; animate=&#8221;fadinright&#8221; wap_class=&#8221;wow fadeInUp&#8221;][heading text=&#8221;Kontakt&#8221; tag=&#8221;h3&#8243;][vc_column_text] ul. Leszczy\u0144ska 22, 43-300 Bielsko-Bia\u0142a Telefon:+48 33 82 70 800 Fax:+48 33 81 62 270 Email:info@www.wiss.com.pl Web:www.wiss.com.pl OtwartePon- Pt 08:00 &#8211; 16:00 [\/vc_column_text][\/vc_column][\/vc_row][vc_row][vc_column][vc_column_text][\/vc_column_text][\/vc_column][\/vc_row]\" \/>\n<meta property=\"og:url\" content=\"https:\/\/www.wiss.com.pl\/en\/formularz-zgloszeniowy\/\" \/>\n<meta property=\"og:site_name\" content=\"WISS\" \/>\n<meta property=\"article:publisher\" content=\"https:\/\/www.facebook.com\/ISSwawrzaszek\/\" \/>\n<meta property=\"article:modified_time\" content=\"2024-10-29T15:36:58+00:00\" \/>\n<meta name=\"twitter:card\" content=\"summary_large_image\" \/>\n<meta name=\"twitter:label1\" content=\"Est. reading time\" \/>\n\t<meta name=\"twitter:data1\" content=\"1 minute\" \/>\n<script type=\"application\/ld+json\" class=\"yoast-schema-graph\">{\"@context\":\"https:\\\/\\\/schema.org\",\"@graph\":[{\"@type\":\"WebPage\",\"@id\":\"https:\\\/\\\/www.wiss.com.pl\\\/formularz-zgloszeniowy\\\/\",\"url\":\"https:\\\/\\\/www.wiss.com.pl\\\/formularz-zgloszeniowy\\\/\",\"name\":\"Formularz zg\u0142oszeniowy - WISS\",\"isPartOf\":{\"@id\":\"https:\\\/\\\/www.wiss.com.pl\\\/#website\"},\"datePublished\":\"2020-05-17T12:42:32+00:00\",\"dateModified\":\"2024-10-29T15:36:58+00:00\",\"breadcrumb\":{\"@id\":\"https:\\\/\\\/www.wiss.com.pl\\\/formularz-zgloszeniowy\\\/#breadcrumb\"},\"inLanguage\":\"en-US\",\"potentialAction\":[{\"@type\":\"ReadAction\",\"target\":[\"https:\\\/\\\/www.wiss.com.pl\\\/formularz-zgloszeniowy\\\/\"]}]},{\"@type\":\"BreadcrumbList\",\"@id\":\"https:\\\/\\\/www.wiss.com.pl\\\/formularz-zgloszeniowy\\\/#breadcrumb\",\"itemListElement\":[{\"@type\":\"ListItem\",\"position\":1,\"name\":\"Strona g\u0142\u00f3wna\",\"item\":\"https:\\\/\\\/www.wiss.com.pl\\\/\"},{\"@type\":\"ListItem\",\"position\":2,\"name\":\"Formularz zg\u0142oszeniowy\"}]},{\"@type\":\"WebSite\",\"@id\":\"https:\\\/\\\/www.wiss.com.pl\\\/#website\",\"url\":\"https:\\\/\\\/www.wiss.com.pl\\\/\",\"name\":\"WISS Samochody Specjalne\",\"description\":\"Czo\u0142owy producent samochod\u00f3w po\u017carniczych w Polsce i Europie. Samochody przeznaczone dla s\u0142u\u017cb mundurowych, takich jak: stra\u017c po\u017carna, wojsko i policja.\",\"publisher\":{\"@id\":\"https:\\\/\\\/www.wiss.com.pl\\\/#organization\"},\"potentialAction\":[{\"@type\":\"SearchAction\",\"target\":{\"@type\":\"EntryPoint\",\"urlTemplate\":\"https:\\\/\\\/www.wiss.com.pl\\\/?s={search_term_string}\"},\"query-input\":{\"@type\":\"PropertyValueSpecification\",\"valueRequired\":true,\"valueName\":\"search_term_string\"}}],\"inLanguage\":\"en-US\"},{\"@type\":\"Organization\",\"@id\":\"https:\\\/\\\/www.wiss.com.pl\\\/#organization\",\"name\":\"WISS Samochody Specjalne\",\"url\":\"https:\\\/\\\/www.wiss.com.pl\\\/\",\"logo\":{\"@type\":\"ImageObject\",\"inLanguage\":\"en-US\",\"@id\":\"https:\\\/\\\/www.wiss.com.pl\\\/#\\\/schema\\\/logo\\\/image\\\/\",\"url\":\"https:\\\/\\\/www.wiss.com.pl\\\/wp-content\\\/uploads\\\/2025\\\/01\\\/logo_bezpieczenstwo6-1.jpg\",\"contentUrl\":\"https:\\\/\\\/www.wiss.com.pl\\\/wp-content\\\/uploads\\\/2025\\\/01\\\/logo_bezpieczenstwo6-1.jpg\",\"width\":1450,\"height\":407,\"caption\":\"WISS Samochody Specjalne\"},\"image\":{\"@id\":\"https:\\\/\\\/www.wiss.com.pl\\\/#\\\/schema\\\/logo\\\/image\\\/\"},\"sameAs\":[\"https:\\\/\\\/www.facebook.com\\\/ISSwawrzaszek\\\/\"]}]}<\/script>\n<!-- \/ Yoast SEO plugin. -->","yoast_head_json":{"title":"Formularz zg\u0142oszeniowy - WISS","robots":{"index":"index","follow":"follow","max-snippet":"max-snippet:-1","max-image-preview":"max-image-preview:large","max-video-preview":"max-video-preview:-1"},"canonical":"https:\/\/www.wiss.com.pl\/en\/formularz-zgloszeniowy\/","og_locale":"en_US","og_type":"article","og_title":"Formularz zg\u0142oszeniowy - WISS","og_description":"[vc_row][vc_column][heading text=&#8221;Formularz zg\u0142oszeniowy&#8221; tag=&#8221;h1&#8243; align=&#8221;center&#8221;][\/vc_column][\/vc_row][vc_row][vc_column][line_solid style=&#8221;line_light&#8221;][vc_column_text css=&#8221;&#8221;] Zg\u0142oszenia prosimy sk\u0142ada\u0107 drog\u0105 mailow\u0105.\u200b [\/vc_column_text][\/vc_column][\/vc_row][vc_row css=&#8221;.vc_custom_1438577300524{padding-bottom: 90px !important;}&#8221;][vc_column width=&#8221;2\/3&#8243; animate=&#8221;fadeinleft&#8221; wap_class=&#8221;wow fadeInUp&#8221;][vc_empty_space height=&#8221;10px&#8221;][\/vc_column][vc_column width=&#8221;1\/3&#8243; animate=&#8221;fadinright&#8221; wap_class=&#8221;wow fadeInUp&#8221;][heading text=&#8221;Kontakt&#8221; tag=&#8221;h3&#8243;][vc_column_text] ul. Leszczy\u0144ska 22, 43-300 Bielsko-Bia\u0142a Telefon:+48 33 82 70 800 Fax:+48 33 81 62 270 Email:info@www.wiss.com.pl Web:www.wiss.com.pl OtwartePon- Pt 08:00 &#8211; 16:00 [\/vc_column_text][\/vc_column][\/vc_row][vc_row][vc_column][vc_column_text][\/vc_column_text][\/vc_column][\/vc_row]","og_url":"https:\/\/www.wiss.com.pl\/en\/formularz-zgloszeniowy\/","og_site_name":"WISS","article_publisher":"https:\/\/www.facebook.com\/ISSwawrzaszek\/","article_modified_time":"2024-10-29T15:36:58+00:00","twitter_card":"summary_large_image","twitter_misc":{"Est. reading time":"1 minute"},"schema":{"@context":"https:\/\/schema.org","@graph":[{"@type":"WebPage","@id":"https:\/\/www.wiss.com.pl\/formularz-zgloszeniowy\/","url":"https:\/\/www.wiss.com.pl\/formularz-zgloszeniowy\/","name":"Formularz zg\u0142oszeniowy - WISS","isPartOf":{"@id":"https:\/\/www.wiss.com.pl\/#website"},"datePublished":"2020-05-17T12:42:32+00:00","dateModified":"2024-10-29T15:36:58+00:00","breadcrumb":{"@id":"https:\/\/www.wiss.com.pl\/formularz-zgloszeniowy\/#breadcrumb"},"inLanguage":"en-US","potentialAction":[{"@type":"ReadAction","target":["https:\/\/www.wiss.com.pl\/formularz-zgloszeniowy\/"]}]},{"@type":"BreadcrumbList","@id":"https:\/\/www.wiss.com.pl\/formularz-zgloszeniowy\/#breadcrumb","itemListElement":[{"@type":"ListItem","position":1,"name":"Strona g\u0142\u00f3wna","item":"https:\/\/www.wiss.com.pl\/"},{"@type":"ListItem","position":2,"name":"Formularz zg\u0142oszeniowy"}]},{"@type":"WebSite","@id":"https:\/\/www.wiss.com.pl\/#website","url":"https:\/\/www.wiss.com.pl\/","name":"WISS Samochody Specjalne","description":"Czo\u0142owy producent samochod\u00f3w po\u017carniczych w Polsce i Europie. Samochody przeznaczone dla s\u0142u\u017cb mundurowych, takich jak: stra\u017c po\u017carna, wojsko i policja.","publisher":{"@id":"https:\/\/www.wiss.com.pl\/#organization"},"potentialAction":[{"@type":"SearchAction","target":{"@type":"EntryPoint","urlTemplate":"https:\/\/www.wiss.com.pl\/?s={search_term_string}"},"query-input":{"@type":"PropertyValueSpecification","valueRequired":true,"valueName":"search_term_string"}}],"inLanguage":"en-US"},{"@type":"Organization","@id":"https:\/\/www.wiss.com.pl\/#organization","name":"WISS Samochody Specjalne","url":"https:\/\/www.wiss.com.pl\/","logo":{"@type":"ImageObject","inLanguage":"en-US","@id":"https:\/\/www.wiss.com.pl\/#\/schema\/logo\/image\/","url":"https:\/\/www.wiss.com.pl\/wp-content\/uploads\/2025\/01\/logo_bezpieczenstwo6-1.jpg","contentUrl":"https:\/\/www.wiss.com.pl\/wp-content\/uploads\/2025\/01\/logo_bezpieczenstwo6-1.jpg","width":1450,"height":407,"caption":"WISS Samochody Specjalne"},"image":{"@id":"https:\/\/www.wiss.com.pl\/#\/schema\/logo\/image\/"},"sameAs":["https:\/\/www.facebook.com\/ISSwawrzaszek\/"]}]}},"_links":{"self":[{"href":"https:\/\/www.wiss.com.pl\/en\/wp-json\/wp\/v2\/pages\/1503","targetHints":{"allow":["GET"]}}],"collection":[{"href":"https:\/\/www.wiss.com.pl\/en\/wp-json\/wp\/v2\/pages"}],"about":[{"href":"https:\/\/www.wiss.com.pl\/en\/wp-json\/wp\/v2\/types\/page"}],"author":[{"embeddable":true,"href":"https:\/\/www.wiss.com.pl\/en\/wp-json\/wp\/v2\/users\/1"}],"replies":[{"embeddable":true,"href":"https:\/\/www.wiss.com.pl\/en\/wp-json\/wp\/v2\/comments?post=1503"}],"version-history":[{"count":6,"href":"https:\/\/www.wiss.com.pl\/en\/wp-json\/wp\/v2\/pages\/1503\/revisions"}],"predecessor-version":[{"id":4147,"href":"https:\/\/www.wiss.com.pl\/en\/wp-json\/wp\/v2\/pages\/1503\/revisions\/4147"}],"wp:attachment":[{"href":"https:\/\/www.wiss.com.pl\/en\/wp-json\/wp\/v2\/media?parent=1503"}],"curies":[{"name":"wp","href":"https:\/\/api.w.org\/{rel}","templated":true}]}}