{"id":1501,"date":"2020-05-17T14:42:11","date_gmt":"2020-05-17T12:42:11","guid":{"rendered":"https:\/\/www.wiss.com.pl\/_www_wiss_polska\/stronanowa\/?page_id=1501"},"modified":"2024-08-19T13:01:11","modified_gmt":"2024-08-19T11:01:11","slug":"wservice","status":"publish","type":"page","link":"https:\/\/www.wiss.com.pl\/en\/wservice\/","title":{"rendered":"VSERVICE"},"content":{"rendered":"<p>[vc_row][vc_column width=&#8221;5\/6&#8243;][heading tag=&#8221;h2&#8243; align=&#8221;center&#8221;][heading text=&#8221;&#8220;WSERVICE&#8220; nowoczesny system diagnostyki pojazd\u00f3w.&#8221; tag=&#8221;h2&#8243; align=&#8221;center&#8221;][line_solid][vc_column_text]&#8221;WSERVICE&#8221; to zaawansowany system do zdalnej diagnostyki i obs\u0142ugi pojazd\u00f3w specjalnych, zapewnia tak\u017ce funkcj\u0119 kompleksowego zarz\u0105dzania flot\u0105 (Fleet management). Podczas pracy pojazdu ratowniczego &#8220;WSERVICE&#8221; rejestruje parametry w poje\u017adzie i wbudowanych elementach jego system\u00f3w a informacje o pozycji, pracy uk\u0142ad\u00f3w, stanie technicznym mog\u0105 by\u0107 dost\u0119pne lokalnie z pojazdu lub w sieci internet poprzez przegl\u0105dark\u0119 www.[\/vc_column_text][line_solid][\/vc_column][vc_column width=&#8221;1\/6&#8243;][\/vc_column][\/vc_row][vc_row][vc_column width=&#8221;4\/6&#8243;][vc_column_text]<\/p>\n<h4>G\u0142owne funkcje systemu:<\/h4>\n<ul>\n<li class=\"first\">informacja o stanie pojazdu;<\/li>\n<li>tworzenie raport\u00f3w wg szablon\u00f3w lub indywidualnych wymaga\u0144 klienta;<\/li>\n<li>rejestrowanie u\u017cytkownik\u00f3w pojazdu;<\/li>\n<li>zdalna diagnostyka;<\/li>\n<li>rejestrowanie parametr\u00f3w;<\/li>\n<li>monitoring pracy pojazdu z graficzn\u0105 prezentacj\u0105 na cyfrowych wykresach;<\/li>\n<li>zapis pozycji pojazdu i informacja o jego pracy;<\/li>\n<li>system zdalnego powiadamiania o awariach, stanach ostrzegawczych i serwisowych;<\/li>\n<li>baza danych pozwalaj\u0105ca analizowa\u0107 stan pojazdu lub jego pracy;<\/li>\n<li class=\"last\">narz\u0119dzia do monitoringu zu\u017cycia paliwa, \u015brodk\u00f3w ga\u015bniczych.<\/li>\n<\/ul>\n<div class=\"ce_hyperlink block\"><\/div>\n<div class=\"ce_hyperlink last block\">\n<div class=\"vc_element vc_vc_btn\" data-shortcode-controls=\"[&quot;edit&quot;,&quot;clone&quot;,&quot;delete&quot;]\" data-container=\"\" data-model-id=\"5785ef7f-ca9f\" data-tag=\"vc_btn\"><\/div>\n<\/div>\n<p>[\/vc_column_text][vc_btn title=&#8221;Pobierz kart\u0119 katalogow\u0105&#8221; color=&#8221;primary&#8221; align=&#8221;center&#8221; css=&#8221;&#8221; link=&#8221;url:https%3A%2F%2Fwww.wiss.com.pl%2Ffiles%2F__other_pdf%2Fwiss_w_service_PL.pdf&#8221;][\/vc_column][vc_column width=&#8221;1\/6&#8243;][vc_single_image image=&#8221;1654&#8243; img_size=&#8221;full&#8221;][\/vc_column][vc_column width=&#8221;1\/6&#8243;][\/vc_column][\/vc_row][vc_row][vc_column][vc_images_carousel images=&#8221;2653,2654,2655,2656,2490&#8243; img_size=&#8221;full&#8221; mode=&#8221;vertical&#8221; speed=&#8221;50000&#8243; slides_per_view=&#8221;2&#8243; hide_pagination_control=&#8221;yes&#8221; wrap=&#8221;yes&#8221; el_class=&#8221;warstwa1&#8243;][\/vc_column][\/vc_row]<\/p>\n","protected":false},"excerpt":{"rendered":"<p>[vc_row][vc_column width=&#8221;5\/6&#8243;][heading tag=&#8221;h2&#8243; align=&#8221;center&#8221;][heading text=&#8221;&#8220;WSERVICE&#8220; nowoczesny system diagnostyki pojazd\u00f3w.&#8221; tag=&#8221;h2&#8243; align=&#8221;center&#8221;][line_solid][vc_column_text]&#8221;WSERVICE&#8221; to zaawansowany system do zdalnej diagnostyki i obs\u0142ugi pojazd\u00f3w specjalnych, zapewnia tak\u017ce funkcj\u0119 kompleksowego zarz\u0105dzania flot\u0105 (Fleet management). Podczas pracy pojazdu ratowniczego &#8220;WSERVICE&#8221; rejestruje parametry w poje\u017adzie i wbudowanych elementach jego system\u00f3w a informacje o pozycji, pracy uk\u0142ad\u00f3w, stanie technicznym mog\u0105 by\u0107 dost\u0119pne lokalnie [&hellip;]<\/p>\n","protected":false},"author":1,"featured_media":0,"parent":0,"menu_order":0,"comment_status":"closed","ping_status":"closed","template":"","meta":{"_acf_changed":false,"footnotes":""},"class_list":["post-1501","page","type-page","status-publish","hentry"],"acf":[],"yoast_head":"<!-- This site is optimized with the Yoast SEO plugin v27.5 - https:\/\/yoast.com\/product\/yoast-seo-wordpress\/ -->\n<title>Wservice - WISS<\/title>\n<meta name=\"robots\" content=\"index, follow, max-snippet:-1, max-image-preview:large, max-video-preview:-1\" \/>\n<link rel=\"canonical\" href=\"https:\/\/www.wiss.com.pl\/en\/wservice\/\" \/>\n<meta property=\"og:locale\" content=\"en_US\" \/>\n<meta property=\"og:type\" content=\"article\" \/>\n<meta property=\"og:title\" content=\"Wservice - WISS\" \/>\n<meta property=\"og:description\" content=\"[vc_row][vc_column width=&#8221;5\/6&#8243;][heading tag=&#8221;h2&#8243; align=&#8221;center&#8221;][heading text=&#8221;&#8220;WSERVICE&#8220; nowoczesny system diagnostyki pojazd\u00f3w.&#8221; tag=&#8221;h2&#8243; align=&#8221;center&#8221;][line_solid][vc_column_text]&#8221;WSERVICE&#8221; to zaawansowany system do zdalnej diagnostyki i obs\u0142ugi pojazd\u00f3w specjalnych, zapewnia tak\u017ce funkcj\u0119 kompleksowego zarz\u0105dzania flot\u0105 (Fleet management). Podczas pracy pojazdu ratowniczego &#8220;WSERVICE&#8221; rejestruje parametry w poje\u017adzie i wbudowanych elementach jego system\u00f3w a informacje o pozycji, pracy uk\u0142ad\u00f3w, stanie technicznym mog\u0105 by\u0107 dost\u0119pne lokalnie [&hellip;]\" \/>\n<meta property=\"og:url\" content=\"https:\/\/www.wiss.com.pl\/en\/wservice\/\" \/>\n<meta property=\"og:site_name\" content=\"WISS\" \/>\n<meta property=\"article:publisher\" content=\"https:\/\/www.facebook.com\/ISSwawrzaszek\/\" \/>\n<meta property=\"article:modified_time\" content=\"2024-08-19T11:01:11+00:00\" \/>\n<meta name=\"twitter:card\" content=\"summary_large_image\" \/>\n<meta name=\"twitter:label1\" content=\"Est. reading time\" \/>\n\t<meta name=\"twitter:data1\" content=\"1 minute\" \/>\n<script type=\"application\/ld+json\" class=\"yoast-schema-graph\">{\"@context\":\"https:\\\/\\\/schema.org\",\"@graph\":[{\"@type\":\"WebPage\",\"@id\":\"https:\\\/\\\/www.wiss.com.pl\\\/wservice\\\/\",\"url\":\"https:\\\/\\\/www.wiss.com.pl\\\/wservice\\\/\",\"name\":\"Wservice - WISS\",\"isPartOf\":{\"@id\":\"https:\\\/\\\/www.wiss.com.pl\\\/#website\"},\"datePublished\":\"2020-05-17T12:42:11+00:00\",\"dateModified\":\"2024-08-19T11:01:11+00:00\",\"breadcrumb\":{\"@id\":\"https:\\\/\\\/www.wiss.com.pl\\\/wservice\\\/#breadcrumb\"},\"inLanguage\":\"en-US\",\"potentialAction\":[{\"@type\":\"ReadAction\",\"target\":[\"https:\\\/\\\/www.wiss.com.pl\\\/wservice\\\/\"]}]},{\"@type\":\"BreadcrumbList\",\"@id\":\"https:\\\/\\\/www.wiss.com.pl\\\/wservice\\\/#breadcrumb\",\"itemListElement\":[{\"@type\":\"ListItem\",\"position\":1,\"name\":\"Strona g\u0142\u00f3wna\",\"item\":\"https:\\\/\\\/www.wiss.com.pl\\\/\"},{\"@type\":\"ListItem\",\"position\":2,\"name\":\"Wservice\"}]},{\"@type\":\"WebSite\",\"@id\":\"https:\\\/\\\/www.wiss.com.pl\\\/#website\",\"url\":\"https:\\\/\\\/www.wiss.com.pl\\\/\",\"name\":\"WISS Samochody Specjalne\",\"description\":\"Czo\u0142owy producent samochod\u00f3w po\u017carniczych w Polsce i Europie. Samochody przeznaczone dla s\u0142u\u017cb mundurowych, takich jak: stra\u017c po\u017carna, wojsko i policja.\",\"publisher\":{\"@id\":\"https:\\\/\\\/www.wiss.com.pl\\\/#organization\"},\"potentialAction\":[{\"@type\":\"SearchAction\",\"target\":{\"@type\":\"EntryPoint\",\"urlTemplate\":\"https:\\\/\\\/www.wiss.com.pl\\\/?s={search_term_string}\"},\"query-input\":{\"@type\":\"PropertyValueSpecification\",\"valueRequired\":true,\"valueName\":\"search_term_string\"}}],\"inLanguage\":\"en-US\"},{\"@type\":\"Organization\",\"@id\":\"https:\\\/\\\/www.wiss.com.pl\\\/#organization\",\"name\":\"WISS Samochody Specjalne\",\"url\":\"https:\\\/\\\/www.wiss.com.pl\\\/\",\"logo\":{\"@type\":\"ImageObject\",\"inLanguage\":\"en-US\",\"@id\":\"https:\\\/\\\/www.wiss.com.pl\\\/#\\\/schema\\\/logo\\\/image\\\/\",\"url\":\"https:\\\/\\\/www.wiss.com.pl\\\/wp-content\\\/uploads\\\/2025\\\/01\\\/logo_bezpieczenstwo6-1.jpg\",\"contentUrl\":\"https:\\\/\\\/www.wiss.com.pl\\\/wp-content\\\/uploads\\\/2025\\\/01\\\/logo_bezpieczenstwo6-1.jpg\",\"width\":1450,\"height\":407,\"caption\":\"WISS Samochody Specjalne\"},\"image\":{\"@id\":\"https:\\\/\\\/www.wiss.com.pl\\\/#\\\/schema\\\/logo\\\/image\\\/\"},\"sameAs\":[\"https:\\\/\\\/www.facebook.com\\\/ISSwawrzaszek\\\/\"]}]}<\/script>\n<!-- \/ Yoast SEO plugin. -->","yoast_head_json":{"title":"Wservice - WISS","robots":{"index":"index","follow":"follow","max-snippet":"max-snippet:-1","max-image-preview":"max-image-preview:large","max-video-preview":"max-video-preview:-1"},"canonical":"https:\/\/www.wiss.com.pl\/en\/wservice\/","og_locale":"en_US","og_type":"article","og_title":"Wservice - WISS","og_description":"[vc_row][vc_column width=&#8221;5\/6&#8243;][heading tag=&#8221;h2&#8243; align=&#8221;center&#8221;][heading text=&#8221;&#8220;WSERVICE&#8220; nowoczesny system diagnostyki pojazd\u00f3w.&#8221; tag=&#8221;h2&#8243; align=&#8221;center&#8221;][line_solid][vc_column_text]&#8221;WSERVICE&#8221; to zaawansowany system do zdalnej diagnostyki i obs\u0142ugi pojazd\u00f3w specjalnych, zapewnia tak\u017ce funkcj\u0119 kompleksowego zarz\u0105dzania flot\u0105 (Fleet management). Podczas pracy pojazdu ratowniczego &#8220;WSERVICE&#8221; rejestruje parametry w poje\u017adzie i wbudowanych elementach jego system\u00f3w a informacje o pozycji, pracy uk\u0142ad\u00f3w, stanie technicznym mog\u0105 by\u0107 dost\u0119pne lokalnie [&hellip;]","og_url":"https:\/\/www.wiss.com.pl\/en\/wservice\/","og_site_name":"WISS","article_publisher":"https:\/\/www.facebook.com\/ISSwawrzaszek\/","article_modified_time":"2024-08-19T11:01:11+00:00","twitter_card":"summary_large_image","twitter_misc":{"Est. reading time":"1 minute"},"schema":{"@context":"https:\/\/schema.org","@graph":[{"@type":"WebPage","@id":"https:\/\/www.wiss.com.pl\/wservice\/","url":"https:\/\/www.wiss.com.pl\/wservice\/","name":"Wservice - WISS","isPartOf":{"@id":"https:\/\/www.wiss.com.pl\/#website"},"datePublished":"2020-05-17T12:42:11+00:00","dateModified":"2024-08-19T11:01:11+00:00","breadcrumb":{"@id":"https:\/\/www.wiss.com.pl\/wservice\/#breadcrumb"},"inLanguage":"en-US","potentialAction":[{"@type":"ReadAction","target":["https:\/\/www.wiss.com.pl\/wservice\/"]}]},{"@type":"BreadcrumbList","@id":"https:\/\/www.wiss.com.pl\/wservice\/#breadcrumb","itemListElement":[{"@type":"ListItem","position":1,"name":"Strona g\u0142\u00f3wna","item":"https:\/\/www.wiss.com.pl\/"},{"@type":"ListItem","position":2,"name":"Wservice"}]},{"@type":"WebSite","@id":"https:\/\/www.wiss.com.pl\/#website","url":"https:\/\/www.wiss.com.pl\/","name":"WISS Samochody Specjalne","description":"Czo\u0142owy producent samochod\u00f3w po\u017carniczych w Polsce i Europie. Samochody przeznaczone dla s\u0142u\u017cb mundurowych, takich jak: stra\u017c po\u017carna, wojsko i policja.","publisher":{"@id":"https:\/\/www.wiss.com.pl\/#organization"},"potentialAction":[{"@type":"SearchAction","target":{"@type":"EntryPoint","urlTemplate":"https:\/\/www.wiss.com.pl\/?s={search_term_string}"},"query-input":{"@type":"PropertyValueSpecification","valueRequired":true,"valueName":"search_term_string"}}],"inLanguage":"en-US"},{"@type":"Organization","@id":"https:\/\/www.wiss.com.pl\/#organization","name":"WISS Samochody Specjalne","url":"https:\/\/www.wiss.com.pl\/","logo":{"@type":"ImageObject","inLanguage":"en-US","@id":"https:\/\/www.wiss.com.pl\/#\/schema\/logo\/image\/","url":"https:\/\/www.wiss.com.pl\/wp-content\/uploads\/2025\/01\/logo_bezpieczenstwo6-1.jpg","contentUrl":"https:\/\/www.wiss.com.pl\/wp-content\/uploads\/2025\/01\/logo_bezpieczenstwo6-1.jpg","width":1450,"height":407,"caption":"WISS Samochody Specjalne"},"image":{"@id":"https:\/\/www.wiss.com.pl\/#\/schema\/logo\/image\/"},"sameAs":["https:\/\/www.facebook.com\/ISSwawrzaszek\/"]}]}},"_links":{"self":[{"href":"https:\/\/www.wiss.com.pl\/en\/wp-json\/wp\/v2\/pages\/1501","targetHints":{"allow":["GET"]}}],"collection":[{"href":"https:\/\/www.wiss.com.pl\/en\/wp-json\/wp\/v2\/pages"}],"about":[{"href":"https:\/\/www.wiss.com.pl\/en\/wp-json\/wp\/v2\/types\/page"}],"author":[{"embeddable":true,"href":"https:\/\/www.wiss.com.pl\/en\/wp-json\/wp\/v2\/users\/1"}],"replies":[{"embeddable":true,"href":"https:\/\/www.wiss.com.pl\/en\/wp-json\/wp\/v2\/comments?post=1501"}],"version-history":[{"count":17,"href":"https:\/\/www.wiss.com.pl\/en\/wp-json\/wp\/v2\/pages\/1501\/revisions"}],"predecessor-version":[{"id":3866,"href":"https:\/\/www.wiss.com.pl\/en\/wp-json\/wp\/v2\/pages\/1501\/revisions\/3866"}],"wp:attachment":[{"href":"https:\/\/www.wiss.com.pl\/en\/wp-json\/wp\/v2\/media?parent=1501"}],"curies":[{"name":"wp","href":"https:\/\/api.w.org\/{rel}","templated":true}]}}