{"id":1497,"date":"2020-05-17T14:41:50","date_gmt":"2020-05-17T12:41:50","guid":{"rendered":"https:\/\/www.wiss.com.pl\/_www_wiss_polska\/stronanowa\/?page_id=1497"},"modified":"2025-03-14T09:41:57","modified_gmt":"2025-03-14T08:41:57","slug":"informacja-ogolne","status":"publish","type":"page","link":"https:\/\/www.wiss.com.pl\/en\/informacja-ogolne\/","title":{"rendered":"GENERAL INFORMATION"},"content":{"rendered":"<div data-elementor-type=\"wp-page\" data-elementor-id=\"1497\" class=\"elementor elementor-1497\" data-elementor-post-type=\"page\">\n\t\t\t\t<div class=\"elementor-element elementor-element-05acefd e-flex e-con-boxed elementor-invisible e-con e-parent\" data-id=\"05acefd\" data-element_type=\"container\" data-e-type=\"container\" data-settings=\"{&quot;animation&quot;:&quot;fadeIn&quot;}\">\n\t\t\t\t\t<div class=\"e-con-inner\">\n\t\t\t\t<div class=\"elementor-element elementor-element-a5fdd87 elementor-widget elementor-widget-heading\" data-id=\"a5fdd87\" data-element_type=\"widget\" data-e-type=\"widget\" data-widget_type=\"heading.default\">\n\t\t\t\t<div class=\"elementor-widget-container\">\n\t\t\t\t\t<h2 class=\"elementor-heading-title elementor-size-default\">GENERAL INFORMATION<\/h2>\t\t\t\t<\/div>\n\t\t\t\t<\/div>\n\t\t\t\t<div class=\"elementor-element elementor-element-cbc5c4d elementor-widget-divider--view-line elementor-widget elementor-widget-divider\" data-id=\"cbc5c4d\" data-element_type=\"widget\" data-e-type=\"widget\" data-widget_type=\"divider.default\">\n\t\t\t\t<div class=\"elementor-widget-container\">\n\t\t\t\t\t\t\t<div class=\"elementor-divider\">\n\t\t\t<span class=\"elementor-divider-separator\">\n\t\t\t\t\t\t<\/span>\n\t\t<\/div>\n\t\t\t\t\t\t<\/div>\n\t\t\t\t<\/div>\n\t\t<div class=\"elementor-element elementor-element-16aee0f e-con-full e-flex e-con e-child\" data-id=\"16aee0f\" data-element_type=\"container\" data-e-type=\"container\">\n\t\t<div class=\"elementor-element elementor-element-5962db0 e-con-full e-flex e-con e-child\" data-id=\"5962db0\" data-element_type=\"container\" data-e-type=\"container\">\n\t\t\t\t<\/div>\n\t\t<div class=\"elementor-element elementor-element-a2581fd e-con-full e-flex e-con e-child\" data-id=\"a2581fd\" data-element_type=\"container\" data-e-type=\"container\">\n\t\t\t\t<div class=\"elementor-element elementor-element-4dee716 elementor-widget elementor-widget-text-editor\" data-id=\"4dee716\" data-element_type=\"widget\" data-e-type=\"widget\" data-widget_type=\"text-editor.default\">\n\t\t\t\t<div class=\"elementor-widget-container\">\n\t\t\t\t\t\t\t\t\t<p style=\"text-align: center;\">WISS provides professional service network, which ensures service and repair works for special vehicles, superstructures, trailers and containers. WISS has highly developed diagnostic and repair facilities and modern paint booths. It also provides post-accident repairs with the possibility of cashless settlement of payments with the Insurance Company.<\/p>\t\t\t\t\t\t\t\t<\/div>\n\t\t\t\t<\/div>\n\t\t\t\t<div class=\"elementor-element elementor-element-744d433 elementor-widget elementor-widget-text-editor\" data-id=\"744d433\" data-element_type=\"widget\" data-e-type=\"widget\" data-widget_type=\"text-editor.default\">\n\t\t\t\t<div class=\"elementor-widget-container\">\n\t\t\t\t\t\t\t\t\t<p>WISS has a state-of-the-art machine park, thanks to which it has the ability to complete any order. The qualified staff will not only diagnose the problem, but also carry out the repair professionally and ensure that every customer leaving the service is satisfied with the service.<\/p>\t\t\t\t\t\t\t\t<\/div>\n\t\t\t\t<\/div>\n\t\t\t\t<div class=\"elementor-element elementor-element-3983f28 elementor-widget elementor-widget-text-editor\" data-id=\"3983f28\" data-element_type=\"widget\" data-e-type=\"widget\" data-widget_type=\"text-editor.default\">\n\t\t\t\t<div class=\"elementor-widget-container\">\n\t\t\t\t\t\t\t\t\t<p><strong>The service offer includes:<\/strong><\/p><ul><li>constant access to spare parts during the warranty period;<\/li><li>guaranteed access to spare parts for up to 15 years from the purchase;<\/li><li>engineering, technical and service support through the product life cycle;<\/li><li>modifications and modernization of  vehicles;<\/li><li>post-accident vehicle repairs;<\/li><li>flexible terms and conditions to ensure optimal service quality in a given country.<\/li><\/ul>\t\t\t\t\t\t\t\t<\/div>\n\t\t\t\t<\/div>\n\t\t\t\t<\/div>\n\t\t<div class=\"elementor-element elementor-element-174c67b e-con-full e-flex e-con e-child\" data-id=\"174c67b\" data-element_type=\"container\" data-e-type=\"container\">\n\t\t\t\t<div class=\"elementor-element elementor-element-2243db1 elementor-invisible elementor-widget elementor-widget-image\" data-id=\"2243db1\" data-element_type=\"widget\" data-e-type=\"widget\" data-settings=\"{&quot;_animation&quot;:&quot;fadeIn&quot;}\" data-widget_type=\"image.default\">\n\t\t\t\t<div class=\"elementor-widget-container\">\n\t\t\t\t\t\t\t\t\t\t\t\t\t\t\t\t<a href=\"https:\/\/www.wiss.com.pl\/wp-content\/uploads\/2025\/03\/image-33.png\" data-elementor-open-lightbox=\"yes\" data-elementor-lightbox-title=\"image 33\" data-e-action-hash=\"#elementor-action%3Aaction%3Dlightbox%26settings%3DeyJpZCI6NDc5MywidXJsIjoiaHR0cHM6XC9cL3d3dy53aXNzLmNvbS5wbFwvd3AtY29udGVudFwvdXBsb2Fkc1wvMjAyNVwvMDNcL2ltYWdlLTMzLnBuZyJ9\">\n\t\t\t\t\t\t\t<img fetchpriority=\"high\" decoding=\"async\" width=\"483\" height=\"909\" src=\"https:\/\/www.wiss.com.pl\/wp-content\/uploads\/2025\/03\/image-33.png\" class=\"attachment-full size-full wp-image-4793\" alt=\"\" srcset=\"https:\/\/www.wiss.com.pl\/wp-content\/uploads\/2025\/03\/image-33.png 483w, https:\/\/www.wiss.com.pl\/wp-content\/uploads\/2025\/03\/image-33-159x300.png 159w\" sizes=\"(max-width: 483px) 100vw, 483px\" \/>\t\t\t\t\t\t\t\t<\/a>\n\t\t\t\t\t\t\t\t\t\t\t\t\t\t\t<\/div>\n\t\t\t\t<\/div>\n\t\t\t\t<\/div>\n\t\t\t\t<\/div>\n\t\t<div class=\"elementor-element elementor-element-3e75fc1 e-flex e-con-boxed e-con e-child\" data-id=\"3e75fc1\" data-element_type=\"container\" data-e-type=\"container\">\n\t\t\t\t\t<div class=\"e-con-inner\">\n\t\t\t\t\t<\/div>\n\t\t\t\t<\/div>\n\t\t\t\t\t<\/div>\n\t\t\t\t<\/div>\n\t\t\t\t<\/div>","protected":false},"excerpt":{"rendered":"<p>INFORMACJE OG\u00d3LNE Firma WISS \u015bwiadczy profesjonalne us\u0142ugi serwisowe pojazd\u00f3w specjalnych, zabud\u00f3w, przyczep i kontener\u00f3w. Wykonuje tak\u017ce us\u0142ugi diagnostyczne, naprawy blacharsko-lakiernicze, naprawy powypadkowe pojazd\u00f3w z mo\u017cliwo\u015bci\u0105 bezgot\u00f3wkowego rozliczenia p\u0142atno\u015bci z Towarzystwem Ubezpieczeniowym. WISS posiada nowoczesny park maszynowy, dzi\u0119ki kt\u00f3remu ma mo\u017cliwo\u015b\u0107 zrealizowania ka\u017cdego zlecenia. Wykwalifikowana kadra pracownik\u00f3w nie tylko zdiagnozuje problem, ale tak\u017ce profesjonalnie przeprowadzi napraw\u0119 [&hellip;]<\/p>\n","protected":false},"author":1,"featured_media":0,"parent":0,"menu_order":0,"comment_status":"closed","ping_status":"closed","template":"elementor_header_footer","meta":{"_acf_changed":false,"footnotes":""},"class_list":["post-1497","page","type-page","status-publish","hentry"],"acf":[],"yoast_head":"<!-- This site is optimized with the Yoast SEO plugin v27.5 - https:\/\/yoast.com\/product\/yoast-seo-wordpress\/ -->\n<title>Informacje og\u00f3lne - WISS<\/title>\n<meta name=\"robots\" content=\"index, follow, max-snippet:-1, max-image-preview:large, max-video-preview:-1\" \/>\n<link rel=\"canonical\" href=\"https:\/\/www.wiss.com.pl\/en\/informacja-ogolne\/\" \/>\n<meta property=\"og:locale\" content=\"en_US\" \/>\n<meta property=\"og:type\" content=\"article\" \/>\n<meta property=\"og:title\" content=\"Informacje og\u00f3lne - WISS\" \/>\n<meta property=\"og:description\" content=\"INFORMACJE OG\u00d3LNE Firma WISS \u015bwiadczy profesjonalne us\u0142ugi serwisowe pojazd\u00f3w specjalnych, zabud\u00f3w, przyczep i kontener\u00f3w. Wykonuje tak\u017ce us\u0142ugi diagnostyczne, naprawy blacharsko-lakiernicze, naprawy powypadkowe pojazd\u00f3w z mo\u017cliwo\u015bci\u0105 bezgot\u00f3wkowego rozliczenia p\u0142atno\u015bci z Towarzystwem Ubezpieczeniowym. WISS posiada nowoczesny park maszynowy, dzi\u0119ki kt\u00f3remu ma mo\u017cliwo\u015b\u0107 zrealizowania ka\u017cdego zlecenia. Wykwalifikowana kadra pracownik\u00f3w nie tylko zdiagnozuje problem, ale tak\u017ce profesjonalnie przeprowadzi napraw\u0119 [&hellip;]\" \/>\n<meta property=\"og:url\" content=\"https:\/\/www.wiss.com.pl\/en\/informacja-ogolne\/\" \/>\n<meta property=\"og:site_name\" content=\"WISS\" \/>\n<meta property=\"article:publisher\" content=\"https:\/\/www.facebook.com\/ISSwawrzaszek\/\" \/>\n<meta property=\"article:modified_time\" content=\"2025-03-14T08:41:57+00:00\" \/>\n<meta property=\"og:image\" content=\"https:\/\/www.wiss.com.pl\/wp-content\/uploads\/2025\/03\/image-33.png\" \/>\n\t<meta property=\"og:image:width\" content=\"483\" \/>\n\t<meta property=\"og:image:height\" content=\"909\" \/>\n\t<meta property=\"og:image:type\" content=\"image\/png\" \/>\n<meta name=\"twitter:card\" content=\"summary_large_image\" \/>\n<meta name=\"twitter:label1\" content=\"Est. reading time\" \/>\n\t<meta name=\"twitter:data1\" content=\"1 minute\" \/>\n<script type=\"application\/ld+json\" class=\"yoast-schema-graph\">{\"@context\":\"https:\\\/\\\/schema.org\",\"@graph\":[{\"@type\":\"WebPage\",\"@id\":\"https:\\\/\\\/www.wiss.com.pl\\\/informacja-ogolne\\\/\",\"url\":\"https:\\\/\\\/www.wiss.com.pl\\\/informacja-ogolne\\\/\",\"name\":\"Informacje og\u00f3lne - WISS\",\"isPartOf\":{\"@id\":\"https:\\\/\\\/www.wiss.com.pl\\\/#website\"},\"primaryImageOfPage\":{\"@id\":\"https:\\\/\\\/www.wiss.com.pl\\\/informacja-ogolne\\\/#primaryimage\"},\"image\":{\"@id\":\"https:\\\/\\\/www.wiss.com.pl\\\/informacja-ogolne\\\/#primaryimage\"},\"thumbnailUrl\":\"https:\\\/\\\/www.wiss.com.pl\\\/wp-content\\\/uploads\\\/2025\\\/03\\\/image-33.png\",\"datePublished\":\"2020-05-17T12:41:50+00:00\",\"dateModified\":\"2025-03-14T08:41:57+00:00\",\"breadcrumb\":{\"@id\":\"https:\\\/\\\/www.wiss.com.pl\\\/informacja-ogolne\\\/#breadcrumb\"},\"inLanguage\":\"en-US\",\"potentialAction\":[{\"@type\":\"ReadAction\",\"target\":[\"https:\\\/\\\/www.wiss.com.pl\\\/informacja-ogolne\\\/\"]}]},{\"@type\":\"ImageObject\",\"inLanguage\":\"en-US\",\"@id\":\"https:\\\/\\\/www.wiss.com.pl\\\/informacja-ogolne\\\/#primaryimage\",\"url\":\"https:\\\/\\\/www.wiss.com.pl\\\/wp-content\\\/uploads\\\/2025\\\/03\\\/image-33.png\",\"contentUrl\":\"https:\\\/\\\/www.wiss.com.pl\\\/wp-content\\\/uploads\\\/2025\\\/03\\\/image-33.png\"},{\"@type\":\"BreadcrumbList\",\"@id\":\"https:\\\/\\\/www.wiss.com.pl\\\/informacja-ogolne\\\/#breadcrumb\",\"itemListElement\":[{\"@type\":\"ListItem\",\"position\":1,\"name\":\"Strona g\u0142\u00f3wna\",\"item\":\"https:\\\/\\\/www.wiss.com.pl\\\/\"},{\"@type\":\"ListItem\",\"position\":2,\"name\":\"Informacje og\u00f3lne\"}]},{\"@type\":\"WebSite\",\"@id\":\"https:\\\/\\\/www.wiss.com.pl\\\/#website\",\"url\":\"https:\\\/\\\/www.wiss.com.pl\\\/\",\"name\":\"WISS Samochody Specjalne\",\"description\":\"Czo\u0142owy producent samochod\u00f3w po\u017carniczych w Polsce i Europie. Samochody przeznaczone dla s\u0142u\u017cb mundurowych, takich jak: stra\u017c po\u017carna, wojsko i policja.\",\"publisher\":{\"@id\":\"https:\\\/\\\/www.wiss.com.pl\\\/#organization\"},\"potentialAction\":[{\"@type\":\"SearchAction\",\"target\":{\"@type\":\"EntryPoint\",\"urlTemplate\":\"https:\\\/\\\/www.wiss.com.pl\\\/?s={search_term_string}\"},\"query-input\":{\"@type\":\"PropertyValueSpecification\",\"valueRequired\":true,\"valueName\":\"search_term_string\"}}],\"inLanguage\":\"en-US\"},{\"@type\":\"Organization\",\"@id\":\"https:\\\/\\\/www.wiss.com.pl\\\/#organization\",\"name\":\"WISS Samochody Specjalne\",\"url\":\"https:\\\/\\\/www.wiss.com.pl\\\/\",\"logo\":{\"@type\":\"ImageObject\",\"inLanguage\":\"en-US\",\"@id\":\"https:\\\/\\\/www.wiss.com.pl\\\/#\\\/schema\\\/logo\\\/image\\\/\",\"url\":\"https:\\\/\\\/www.wiss.com.pl\\\/wp-content\\\/uploads\\\/2025\\\/01\\\/logo_bezpieczenstwo6-1.jpg\",\"contentUrl\":\"https:\\\/\\\/www.wiss.com.pl\\\/wp-content\\\/uploads\\\/2025\\\/01\\\/logo_bezpieczenstwo6-1.jpg\",\"width\":1450,\"height\":407,\"caption\":\"WISS Samochody Specjalne\"},\"image\":{\"@id\":\"https:\\\/\\\/www.wiss.com.pl\\\/#\\\/schema\\\/logo\\\/image\\\/\"},\"sameAs\":[\"https:\\\/\\\/www.facebook.com\\\/ISSwawrzaszek\\\/\"]}]}<\/script>\n<!-- \/ Yoast SEO plugin. -->","yoast_head_json":{"title":"Informacje og\u00f3lne - WISS","robots":{"index":"index","follow":"follow","max-snippet":"max-snippet:-1","max-image-preview":"max-image-preview:large","max-video-preview":"max-video-preview:-1"},"canonical":"https:\/\/www.wiss.com.pl\/en\/informacja-ogolne\/","og_locale":"en_US","og_type":"article","og_title":"Informacje og\u00f3lne - WISS","og_description":"INFORMACJE OG\u00d3LNE Firma WISS \u015bwiadczy profesjonalne us\u0142ugi serwisowe pojazd\u00f3w specjalnych, zabud\u00f3w, przyczep i kontener\u00f3w. Wykonuje tak\u017ce us\u0142ugi diagnostyczne, naprawy blacharsko-lakiernicze, naprawy powypadkowe pojazd\u00f3w z mo\u017cliwo\u015bci\u0105 bezgot\u00f3wkowego rozliczenia p\u0142atno\u015bci z Towarzystwem Ubezpieczeniowym. WISS posiada nowoczesny park maszynowy, dzi\u0119ki kt\u00f3remu ma mo\u017cliwo\u015b\u0107 zrealizowania ka\u017cdego zlecenia. Wykwalifikowana kadra pracownik\u00f3w nie tylko zdiagnozuje problem, ale tak\u017ce profesjonalnie przeprowadzi napraw\u0119 [&hellip;]","og_url":"https:\/\/www.wiss.com.pl\/en\/informacja-ogolne\/","og_site_name":"WISS","article_publisher":"https:\/\/www.facebook.com\/ISSwawrzaszek\/","article_modified_time":"2025-03-14T08:41:57+00:00","og_image":[{"width":483,"height":909,"url":"https:\/\/www.wiss.com.pl\/wp-content\/uploads\/2025\/03\/image-33.png","type":"image\/png"}],"twitter_card":"summary_large_image","twitter_misc":{"Est. reading time":"1 minute"},"schema":{"@context":"https:\/\/schema.org","@graph":[{"@type":"WebPage","@id":"https:\/\/www.wiss.com.pl\/informacja-ogolne\/","url":"https:\/\/www.wiss.com.pl\/informacja-ogolne\/","name":"Informacje og\u00f3lne - WISS","isPartOf":{"@id":"https:\/\/www.wiss.com.pl\/#website"},"primaryImageOfPage":{"@id":"https:\/\/www.wiss.com.pl\/informacja-ogolne\/#primaryimage"},"image":{"@id":"https:\/\/www.wiss.com.pl\/informacja-ogolne\/#primaryimage"},"thumbnailUrl":"https:\/\/www.wiss.com.pl\/wp-content\/uploads\/2025\/03\/image-33.png","datePublished":"2020-05-17T12:41:50+00:00","dateModified":"2025-03-14T08:41:57+00:00","breadcrumb":{"@id":"https:\/\/www.wiss.com.pl\/informacja-ogolne\/#breadcrumb"},"inLanguage":"en-US","potentialAction":[{"@type":"ReadAction","target":["https:\/\/www.wiss.com.pl\/informacja-ogolne\/"]}]},{"@type":"ImageObject","inLanguage":"en-US","@id":"https:\/\/www.wiss.com.pl\/informacja-ogolne\/#primaryimage","url":"https:\/\/www.wiss.com.pl\/wp-content\/uploads\/2025\/03\/image-33.png","contentUrl":"https:\/\/www.wiss.com.pl\/wp-content\/uploads\/2025\/03\/image-33.png"},{"@type":"BreadcrumbList","@id":"https:\/\/www.wiss.com.pl\/informacja-ogolne\/#breadcrumb","itemListElement":[{"@type":"ListItem","position":1,"name":"Strona g\u0142\u00f3wna","item":"https:\/\/www.wiss.com.pl\/"},{"@type":"ListItem","position":2,"name":"Informacje og\u00f3lne"}]},{"@type":"WebSite","@id":"https:\/\/www.wiss.com.pl\/#website","url":"https:\/\/www.wiss.com.pl\/","name":"WISS Samochody Specjalne","description":"Czo\u0142owy producent samochod\u00f3w po\u017carniczych w Polsce i Europie. Samochody przeznaczone dla s\u0142u\u017cb mundurowych, takich jak: stra\u017c po\u017carna, wojsko i policja.","publisher":{"@id":"https:\/\/www.wiss.com.pl\/#organization"},"potentialAction":[{"@type":"SearchAction","target":{"@type":"EntryPoint","urlTemplate":"https:\/\/www.wiss.com.pl\/?s={search_term_string}"},"query-input":{"@type":"PropertyValueSpecification","valueRequired":true,"valueName":"search_term_string"}}],"inLanguage":"en-US"},{"@type":"Organization","@id":"https:\/\/www.wiss.com.pl\/#organization","name":"WISS Samochody Specjalne","url":"https:\/\/www.wiss.com.pl\/","logo":{"@type":"ImageObject","inLanguage":"en-US","@id":"https:\/\/www.wiss.com.pl\/#\/schema\/logo\/image\/","url":"https:\/\/www.wiss.com.pl\/wp-content\/uploads\/2025\/01\/logo_bezpieczenstwo6-1.jpg","contentUrl":"https:\/\/www.wiss.com.pl\/wp-content\/uploads\/2025\/01\/logo_bezpieczenstwo6-1.jpg","width":1450,"height":407,"caption":"WISS Samochody Specjalne"},"image":{"@id":"https:\/\/www.wiss.com.pl\/#\/schema\/logo\/image\/"},"sameAs":["https:\/\/www.facebook.com\/ISSwawrzaszek\/"]}]}},"_links":{"self":[{"href":"https:\/\/www.wiss.com.pl\/en\/wp-json\/wp\/v2\/pages\/1497","targetHints":{"allow":["GET"]}}],"collection":[{"href":"https:\/\/www.wiss.com.pl\/en\/wp-json\/wp\/v2\/pages"}],"about":[{"href":"https:\/\/www.wiss.com.pl\/en\/wp-json\/wp\/v2\/types\/page"}],"author":[{"embeddable":true,"href":"https:\/\/www.wiss.com.pl\/en\/wp-json\/wp\/v2\/users\/1"}],"replies":[{"embeddable":true,"href":"https:\/\/www.wiss.com.pl\/en\/wp-json\/wp\/v2\/comments?post=1497"}],"version-history":[{"count":29,"href":"https:\/\/www.wiss.com.pl\/en\/wp-json\/wp\/v2\/pages\/1497\/revisions"}],"predecessor-version":[{"id":5115,"href":"https:\/\/www.wiss.com.pl\/en\/wp-json\/wp\/v2\/pages\/1497\/revisions\/5115"}],"wp:attachment":[{"href":"https:\/\/www.wiss.com.pl\/en\/wp-json\/wp\/v2\/media?parent=1497"}],"curies":[{"name":"wp","href":"https:\/\/api.w.org\/{rel}","templated":true}]}}