{"id":1480,"date":"2020-05-17T14:36:13","date_gmt":"2020-05-17T12:36:13","guid":{"rendered":"https:\/\/www.wiss.com.pl\/_www_wiss_polska\/stronanowa\/?page_id=1480"},"modified":"2021-06-01T21:09:11","modified_gmt":"2021-06-01T19:09:11","slug":"nagrody-i-publikacje","status":"publish","type":"page","link":"https:\/\/www.wiss.com.pl\/en\/nagrody-i-publikacje\/","title":{"rendered":"Nagrody i publikacje"},"content":{"rendered":"<p>[vc_row][vc_column width=&#8221;2\/3&#8243;][heading text=&#8221;PUBLIKACJE PRASOWE<br \/>\nI NAGRODY NASZEJ FIRMY&#8221; tag=&#8221;h2&#8243; align=&#8221;center&#8221;][line_solid][\/vc_column][vc_column width=&#8221;1\/3&#8243;][\/vc_column][\/vc_row][vc_row][vc_column width=&#8221;1\/6&#8243;][vc_single_image image=&#8221;1600&#8243; img_size=&#8221;medium&#8221; onclick=&#8221;link_image&#8221;][\/vc_column][vc_column width=&#8221;4\/6&#8243;][vc_column_text]<\/p>\n<h3><span class=\"Bl\">WISS laureatem konkursu LIDER 2017<\/span><\/h3>\n<p><span class=\"Bl aText\">Firma Wawrzaszek ISS zosta\u0142a doceniona w konkursie \u201eLIDER 2017\u201d, kt\u00f3rego celem jest wskazanie najciekawszych i najbardziej innowacyjnych rozwi\u0105za\u0144 technologicznych, jakie zosta\u0142y wprowadzone w roku 2017. WISS zaj\u0119\u0142a III miejsce w kategorii Przemys\u0142 4.0.<\/span>[\/vc_column_text][\/vc_column][vc_column width=&#8221;1\/6&#8243;][\/vc_column][\/vc_row][vc_row][vc_column width=&#8221;1\/2&#8243;][line_solid][\/vc_column][vc_column width=&#8221;1\/2&#8243;][\/vc_column][\/vc_row][vc_row][vc_column width=&#8221;1\/6&#8243;][vc_single_image image=&#8221;1604&#8243; img_size=&#8221;medium&#8221; onclick=&#8221;link_image&#8221;][\/vc_column][vc_column width=&#8221;4\/6&#8243;][vc_column_text]<\/p>\n<h3><span class=\"Bl\"><br \/>\nWISS laureatem konkursu GLOBALNI LIDERZY PRZYSZ\u0141O\u015aCI<\/span><\/h3>\n<p><span class=\"Bl aText\">ICAN Institute, wydawca Harvard Business Review Polska, w tegorocznej edycji konkursu \u201eGlobalni Liderzy Przysz\u0142o\u015bci\u201d, pod honorowym patronatem Ministerstwa Rozwoju, wy\u0142oni\u0142 spo\u015br\u00f3d ponad 200 firm z wi\u0119kszo\u015bciowym kapita\u0142em polskim, 4 laureat\u00f3w. W\u015br\u00f3d nich znalaz\u0142 si\u0119 WISS &#8211; Wawrzaszek In\u017cynieria Samochod\u00f3w Specjalnych..<\/span>[\/vc_column_text][\/vc_column][vc_column width=&#8221;1\/6&#8243;][\/vc_column][\/vc_row][vc_row][vc_column width=&#8221;2\/3&#8243;][line_solid][\/vc_column][vc_column width=&#8221;1\/3&#8243;][\/vc_column][\/vc_row][vc_row][vc_column width=&#8221;1\/6&#8243;][vc_single_image image=&#8221;1605&#8243; img_size=&#8221;medium&#8221; onclick=&#8221;link_image&#8221;][\/vc_column][vc_column width=&#8221;4\/6&#8243;][vc_column_text]<\/p>\n<h3>WISS zostaje TOP PRACODAWC\u0104 w Silesia HR Trends<\/h3>\n<p><span class=\"Bl aText\">Wawrzaszek in\u017cynieria Samochod\u00f3w Specjalnych otrzyma\u0142a tytu\u0142 TOP PRACODAWCY wojew\u00f3dztwa \u015bl\u0105skiego, przyznany w ramach konkursu organizowanego przez Silesia HR Trends.<\/span>[\/vc_column_text][\/vc_column][vc_column width=&#8221;1\/6&#8243;][\/vc_column][\/vc_row][vc_row][vc_column width=&#8221;2\/3&#8243;][line_solid][\/vc_column][vc_column width=&#8221;1\/3&#8243;][\/vc_column][\/vc_row][vc_row][vc_column width=&#8221;1\/6&#8243;][vc_single_image image=&#8221;1606&#8243; img_size=&#8221;medium&#8221; onclick=&#8221;link_image&#8221;][\/vc_column][vc_column width=&#8221;4\/6&#8243;][vc_column_text]<\/p>\n<h3>WISS finalist\u0105 Nagrody Gospodarczej Prezydenta RP<\/h3>\n<p>Firma Wawrzaszek ISS zdoby\u0142a Nagrod\u0119 Gospodarcz\u0105 Prezydenta RP w kategorii Mi\u0119dzynarodowy Sukces. Nagrod\u0119 Prezesowi WISS wr\u0119cza\u0142 sam Prezydent Rzeczpospolitej Polski \u2013 Andrzej Duda.[\/vc_column_text][\/vc_column][vc_column width=&#8221;1\/6&#8243;][\/vc_column][\/vc_row][vc_row][vc_column width=&#8221;2\/3&#8243;][line_solid][\/vc_column][vc_column width=&#8221;1\/3&#8243;][\/vc_column][\/vc_row][vc_row][vc_column width=&#8221;1\/6&#8243;][vc_single_image image=&#8221;1607&#8243; img_size=&#8221;medium&#8221; onclick=&#8221;link_image&#8221;][\/vc_column][vc_column width=&#8221;4\/6&#8243;][vc_column_text]<\/p>\n<h3>WISS wygrywa INICJATORA INNOWACJI<\/h3>\n<p>Wygrali\u015bmy tegoroczny konkurs &#8220;Inicjator Innowacji&#8221;, kt\u00f3rego celem jest promocja innowacyjno\u015bci na rynku polskim. Organizatorem konkursu jest tygodnik Newsweek Polska a partnerem merytorycznym firma doradcza PwC. WISS &#8211; jako polska firma zosta\u0142a doceniona za innowacyjne rozwi\u0105zania produkcyjne, z czego jeste\u015bmy bardzo dumni.[\/vc_column_text][\/vc_column][vc_column width=&#8221;1\/6&#8243;][\/vc_column][\/vc_row][vc_row][vc_column width=&#8221;2\/3&#8243;][line_solid][\/vc_column][vc_column width=&#8221;1\/3&#8243;][\/vc_column][\/vc_row][vc_row][vc_column width=&#8221;1\/6&#8243;][vc_single_image image=&#8221;1608&#8243; img_size=&#8221;medium&#8221; onclick=&#8221;link_image&#8221;][\/vc_column][vc_column width=&#8221;4\/6&#8243;][vc_column_text]<\/p>\n<h3>Nagroda za INNOWACYJNO\u015a\u0106 PREZENTOWANYCH ROZWI\u0104ZA\u0143<\/h3>\n<p>Podczas targ\u00f3w &#8220;Eudra 2016&#8243; firma WISS otrzyma\u0142a 2 nagrody. Pierwsza zosta\u0142a przyznana za aran\u017cacje stoiska, druga z kolei okaza\u0142a si\u0119 by\u0107 indywidualn\u0105 nagrod\u0105 przyznan\u0105 przez Klub Generalski Pa\u0144stwowej Stra\u017cy Po\u017carnej za innowacyjno\u015b\u0107 rozwi\u0105za\u0144 prezentowanych.[\/vc_column_text][\/vc_column][vc_column width=&#8221;1\/6&#8243;][\/vc_column][\/vc_row][vc_row][vc_column width=&#8221;1\/4&#8243;][\/vc_column][vc_column width=&#8221;3\/4&#8243;][\/vc_column][\/vc_row][vc_row][vc_column][vc_images_carousel images=&#8221;2637,2638,2639,2640,2490&#8243; img_size=&#8221;full&#8221; mode=&#8221;vertical&#8221; speed=&#8221;50000&#8243; slides_per_view=&#8221;2&#8243; hide_pagination_control=&#8221;yes&#8221; wrap=&#8221;yes&#8221; el_class=&#8221;warstwa1&#8243;][\/vc_column][\/vc_row]<\/p>\n","protected":false},"excerpt":{"rendered":"<p>[vc_row][vc_column width=&#8221;2\/3&#8243;][heading text=&#8221;PUBLIKACJE PRASOWE I NAGRODY NASZEJ FIRMY&#8221; tag=&#8221;h2&#8243; align=&#8221;center&#8221;][line_solid][\/vc_column][vc_column width=&#8221;1\/3&#8243;][\/vc_column][\/vc_row][vc_row][vc_column width=&#8221;1\/6&#8243;][vc_single_image image=&#8221;1600&#8243; img_size=&#8221;medium&#8221; onclick=&#8221;link_image&#8221;][\/vc_column][vc_column width=&#8221;4\/6&#8243;][vc_column_text] WISS laureatem konkursu LIDER 2017 Firma Wawrzaszek ISS zosta\u0142a doceniona w konkursie \u201eLIDER 2017\u201d, kt\u00f3rego celem jest wskazanie najciekawszych i najbardziej innowacyjnych rozwi\u0105za\u0144 technologicznych, jakie zosta\u0142y wprowadzone w roku 2017. WISS zaj\u0119\u0142a III miejsce w kategorii Przemys\u0142 4.0.[\/vc_column_text][\/vc_column][vc_column width=&#8221;1\/6&#8243;][\/vc_column][\/vc_row][vc_row][vc_column [&hellip;]<\/p>\n","protected":false},"author":1,"featured_media":0,"parent":0,"menu_order":0,"comment_status":"closed","ping_status":"closed","template":"","meta":{"_acf_changed":false,"footnotes":""},"class_list":["post-1480","page","type-page","status-publish","hentry"],"acf":[],"yoast_head":"<!-- This site is optimized with the Yoast SEO plugin v27.6 - https:\/\/yoast.com\/product\/yoast-seo-wordpress\/ -->\n<title>Nagrody i publikacje - WISS<\/title>\n<meta name=\"robots\" content=\"index, follow, max-snippet:-1, max-image-preview:large, max-video-preview:-1\" \/>\n<link rel=\"canonical\" href=\"https:\/\/www.wiss.com.pl\/en\/nagrody-i-publikacje\/\" \/>\n<meta property=\"og:locale\" content=\"en_US\" \/>\n<meta property=\"og:type\" content=\"article\" \/>\n<meta property=\"og:title\" content=\"Nagrody i publikacje - WISS\" \/>\n<meta property=\"og:description\" content=\"[vc_row][vc_column width=&#8221;2\/3&#8243;][heading text=&#8221;PUBLIKACJE PRASOWE I NAGRODY NASZEJ FIRMY&#8221; tag=&#8221;h2&#8243; align=&#8221;center&#8221;][line_solid][\/vc_column][vc_column width=&#8221;1\/3&#8243;][\/vc_column][\/vc_row][vc_row][vc_column width=&#8221;1\/6&#8243;][vc_single_image image=&#8221;1600&#8243; img_size=&#8221;medium&#8221; onclick=&#8221;link_image&#8221;][\/vc_column][vc_column width=&#8221;4\/6&#8243;][vc_column_text] WISS laureatem konkursu LIDER 2017 Firma Wawrzaszek ISS zosta\u0142a doceniona w konkursie \u201eLIDER 2017\u201d, kt\u00f3rego celem jest wskazanie najciekawszych i najbardziej innowacyjnych rozwi\u0105za\u0144 technologicznych, jakie zosta\u0142y wprowadzone w roku 2017. WISS zaj\u0119\u0142a III miejsce w kategorii Przemys\u0142 4.0.[\/vc_column_text][\/vc_column][vc_column width=&#8221;1\/6&#8243;][\/vc_column][\/vc_row][vc_row][vc_column [&hellip;]\" \/>\n<meta property=\"og:url\" content=\"https:\/\/www.wiss.com.pl\/en\/nagrody-i-publikacje\/\" \/>\n<meta property=\"og:site_name\" content=\"WISS\" \/>\n<meta property=\"article:publisher\" content=\"https:\/\/www.facebook.com\/ISSwawrzaszek\/\" \/>\n<meta property=\"article:modified_time\" content=\"2021-06-01T19:09:11+00:00\" \/>\n<meta name=\"twitter:card\" content=\"summary_large_image\" \/>\n<meta name=\"twitter:label1\" content=\"Est. reading time\" \/>\n\t<meta name=\"twitter:data1\" content=\"3 minutes\" \/>\n<script type=\"application\/ld+json\" class=\"yoast-schema-graph\">{\"@context\":\"https:\\\/\\\/schema.org\",\"@graph\":[{\"@type\":\"WebPage\",\"@id\":\"https:\\\/\\\/www.wiss.com.pl\\\/nagrody-i-publikacje\\\/\",\"url\":\"https:\\\/\\\/www.wiss.com.pl\\\/nagrody-i-publikacje\\\/\",\"name\":\"Nagrody i publikacje - WISS\",\"isPartOf\":{\"@id\":\"https:\\\/\\\/www.wiss.com.pl\\\/#website\"},\"datePublished\":\"2020-05-17T12:36:13+00:00\",\"dateModified\":\"2021-06-01T19:09:11+00:00\",\"breadcrumb\":{\"@id\":\"https:\\\/\\\/www.wiss.com.pl\\\/nagrody-i-publikacje\\\/#breadcrumb\"},\"inLanguage\":\"en-US\",\"potentialAction\":[{\"@type\":\"ReadAction\",\"target\":[\"https:\\\/\\\/www.wiss.com.pl\\\/nagrody-i-publikacje\\\/\"]}]},{\"@type\":\"BreadcrumbList\",\"@id\":\"https:\\\/\\\/www.wiss.com.pl\\\/nagrody-i-publikacje\\\/#breadcrumb\",\"itemListElement\":[{\"@type\":\"ListItem\",\"position\":1,\"name\":\"Strona g\u0142\u00f3wna\",\"item\":\"https:\\\/\\\/www.wiss.com.pl\\\/\"},{\"@type\":\"ListItem\",\"position\":2,\"name\":\"Nagrody i publikacje\"}]},{\"@type\":\"WebSite\",\"@id\":\"https:\\\/\\\/www.wiss.com.pl\\\/#website\",\"url\":\"https:\\\/\\\/www.wiss.com.pl\\\/\",\"name\":\"WISS Samochody Specjalne\",\"description\":\"Czo\u0142owy producent samochod\u00f3w po\u017carniczych w Polsce i Europie. Samochody przeznaczone dla s\u0142u\u017cb mundurowych, takich jak: stra\u017c po\u017carna, wojsko i policja.\",\"publisher\":{\"@id\":\"https:\\\/\\\/www.wiss.com.pl\\\/#organization\"},\"potentialAction\":[{\"@type\":\"SearchAction\",\"target\":{\"@type\":\"EntryPoint\",\"urlTemplate\":\"https:\\\/\\\/www.wiss.com.pl\\\/?s={search_term_string}\"},\"query-input\":{\"@type\":\"PropertyValueSpecification\",\"valueRequired\":true,\"valueName\":\"search_term_string\"}}],\"inLanguage\":\"en-US\"},{\"@type\":\"Organization\",\"@id\":\"https:\\\/\\\/www.wiss.com.pl\\\/#organization\",\"name\":\"WISS Samochody Specjalne\",\"url\":\"https:\\\/\\\/www.wiss.com.pl\\\/\",\"logo\":{\"@type\":\"ImageObject\",\"inLanguage\":\"en-US\",\"@id\":\"https:\\\/\\\/www.wiss.com.pl\\\/#\\\/schema\\\/logo\\\/image\\\/\",\"url\":\"https:\\\/\\\/www.wiss.com.pl\\\/wp-content\\\/uploads\\\/2025\\\/01\\\/logo_bezpieczenstwo6-1.jpg\",\"contentUrl\":\"https:\\\/\\\/www.wiss.com.pl\\\/wp-content\\\/uploads\\\/2025\\\/01\\\/logo_bezpieczenstwo6-1.jpg\",\"width\":1450,\"height\":407,\"caption\":\"WISS Samochody Specjalne\"},\"image\":{\"@id\":\"https:\\\/\\\/www.wiss.com.pl\\\/#\\\/schema\\\/logo\\\/image\\\/\"},\"sameAs\":[\"https:\\\/\\\/www.facebook.com\\\/ISSwawrzaszek\\\/\"]}]}<\/script>\n<!-- \/ Yoast SEO plugin. -->","yoast_head_json":{"title":"Nagrody i publikacje - WISS","robots":{"index":"index","follow":"follow","max-snippet":"max-snippet:-1","max-image-preview":"max-image-preview:large","max-video-preview":"max-video-preview:-1"},"canonical":"https:\/\/www.wiss.com.pl\/en\/nagrody-i-publikacje\/","og_locale":"en_US","og_type":"article","og_title":"Nagrody i publikacje - WISS","og_description":"[vc_row][vc_column width=&#8221;2\/3&#8243;][heading text=&#8221;PUBLIKACJE PRASOWE I NAGRODY NASZEJ FIRMY&#8221; tag=&#8221;h2&#8243; align=&#8221;center&#8221;][line_solid][\/vc_column][vc_column width=&#8221;1\/3&#8243;][\/vc_column][\/vc_row][vc_row][vc_column width=&#8221;1\/6&#8243;][vc_single_image image=&#8221;1600&#8243; img_size=&#8221;medium&#8221; onclick=&#8221;link_image&#8221;][\/vc_column][vc_column width=&#8221;4\/6&#8243;][vc_column_text] WISS laureatem konkursu LIDER 2017 Firma Wawrzaszek ISS zosta\u0142a doceniona w konkursie \u201eLIDER 2017\u201d, kt\u00f3rego celem jest wskazanie najciekawszych i najbardziej innowacyjnych rozwi\u0105za\u0144 technologicznych, jakie zosta\u0142y wprowadzone w roku 2017. WISS zaj\u0119\u0142a III miejsce w kategorii Przemys\u0142 4.0.[\/vc_column_text][\/vc_column][vc_column width=&#8221;1\/6&#8243;][\/vc_column][\/vc_row][vc_row][vc_column [&hellip;]","og_url":"https:\/\/www.wiss.com.pl\/en\/nagrody-i-publikacje\/","og_site_name":"WISS","article_publisher":"https:\/\/www.facebook.com\/ISSwawrzaszek\/","article_modified_time":"2021-06-01T19:09:11+00:00","twitter_card":"summary_large_image","twitter_misc":{"Est. reading time":"3 minutes"},"schema":{"@context":"https:\/\/schema.org","@graph":[{"@type":"WebPage","@id":"https:\/\/www.wiss.com.pl\/nagrody-i-publikacje\/","url":"https:\/\/www.wiss.com.pl\/nagrody-i-publikacje\/","name":"Nagrody i publikacje - WISS","isPartOf":{"@id":"https:\/\/www.wiss.com.pl\/#website"},"datePublished":"2020-05-17T12:36:13+00:00","dateModified":"2021-06-01T19:09:11+00:00","breadcrumb":{"@id":"https:\/\/www.wiss.com.pl\/nagrody-i-publikacje\/#breadcrumb"},"inLanguage":"en-US","potentialAction":[{"@type":"ReadAction","target":["https:\/\/www.wiss.com.pl\/nagrody-i-publikacje\/"]}]},{"@type":"BreadcrumbList","@id":"https:\/\/www.wiss.com.pl\/nagrody-i-publikacje\/#breadcrumb","itemListElement":[{"@type":"ListItem","position":1,"name":"Strona g\u0142\u00f3wna","item":"https:\/\/www.wiss.com.pl\/"},{"@type":"ListItem","position":2,"name":"Nagrody i publikacje"}]},{"@type":"WebSite","@id":"https:\/\/www.wiss.com.pl\/#website","url":"https:\/\/www.wiss.com.pl\/","name":"WISS Samochody Specjalne","description":"Czo\u0142owy producent samochod\u00f3w po\u017carniczych w Polsce i Europie. Samochody przeznaczone dla s\u0142u\u017cb mundurowych, takich jak: stra\u017c po\u017carna, wojsko i policja.","publisher":{"@id":"https:\/\/www.wiss.com.pl\/#organization"},"potentialAction":[{"@type":"SearchAction","target":{"@type":"EntryPoint","urlTemplate":"https:\/\/www.wiss.com.pl\/?s={search_term_string}"},"query-input":{"@type":"PropertyValueSpecification","valueRequired":true,"valueName":"search_term_string"}}],"inLanguage":"en-US"},{"@type":"Organization","@id":"https:\/\/www.wiss.com.pl\/#organization","name":"WISS Samochody Specjalne","url":"https:\/\/www.wiss.com.pl\/","logo":{"@type":"ImageObject","inLanguage":"en-US","@id":"https:\/\/www.wiss.com.pl\/#\/schema\/logo\/image\/","url":"https:\/\/www.wiss.com.pl\/wp-content\/uploads\/2025\/01\/logo_bezpieczenstwo6-1.jpg","contentUrl":"https:\/\/www.wiss.com.pl\/wp-content\/uploads\/2025\/01\/logo_bezpieczenstwo6-1.jpg","width":1450,"height":407,"caption":"WISS Samochody Specjalne"},"image":{"@id":"https:\/\/www.wiss.com.pl\/#\/schema\/logo\/image\/"},"sameAs":["https:\/\/www.facebook.com\/ISSwawrzaszek\/"]}]}},"_links":{"self":[{"href":"https:\/\/www.wiss.com.pl\/en\/wp-json\/wp\/v2\/pages\/1480","targetHints":{"allow":["GET"]}}],"collection":[{"href":"https:\/\/www.wiss.com.pl\/en\/wp-json\/wp\/v2\/pages"}],"about":[{"href":"https:\/\/www.wiss.com.pl\/en\/wp-json\/wp\/v2\/types\/page"}],"author":[{"embeddable":true,"href":"https:\/\/www.wiss.com.pl\/en\/wp-json\/wp\/v2\/users\/1"}],"replies":[{"embeddable":true,"href":"https:\/\/www.wiss.com.pl\/en\/wp-json\/wp\/v2\/comments?post=1480"}],"version-history":[{"count":11,"href":"https:\/\/www.wiss.com.pl\/en\/wp-json\/wp\/v2\/pages\/1480\/revisions"}],"predecessor-version":[{"id":1599,"href":"https:\/\/www.wiss.com.pl\/en\/wp-json\/wp\/v2\/pages\/1480\/revisions\/1599"}],"wp:attachment":[{"href":"https:\/\/www.wiss.com.pl\/en\/wp-json\/wp\/v2\/media?parent=1480"}],"curies":[{"name":"wp","href":"https:\/\/api.w.org\/{rel}","templated":true}]}}