{"id":1471,"date":"2020-05-17T14:32:28","date_gmt":"2020-05-17T12:32:28","guid":{"rendered":"https:\/\/www.wiss.com.pl\/_www_wiss_polska\/stronanowa\/?page_id=1471"},"modified":"2025-03-28T11:12:58","modified_gmt":"2025-03-28T10:12:58","slug":"dla-dostawcow","status":"publish","type":"page","link":"https:\/\/www.wiss.com.pl\/en\/dla-dostawcow\/","title":{"rendered":"FOR SUPPLIERS"},"content":{"rendered":"<div data-elementor-type=\"wp-page\" data-elementor-id=\"1471\" class=\"elementor elementor-1471\" data-elementor-post-type=\"page\">\n\t\t\t\t<div class=\"elementor-element elementor-element-14ddcb7 e-flex e-con-boxed elementor-invisible e-con e-parent\" data-id=\"14ddcb7\" data-element_type=\"container\" data-settings=\"{&quot;animation&quot;:&quot;fadeIn&quot;}\">\n\t\t\t\t\t<div class=\"e-con-inner\">\n\t\t\t\t<div class=\"elementor-element elementor-element-20911ab elementor-widget elementor-widget-heading\" data-id=\"20911ab\" data-element_type=\"widget\" data-widget_type=\"heading.default\">\n\t\t\t\t<div class=\"elementor-widget-container\">\n\t\t\t\t\t<h2 class=\"elementor-heading-title elementor-size-default\">for suppliers<\/h2>\t\t\t\t<\/div>\n\t\t\t\t<\/div>\n\t\t\t\t<div class=\"elementor-element elementor-element-4ec844f elementor-widget-divider--view-line elementor-widget elementor-widget-divider\" data-id=\"4ec844f\" data-element_type=\"widget\" data-widget_type=\"divider.default\">\n\t\t\t\t<div class=\"elementor-widget-container\">\n\t\t\t\t\t\t\t<div class=\"elementor-divider\">\n\t\t\t<span class=\"elementor-divider-separator\">\n\t\t\t\t\t\t<\/span>\n\t\t<\/div>\n\t\t\t\t\t\t<\/div>\n\t\t\t\t<\/div>\n\t\t<div class=\"elementor-element elementor-element-f256773 e-con-full e-flex e-con e-child\" data-id=\"f256773\" data-element_type=\"container\">\n\t\t<div class=\"elementor-element elementor-element-6ddbdda e-con-full e-flex e-con e-child\" data-id=\"6ddbdda\" data-element_type=\"container\">\n\t\t\t\t<\/div>\n\t\t<div class=\"elementor-element elementor-element-2cb6216 e-con-full e-flex e-con e-child\" data-id=\"2cb6216\" data-element_type=\"container\">\n\t\t\t\t<div class=\"elementor-element elementor-element-52d2722 elementor-widget elementor-widget-text-editor\" data-id=\"52d2722\" data-element_type=\"widget\" data-widget_type=\"text-editor.default\">\n\t\t\t\t<div class=\"elementor-widget-container\">\n\t\t\t\t\t\t\t\t\t<strong>Information for suppliers <\/strong>Here you will find general information about the environmental principles with regard to us and our suppliers. Environmental protection rules applicable to contractors carrying out works on the WISS site:\n\n\t\t\t\t\t\t\t\t<\/div>\n\t\t\t\t<\/div>\n\t\t\t\t<div class=\"elementor-element elementor-element-b0cd8c8 elementor-align-center elementor-widget__width-initial elementor-widget elementor-widget-button\" data-id=\"b0cd8c8\" data-element_type=\"widget\" data-widget_type=\"button.default\">\n\t\t\t\t<div class=\"elementor-widget-container\">\n\t\t\t\t\t\t\t\t\t<div class=\"elementor-button-wrapper\">\n\t\t\t\t\t<a class=\"elementor-button elementor-button-link elementor-size-sm elementor-animation-pulse\" href=\"https:\/\/www.wiss.com.pl\/wp-content\/uploads\/2025\/03\/formularz-dostawcow-prawny-dokument.pdf\">\n\t\t\t\t\t\t<span class=\"elementor-button-content-wrapper\">\n\t\t\t\t\t\t\t\t\t<span class=\"elementor-button-text\">Supplier Code of Conduct \u2013 see here<\/span>\n\t\t\t\t\t<\/span>\n\t\t\t\t\t<\/a>\n\t\t\t\t<\/div>\n\t\t\t\t\t\t\t\t<\/div>\n\t\t\t\t<\/div>\n\t\t\t\t<\/div>\n\t\t<div class=\"elementor-element elementor-element-4aa332b e-con-full e-flex e-con e-child\" data-id=\"4aa332b\" data-element_type=\"container\">\n\t\t\t\t<div class=\"elementor-element elementor-element-cd59b33 elementor-arrows-position-inside elementor-pagination-position-outside elementor-widget elementor-widget-image-carousel\" data-id=\"cd59b33\" data-element_type=\"widget\" data-settings=\"{&quot;slides_to_show&quot;:&quot;1&quot;,&quot;navigation&quot;:&quot;both&quot;,&quot;autoplay&quot;:&quot;yes&quot;,&quot;pause_on_hover&quot;:&quot;yes&quot;,&quot;pause_on_interaction&quot;:&quot;yes&quot;,&quot;autoplay_speed&quot;:5000,&quot;infinite&quot;:&quot;yes&quot;,&quot;effect&quot;:&quot;slide&quot;,&quot;speed&quot;:500}\" data-widget_type=\"image-carousel.default\">\n\t\t\t\t<div class=\"elementor-widget-container\">\n\t\t\t\t\t\t\t<div class=\"elementor-image-carousel-wrapper swiper\" role=\"region\" aria-roledescription=\"carousel\" aria-label=\"Karuzela obrazk\u00f3w\" dir=\"ltr\">\n\t\t\t<div class=\"elementor-image-carousel swiper-wrapper swiper-image-stretch\" aria-live=\"off\">\n\t\t\t\t\t\t\t\t<div class=\"swiper-slide\" role=\"group\" aria-roledescription=\"slide\" aria-label=\"1 of 3\" data-no-translation-aria-label=\"\"><a data-elementor-open-lightbox=\"yes\" data-elementor-lightbox-slideshow=\"cd59b33\" data-elementor-lightbox-title=\"dla-dostawcow-wiss\" data-e-action-hash=\"#elementor-action%3Aaction%3Dlightbox%26settings%3DeyJpZCI6NTA2MiwidXJsIjoiaHR0cHM6XC9cL3d3dy53aXNzLmNvbS5wbFwvd3AtY29udGVudFwvdXBsb2Fkc1wvMjAyNVwvMDNcL2RsYS1kb3N0YXdjb3ctd2lzcy5qcGciLCJzbGlkZXNob3ciOiJjZDU5YjMzIn0%3D\" href=\"https:\/\/www.wiss.com.pl\/wp-content\/uploads\/2025\/03\/dla-dostawcow-wiss.jpg\"><figure class=\"swiper-slide-inner\"><img decoding=\"async\" class=\"swiper-slide-image\" src=\"https:\/\/www.wiss.com.pl\/wp-content\/uploads\/2025\/03\/dla-dostawcow-wiss.jpg\" alt=\"dla-dostawcow-wiss\" \/><\/figure><\/a><\/div><div class=\"swiper-slide\" role=\"group\" aria-roledescription=\"slide\" aria-label=\"2 of 3\" data-no-translation-aria-label=\"\"><a data-elementor-open-lightbox=\"yes\" data-elementor-lightbox-slideshow=\"cd59b33\" data-elementor-lightbox-title=\"dla-dostawcow-wiss1\" data-e-action-hash=\"#elementor-action%3Aaction%3Dlightbox%26settings%3DeyJpZCI6NTA2MSwidXJsIjoiaHR0cHM6XC9cL3d3dy53aXNzLmNvbS5wbFwvd3AtY29udGVudFwvdXBsb2Fkc1wvMjAyNVwvMDNcL2RsYS1kb3N0YXdjb3ctd2lzczEuanBnIiwic2xpZGVzaG93IjoiY2Q1OWIzMyJ9\" href=\"https:\/\/www.wiss.com.pl\/wp-content\/uploads\/2025\/03\/dla-dostawcow-wiss1.jpg\"><figure class=\"swiper-slide-inner\"><img decoding=\"async\" class=\"swiper-slide-image\" src=\"https:\/\/www.wiss.com.pl\/wp-content\/uploads\/2025\/03\/dla-dostawcow-wiss1.jpg\" alt=\"dla-dostawcow-wiss1\" \/><\/figure><\/a><\/div><div class=\"swiper-slide\" role=\"group\" aria-roledescription=\"slide\" aria-label=\"3 of 3\" data-no-translation-aria-label=\"\"><a data-elementor-open-lightbox=\"yes\" data-elementor-lightbox-slideshow=\"cd59b33\" data-elementor-lightbox-title=\"dla-dostawcow-wiss2\" data-e-action-hash=\"#elementor-action%3Aaction%3Dlightbox%26settings%3DeyJpZCI6NTA2MCwidXJsIjoiaHR0cHM6XC9cL3d3dy53aXNzLmNvbS5wbFwvd3AtY29udGVudFwvdXBsb2Fkc1wvMjAyNVwvMDNcL2RsYS1kb3N0YXdjb3ctd2lzczIuanBnIiwic2xpZGVzaG93IjoiY2Q1OWIzMyJ9\" href=\"https:\/\/www.wiss.com.pl\/wp-content\/uploads\/2025\/03\/dla-dostawcow-wiss2.jpg\"><figure class=\"swiper-slide-inner\"><img decoding=\"async\" class=\"swiper-slide-image\" src=\"https:\/\/www.wiss.com.pl\/wp-content\/uploads\/2025\/03\/dla-dostawcow-wiss2.jpg\" alt=\"dla-dostawcow-wiss2\" \/><\/figure><\/a><\/div>\t\t\t<\/div>\n\t\t\t\t\t\t\t\t\t\t\t\t<div class=\"elementor-swiper-button elementor-swiper-button-prev\" role=\"button\" tabindex=\"0\">\n\t\t\t\t\t\t<svg aria-hidden=\"true\" class=\"e-font-icon-svg e-eicon-chevron-left\" viewbox=\"0 0 1000 1000\" xmlns=\"http:\/\/www.w3.org\/2000\/svg\"><path d=\"M646 125C629 125 613 133 604 142L308 442C296 454 292 471 292 487 292 504 296 521 308 533L604 854C617 867 629 875 646 875 663 875 679 871 692 858 704 846 713 829 713 812 713 796 708 779 692 767L438 487 692 225C700 217 708 204 708 187 708 171 704 154 692 142 675 129 663 125 646 125Z\"><\/path><\/svg>\t\t\t\t\t<\/div>\n\t\t\t\t\t<div class=\"elementor-swiper-button elementor-swiper-button-next\" role=\"button\" tabindex=\"0\">\n\t\t\t\t\t\t<svg aria-hidden=\"true\" class=\"e-font-icon-svg e-eicon-chevron-right\" viewbox=\"0 0 1000 1000\" xmlns=\"http:\/\/www.w3.org\/2000\/svg\"><path d=\"M696 533C708 521 713 504 713 487 713 471 708 454 696 446L400 146C388 133 375 125 354 125 338 125 325 129 313 142 300 154 292 171 292 187 292 204 296 221 308 233L563 492 304 771C292 783 288 800 288 817 288 833 296 850 308 863 321 871 338 875 354 875 371 875 388 867 400 854L696 533Z\"><\/path><\/svg>\t\t\t\t\t<\/div>\n\t\t\t\t\n\t\t\t\t\t\t\t\t\t<div class=\"swiper-pagination\"><\/div>\n\t\t\t\t\t\t\t\t\t<\/div>\n\t\t\t\t\t\t<\/div>\n\t\t\t\t<\/div>\n\t\t\t\t<\/div>\n\t\t\t\t<\/div>\n\t\t<div class=\"elementor-element elementor-element-6f33b02 e-flex e-con-boxed e-con e-child\" data-id=\"6f33b02\" data-element_type=\"container\">\n\t\t\t\t\t<div class=\"e-con-inner\">\n\t\t\t\t\t<\/div>\n\t\t\t\t<\/div>\n\t\t\t\t\t<\/div>\n\t\t\t\t<\/div>\n\t\t\t\t<\/div>","protected":false},"excerpt":{"rendered":"<p>Dla Dostawc\u00f3w Tutaj znajdziesz og\u00f3lne informacje dotycz\u0105ce zasad \u015brodowiskowych wzgl\u0119dem nas i naszych dostawc\u00f3w. Zasady dotycz\u0105ce ochrony \u015brodowiska obowi\u0105zuj\u0105ce wykonawc\u00f3w realizuj\u0105cych prace na terenie WISS: Kodeks post\u0119powania dostawcy &#8211; Zobacz Tutaj<\/p>","protected":false},"author":1,"featured_media":0,"parent":0,"menu_order":0,"comment_status":"closed","ping_status":"closed","template":"elementor_header_footer","meta":{"_acf_changed":false,"footnotes":""},"class_list":["post-1471","page","type-page","status-publish","hentry"],"acf":[],"_links":{"self":[{"href":"https:\/\/www.wiss.com.pl\/en\/wp-json\/wp\/v2\/pages\/1471","targetHints":{"allow":["GET"]}}],"collection":[{"href":"https:\/\/www.wiss.com.pl\/en\/wp-json\/wp\/v2\/pages"}],"about":[{"href":"https:\/\/www.wiss.com.pl\/en\/wp-json\/wp\/v2\/types\/page"}],"author":[{"embeddable":true,"href":"https:\/\/www.wiss.com.pl\/en\/wp-json\/wp\/v2\/users\/1"}],"replies":[{"embeddable":true,"href":"https:\/\/www.wiss.com.pl\/en\/wp-json\/wp\/v2\/comments?post=1471"}],"version-history":[{"count":32,"href":"https:\/\/www.wiss.com.pl\/en\/wp-json\/wp\/v2\/pages\/1471\/revisions"}],"predecessor-version":[{"id":5565,"href":"https:\/\/www.wiss.com.pl\/en\/wp-json\/wp\/v2\/pages\/1471\/revisions\/5565"}],"wp:attachment":[{"href":"https:\/\/www.wiss.com.pl\/en\/wp-json\/wp\/v2\/media?parent=1471"}],"curies":[{"name":"wp","href":"https:\/\/api.w.org\/{rel}","templated":true}]}}