{"id":1467,"date":"2020-05-17T14:32:04","date_gmt":"2020-05-17T12:32:04","guid":{"rendered":"https:\/\/www.wiss.com.pl\/_www_wiss_polska\/stronanowa\/?page_id=1467"},"modified":"2025-09-09T12:58:00","modified_gmt":"2025-09-09T10:58:00","slug":"certyfikaty","status":"publish","type":"page","link":"https:\/\/www.wiss.com.pl\/en\/certyfikaty\/","title":{"rendered":"CERTIFICATES"},"content":{"rendered":"<div data-elementor-type=\"wp-page\" data-elementor-id=\"1467\" class=\"elementor elementor-1467\" data-elementor-post-type=\"page\">\n\t\t\t\t<div class=\"elementor-element elementor-element-7aa11c0 e-flex e-con-boxed elementor-invisible e-con e-parent\" data-id=\"7aa11c0\" data-element_type=\"container\" data-e-type=\"container\" data-settings=\"{&quot;animation&quot;:&quot;fadeIn&quot;}\">\n\t\t\t\t\t<div class=\"e-con-inner\">\n\t\t\t\t<div class=\"elementor-element elementor-element-c5308d9 elementor-widget elementor-widget-heading\" data-id=\"c5308d9\" data-element_type=\"widget\" data-e-type=\"widget\" data-widget_type=\"heading.default\">\n\t\t\t\t<div class=\"elementor-widget-container\">\n\t\t\t\t\t<h2 class=\"elementor-heading-title elementor-size-default\">CERTIFICATES<\/h2>\t\t\t\t<\/div>\n\t\t\t\t<\/div>\n\t\t\t\t<div class=\"elementor-element elementor-element-cc66b6e elementor-widget-divider--view-line elementor-widget elementor-widget-divider\" data-id=\"cc66b6e\" data-element_type=\"widget\" data-e-type=\"widget\" data-widget_type=\"divider.default\">\n\t\t\t\t<div class=\"elementor-widget-container\">\n\t\t\t\t\t\t\t<div class=\"elementor-divider\">\n\t\t\t<span class=\"elementor-divider-separator\">\n\t\t\t\t\t\t<\/span>\n\t\t<\/div>\n\t\t\t\t\t\t<\/div>\n\t\t\t\t<\/div>\n\t\t<div class=\"elementor-element elementor-element-2f87325 e-con-full e-flex e-con e-child\" data-id=\"2f87325\" data-element_type=\"container\" data-e-type=\"container\">\n\t\t<div class=\"elementor-element elementor-element-3649e43 e-con-full e-flex e-con e-child\" data-id=\"3649e43\" data-element_type=\"container\" data-e-type=\"container\">\n\t\t\t\t<\/div>\n\t\t<div class=\"elementor-element elementor-element-80d0880 e-con-full e-flex e-con e-child\" data-id=\"80d0880\" data-element_type=\"container\" data-e-type=\"container\">\n\t\t\t\t<div class=\"elementor-element elementor-element-e08e743 elementor-widget elementor-widget-text-editor\" data-id=\"e08e743\" data-element_type=\"widget\" data-e-type=\"widget\" data-widget_type=\"text-editor.default\">\n\t\t\t\t<div class=\"elementor-widget-container\">\n\t\t\t\t\t\t\t\t\t<p>WISS certificates: ISO 9001:2015 and ISO 14001:2015, issued by Bureau Veritas Certification.<\/p>\t\t\t\t\t\t\t\t<\/div>\n\t\t\t\t<\/div>\n\t\t\t\t<div class=\"elementor-element elementor-element-632a540 elementor-widget elementor-widget-text-editor\" data-id=\"632a540\" data-element_type=\"widget\" data-e-type=\"widget\" data-widget_type=\"text-editor.default\">\n\t\t\t\t<div class=\"elementor-widget-container\">\n\t\t\t\t\t\t\t\t\t<p>The certificates show that WISS works in accordance with the above standards, provides safe and high-quality products, effective customer service and cares for the environment. From the very beginning WISS has been working with the concept of sustainable development, especially from the perspective of the social, environmental and economic aspects.<\/p>\t\t\t\t\t\t\t\t<\/div>\n\t\t\t\t<\/div>\n\t\t\t\t<div class=\"elementor-element elementor-element-1f6024b elementor-align-center elementor-widget__width-initial elementor-widget elementor-widget-button\" data-id=\"1f6024b\" data-element_type=\"widget\" data-e-type=\"widget\" data-widget_type=\"button.default\">\n\t\t\t\t<div class=\"elementor-widget-container\">\n\t\t\t\t\t\t\t\t\t<div class=\"elementor-button-wrapper\">\n\t\t\t\t\t<a class=\"elementor-button elementor-button-link elementor-size-sm elementor-animation-pulse\" href=\"https:\/\/www.ccj.wat.edu.pl\/\">\n\t\t\t\t\t\t<span class=\"elementor-button-content-wrapper\">\n\t\t\t\t\t\t\t\t\t<span class=\"elementor-button-text\">Go to the Quality Certification Center page<\/span>\n\t\t\t\t\t<\/span>\n\t\t\t\t\t<\/a>\n\t\t\t\t<\/div>\n\t\t\t\t\t\t\t\t<\/div>\n\t\t\t\t<\/div>\n\t\t\t\t<\/div>\n\t\t<div class=\"elementor-element elementor-element-b0459f5 e-con-full elementor-hidden-tablet elementor-hidden-mobile e-flex e-con e-child\" data-id=\"b0459f5\" data-element_type=\"container\" data-e-type=\"container\">\n\t\t\t\t<\/div>\n\t\t\t\t<\/div>\n\t\t<div class=\"elementor-element elementor-element-794f9a5 e-flex e-con-boxed e-con e-child\" data-id=\"794f9a5\" data-element_type=\"container\" data-e-type=\"container\">\n\t\t\t\t\t<div class=\"e-con-inner\">\n\t\t\t\t<div class=\"elementor-element elementor-element-e947c1d elementor-widget elementor-widget-gallery\" data-id=\"e947c1d\" data-element_type=\"widget\" data-e-type=\"widget\" data-settings=\"{&quot;columns&quot;:3,&quot;gap&quot;:{&quot;unit&quot;:&quot;px&quot;,&quot;size&quot;:20,&quot;sizes&quot;:[]},&quot;aspect_ratio&quot;:&quot;1:1&quot;,&quot;lazyload&quot;:&quot;yes&quot;,&quot;gallery_layout&quot;:&quot;grid&quot;,&quot;columns_tablet&quot;:2,&quot;columns_mobile&quot;:1,&quot;gap_tablet&quot;:{&quot;unit&quot;:&quot;px&quot;,&quot;size&quot;:10,&quot;sizes&quot;:[]},&quot;gap_mobile&quot;:{&quot;unit&quot;:&quot;px&quot;,&quot;size&quot;:10,&quot;sizes&quot;:[]},&quot;link_to&quot;:&quot;file&quot;,&quot;overlay_background&quot;:&quot;yes&quot;,&quot;content_hover_animation&quot;:&quot;fade-in&quot;}\" data-widget_type=\"gallery.default\">\n\t\t\t\t<div class=\"elementor-widget-container\">\n\t\t\t\t\t\t\t<div class=\"elementor-gallery__container\">\n\t\t\t\t\t\t\t<a class=\"e-gallery-item elementor-gallery-item elementor-animated-content\" href=\"https:\/\/www.wiss.com.pl\/wp-content\/uploads\/2025\/04\/Polityka-ZSZ-PL_page_1.png\" data-elementor-open-lightbox=\"yes\" data-elementor-lightbox-slideshow=\"e947c1d\" data-elementor-lightbox-title=\"Polityka ZSZ PL_page_1\" data-e-action-hash=\"#elementor-action%3Aaction%3Dlightbox%26settings%3DeyJpZCI6NTY0OCwidXJsIjoiaHR0cHM6XC9cL3d3dy53aXNzLmNvbS5wbFwvd3AtY29udGVudFwvdXBsb2Fkc1wvMjAyNVwvMDRcL1BvbGl0eWthLVpTWi1QTF9wYWdlXzEucG5nIiwic2xpZGVzaG93IjoiZTk0N2MxZCJ9\">\n\t\t\t\t\t<div class=\"e-gallery-image elementor-gallery-item__image\" data-thumbnail=\"https:\/\/www.wiss.com.pl\/wp-content\/uploads\/2025\/04\/Polityka-ZSZ-PL_page_1.png\" data-width=\"2482\" data-height=\"3509\" aria-label=\"\" role=\"img\" ><\/div>\n\t\t\t\t\t\t\t\t\t\t\t<div class=\"elementor-gallery-item__overlay\"><\/div>\n\t\t\t\t\t\t\t\t\t\t\t\t\t\t<\/a>\n\t\t\t\t\t\t\t<a class=\"e-gallery-item elementor-gallery-item elementor-animated-content\" href=\"https:\/\/www.wiss.com.pl\/wp-content\/uploads\/2025\/04\/Polityka-ZSZ-EN_page_1.png\" data-elementor-open-lightbox=\"yes\" data-elementor-lightbox-slideshow=\"e947c1d\" data-elementor-lightbox-title=\"Polityka ZSZ EN_page_1\" data-e-action-hash=\"#elementor-action%3Aaction%3Dlightbox%26settings%3DeyJpZCI6NTY0OSwidXJsIjoiaHR0cHM6XC9cL3d3dy53aXNzLmNvbS5wbFwvd3AtY29udGVudFwvdXBsb2Fkc1wvMjAyNVwvMDRcL1BvbGl0eWthLVpTWi1FTl9wYWdlXzEucG5nIiwic2xpZGVzaG93IjoiZTk0N2MxZCJ9\">\n\t\t\t\t\t<div class=\"e-gallery-image elementor-gallery-item__image\" data-thumbnail=\"https:\/\/www.wiss.com.pl\/wp-content\/uploads\/2025\/04\/Polityka-ZSZ-EN_page_1.png\" data-width=\"2482\" data-height=\"3509\" aria-label=\"\" role=\"img\" ><\/div>\n\t\t\t\t\t\t\t\t\t\t\t<div class=\"elementor-gallery-item__overlay\"><\/div>\n\t\t\t\t\t\t\t\t\t\t\t\t\t\t<\/a>\n\t\t\t\t\t\t\t<a class=\"e-gallery-item elementor-gallery-item elementor-animated-content\" href=\"https:\/\/www.wiss.com.pl\/wp-content\/uploads\/2025\/03\/wcn_cert_PL.jpg\" data-elementor-open-lightbox=\"yes\" data-elementor-lightbox-slideshow=\"e947c1d\" data-elementor-lightbox-title=\"wcn_cert_PL\" data-e-action-hash=\"#elementor-action%3Aaction%3Dlightbox%26settings%3DeyJpZCI6NDk3NiwidXJsIjoiaHR0cHM6XC9cL3d3dy53aXNzLmNvbS5wbFwvd3AtY29udGVudFwvdXBsb2Fkc1wvMjAyNVwvMDNcL3djbl9jZXJ0X1BMLmpwZyIsInNsaWRlc2hvdyI6ImU5NDdjMWQifQ%3D%3D\">\n\t\t\t\t\t<div class=\"e-gallery-image elementor-gallery-item__image\" data-thumbnail=\"https:\/\/www.wiss.com.pl\/wp-content\/uploads\/2025\/03\/wcn_cert_PL.jpg\" data-width=\"657\" data-height=\"989\" aria-label=\"\" role=\"img\" ><\/div>\n\t\t\t\t\t\t\t\t\t\t\t<div class=\"elementor-gallery-item__overlay\"><\/div>\n\t\t\t\t\t\t\t\t\t\t\t\t\t\t<\/a>\n\t\t\t\t\t\t\t<a class=\"e-gallery-item elementor-gallery-item elementor-animated-content\" href=\"https:\/\/www.wiss.com.pl\/wp-content\/uploads\/2025\/03\/WISS_ISO9001_ISO14001_ACCREDIA_POL_SKAN_page_1.png\" data-elementor-open-lightbox=\"yes\" data-elementor-lightbox-slideshow=\"e947c1d\" data-elementor-lightbox-title=\"WISS_ISO9001_ISO14001_ACCREDIA_POL_SKAN_page_1\" data-e-action-hash=\"#elementor-action%3Aaction%3Dlightbox%26settings%3DeyJpZCI6NTYwOSwidXJsIjoiaHR0cHM6XC9cL3d3dy53aXNzLmNvbS5wbFwvd3AtY29udGVudFwvdXBsb2Fkc1wvMjAyNVwvMDNcL1dJU1NfSVNPOTAwMV9JU08xNDAwMV9BQ0NSRURJQV9QT0xfU0tBTl9wYWdlXzEucG5nIiwic2xpZGVzaG93IjoiZTk0N2MxZCJ9\">\n\t\t\t\t\t<div class=\"e-gallery-image elementor-gallery-item__image\" data-thumbnail=\"https:\/\/www.wiss.com.pl\/wp-content\/uploads\/2025\/03\/WISS_ISO9001_ISO14001_ACCREDIA_POL_SKAN_page_1.png\" data-width=\"1700\" data-height=\"2200\" aria-label=\"\" role=\"img\" ><\/div>\n\t\t\t\t\t\t\t\t\t\t\t<div class=\"elementor-gallery-item__overlay\"><\/div>\n\t\t\t\t\t\t\t\t\t\t\t\t\t\t<\/a>\n\t\t\t\t\t\t\t<a class=\"e-gallery-item elementor-gallery-item elementor-animated-content\" href=\"https:\/\/www.wiss.com.pl\/wp-content\/uploads\/2025\/03\/WISS_ISO9001_ISO14001_ACCREDIA_POL_SKAN_page_2.png\" data-elementor-open-lightbox=\"yes\" data-elementor-lightbox-slideshow=\"e947c1d\" data-elementor-lightbox-title=\"WISS_ISO9001_ISO14001_ACCREDIA_POL_SKAN_page_2\" data-e-action-hash=\"#elementor-action%3Aaction%3Dlightbox%26settings%3DeyJpZCI6NTYxMCwidXJsIjoiaHR0cHM6XC9cL3d3dy53aXNzLmNvbS5wbFwvd3AtY29udGVudFwvdXBsb2Fkc1wvMjAyNVwvMDNcL1dJU1NfSVNPOTAwMV9JU08xNDAwMV9BQ0NSRURJQV9QT0xfU0tBTl9wYWdlXzIucG5nIiwic2xpZGVzaG93IjoiZTk0N2MxZCJ9\">\n\t\t\t\t\t<div class=\"e-gallery-image elementor-gallery-item__image\" data-thumbnail=\"https:\/\/www.wiss.com.pl\/wp-content\/uploads\/2025\/03\/WISS_ISO9001_ISO14001_ACCREDIA_POL_SKAN_page_2.png\" data-width=\"1700\" data-height=\"2200\" aria-label=\"\" role=\"img\" ><\/div>\n\t\t\t\t\t\t\t\t\t\t\t<div class=\"elementor-gallery-item__overlay\"><\/div>\n\t\t\t\t\t\t\t\t\t\t\t\t\t\t<\/a>\n\t\t\t\t\t\t\t<a class=\"e-gallery-item elementor-gallery-item elementor-animated-content\" href=\"https:\/\/www.wiss.com.pl\/wp-content\/uploads\/2025\/03\/WISS_ISO9001_ISO14001_ACCREDIA_ENG_SKAN_page_1.png\" data-elementor-open-lightbox=\"yes\" data-elementor-lightbox-slideshow=\"e947c1d\" data-elementor-lightbox-title=\"WISS_ISO9001_ISO14001_ACCREDIA_ENG_SKAN_page_1\" data-e-action-hash=\"#elementor-action%3Aaction%3Dlightbox%26settings%3DeyJpZCI6NTYxMywidXJsIjoiaHR0cHM6XC9cL3d3dy53aXNzLmNvbS5wbFwvd3AtY29udGVudFwvdXBsb2Fkc1wvMjAyNVwvMDNcL1dJU1NfSVNPOTAwMV9JU08xNDAwMV9BQ0NSRURJQV9FTkdfU0tBTl9wYWdlXzEucG5nIiwic2xpZGVzaG93IjoiZTk0N2MxZCJ9\">\n\t\t\t\t\t<div class=\"e-gallery-image elementor-gallery-item__image\" data-thumbnail=\"https:\/\/www.wiss.com.pl\/wp-content\/uploads\/2025\/03\/WISS_ISO9001_ISO14001_ACCREDIA_ENG_SKAN_page_1.png\" data-width=\"1700\" data-height=\"2200\" aria-label=\"\" role=\"img\" ><\/div>\n\t\t\t\t\t\t\t\t\t\t\t<div class=\"elementor-gallery-item__overlay\"><\/div>\n\t\t\t\t\t\t\t\t\t\t\t\t\t\t<\/a>\n\t\t\t\t\t\t\t<a class=\"e-gallery-item elementor-gallery-item elementor-animated-content\" href=\"https:\/\/www.wiss.com.pl\/wp-content\/uploads\/2025\/03\/WISS_ISO9001_ISO14001_ACCREDIA_ENG_SKAN_page_2.png\" data-elementor-open-lightbox=\"yes\" data-elementor-lightbox-slideshow=\"e947c1d\" data-elementor-lightbox-title=\"WISS_ISO9001_ISO14001_ACCREDIA_ENG_SKAN_page_2\" data-e-action-hash=\"#elementor-action%3Aaction%3Dlightbox%26settings%3DeyJpZCI6NTYxMiwidXJsIjoiaHR0cHM6XC9cL3d3dy53aXNzLmNvbS5wbFwvd3AtY29udGVudFwvdXBsb2Fkc1wvMjAyNVwvMDNcL1dJU1NfSVNPOTAwMV9JU08xNDAwMV9BQ0NSRURJQV9FTkdfU0tBTl9wYWdlXzIucG5nIiwic2xpZGVzaG93IjoiZTk0N2MxZCJ9\">\n\t\t\t\t\t<div class=\"e-gallery-image elementor-gallery-item__image\" data-thumbnail=\"https:\/\/www.wiss.com.pl\/wp-content\/uploads\/2025\/03\/WISS_ISO9001_ISO14001_ACCREDIA_ENG_SKAN_page_2.png\" data-width=\"1700\" data-height=\"2200\" aria-label=\"\" role=\"img\" ><\/div>\n\t\t\t\t\t\t\t\t\t\t\t<div class=\"elementor-gallery-item__overlay\"><\/div>\n\t\t\t\t\t\t\t\t\t\t\t\t\t\t<\/a>\n\t\t\t\t\t\t\t<a class=\"e-gallery-item elementor-gallery-item elementor-animated-content\" href=\"https:\/\/www.wiss.com.pl\/wp-content\/uploads\/2025\/03\/WISS_ISO9001_ISO14001_ACCREDIA_GER_SKAN_page_1.png\" data-elementor-open-lightbox=\"yes\" data-elementor-lightbox-slideshow=\"e947c1d\" data-elementor-lightbox-title=\"WISS_ISO9001_ISO14001_ACCREDIA_GER_SKAN_page_1\" data-e-action-hash=\"#elementor-action%3Aaction%3Dlightbox%26settings%3DeyJpZCI6NTYxMSwidXJsIjoiaHR0cHM6XC9cL3d3dy53aXNzLmNvbS5wbFwvd3AtY29udGVudFwvdXBsb2Fkc1wvMjAyNVwvMDNcL1dJU1NfSVNPOTAwMV9JU08xNDAwMV9BQ0NSRURJQV9HRVJfU0tBTl9wYWdlXzEucG5nIiwic2xpZGVzaG93IjoiZTk0N2MxZCJ9\">\n\t\t\t\t\t<div class=\"e-gallery-image elementor-gallery-item__image\" data-thumbnail=\"https:\/\/www.wiss.com.pl\/wp-content\/uploads\/2025\/03\/WISS_ISO9001_ISO14001_ACCREDIA_GER_SKAN_page_1.png\" data-width=\"1700\" data-height=\"2200\" aria-label=\"\" role=\"img\" ><\/div>\n\t\t\t\t\t\t\t\t\t\t\t<div class=\"elementor-gallery-item__overlay\"><\/div>\n\t\t\t\t\t\t\t\t\t\t\t\t\t\t<\/a>\n\t\t\t\t\t\t\t<a class=\"e-gallery-item elementor-gallery-item elementor-animated-content\" href=\"https:\/\/www.wiss.com.pl\/wp-content\/uploads\/2025\/03\/WISS_ISO9001_ISO14001_ACCREDIA_GER_SKAN_page_2.png\" data-elementor-open-lightbox=\"yes\" data-elementor-lightbox-slideshow=\"e947c1d\" data-elementor-lightbox-title=\"WISS_ISO9001_ISO14001_ACCREDIA_GER_SKAN_page_2\" data-e-action-hash=\"#elementor-action%3Aaction%3Dlightbox%26settings%3DeyJpZCI6NTYwNiwidXJsIjoiaHR0cHM6XC9cL3d3dy53aXNzLmNvbS5wbFwvd3AtY29udGVudFwvdXBsb2Fkc1wvMjAyNVwvMDNcL1dJU1NfSVNPOTAwMV9JU08xNDAwMV9BQ0NSRURJQV9HRVJfU0tBTl9wYWdlXzIucG5nIiwic2xpZGVzaG93IjoiZTk0N2MxZCJ9\">\n\t\t\t\t\t<div class=\"e-gallery-image elementor-gallery-item__image\" data-thumbnail=\"https:\/\/www.wiss.com.pl\/wp-content\/uploads\/2025\/03\/WISS_ISO9001_ISO14001_ACCREDIA_GER_SKAN_page_2.png\" data-width=\"1700\" data-height=\"2200\" aria-label=\"\" role=\"img\" ><\/div>\n\t\t\t\t\t\t\t\t\t\t\t<div class=\"elementor-gallery-item__overlay\"><\/div>\n\t\t\t\t\t\t\t\t\t\t\t\t\t\t<\/a>\n\t\t\t\t\t\t\t<a class=\"e-gallery-item elementor-gallery-item elementor-animated-content\" href=\"https:\/\/www.wiss.com.pl\/wp-content\/uploads\/2025\/03\/WISS_ISO9001_ISO14001_ACCREDIA_ITA_SKAN_page_1.png\" data-elementor-open-lightbox=\"yes\" data-elementor-lightbox-slideshow=\"e947c1d\" data-elementor-lightbox-title=\"WISS_ISO9001_ISO14001_ACCREDIA_ITA_SKAN_page_1\" data-e-action-hash=\"#elementor-action%3Aaction%3Dlightbox%26settings%3DeyJpZCI6NTYwNywidXJsIjoiaHR0cHM6XC9cL3d3dy53aXNzLmNvbS5wbFwvd3AtY29udGVudFwvdXBsb2Fkc1wvMjAyNVwvMDNcL1dJU1NfSVNPOTAwMV9JU08xNDAwMV9BQ0NSRURJQV9JVEFfU0tBTl9wYWdlXzEucG5nIiwic2xpZGVzaG93IjoiZTk0N2MxZCJ9\">\n\t\t\t\t\t<div class=\"e-gallery-image elementor-gallery-item__image\" data-thumbnail=\"https:\/\/www.wiss.com.pl\/wp-content\/uploads\/2025\/03\/WISS_ISO9001_ISO14001_ACCREDIA_ITA_SKAN_page_1.png\" data-width=\"1700\" data-height=\"2200\" aria-label=\"\" role=\"img\" ><\/div>\n\t\t\t\t\t\t\t\t\t\t\t<div class=\"elementor-gallery-item__overlay\"><\/div>\n\t\t\t\t\t\t\t\t\t\t\t\t\t\t<\/a>\n\t\t\t\t\t\t\t<a class=\"e-gallery-item elementor-gallery-item elementor-animated-content\" href=\"https:\/\/www.wiss.com.pl\/wp-content\/uploads\/2025\/03\/WISS_ISO9001_ISO14001_ACCREDIA_ITA_SKAN_page_2.png\" data-elementor-open-lightbox=\"yes\" data-elementor-lightbox-slideshow=\"e947c1d\" data-elementor-lightbox-title=\"WISS_ISO9001_ISO14001_ACCREDIA_ITA_SKAN_page_2\" data-e-action-hash=\"#elementor-action%3Aaction%3Dlightbox%26settings%3DeyJpZCI6NTYwOCwidXJsIjoiaHR0cHM6XC9cL3d3dy53aXNzLmNvbS5wbFwvd3AtY29udGVudFwvdXBsb2Fkc1wvMjAyNVwvMDNcL1dJU1NfSVNPOTAwMV9JU08xNDAwMV9BQ0NSRURJQV9JVEFfU0tBTl9wYWdlXzIucG5nIiwic2xpZGVzaG93IjoiZTk0N2MxZCJ9\">\n\t\t\t\t\t<div class=\"e-gallery-image elementor-gallery-item__image\" data-thumbnail=\"https:\/\/www.wiss.com.pl\/wp-content\/uploads\/2025\/03\/WISS_ISO9001_ISO14001_ACCREDIA_ITA_SKAN_page_2.png\" data-width=\"1700\" data-height=\"2200\" aria-label=\"\" role=\"img\" ><\/div>\n\t\t\t\t\t\t\t\t\t\t\t<div class=\"elementor-gallery-item__overlay\"><\/div>\n\t\t\t\t\t\t\t\t\t\t\t\t\t\t<\/a>\n\t\t\t\t\t\t\t<a class=\"e-gallery-item elementor-gallery-item elementor-animated-content\" href=\"https:\/\/www.wiss.com.pl\/wp-content\/uploads\/2025\/09\/IMS-Policy-EG-pdf.jpg\" data-elementor-open-lightbox=\"yes\" data-elementor-lightbox-slideshow=\"e947c1d\" data-elementor-lightbox-title=\"IMS Policy EG\" data-e-action-hash=\"#elementor-action%3Aaction%3Dlightbox%26settings%3DeyJpZCI6NjA2NywidXJsIjoiaHR0cHM6XC9cL3d3dy53aXNzLmNvbS5wbFwvd3AtY29udGVudFwvdXBsb2Fkc1wvMjAyNVwvMDlcL0lNUy1Qb2xpY3ktRUcucGRmIiwic2xpZGVzaG93IjoiZTk0N2MxZCJ9\">\n\t\t\t\t\t<div class=\"e-gallery-image elementor-gallery-item__image\" data-thumbnail=\"https:\/\/www.wiss.com.pl\/wp-content\/uploads\/2025\/09\/IMS-Policy-EG-pdf.jpg\" data-width=\"1058\" data-height=\"1497\" aria-label=\"\" role=\"img\" ><\/div>\n\t\t\t\t\t\t\t\t\t\t\t<div class=\"elementor-gallery-item__overlay\"><\/div>\n\t\t\t\t\t\t\t\t\t\t\t\t\t\t<\/a>\n\t\t\t\t\t\t\t<a class=\"e-gallery-item elementor-gallery-item elementor-animated-content\" href=\"https:\/\/www.wiss.com.pl\/wp-content\/uploads\/2025\/09\/Polityka-ZSZ-PL-pdf.jpg\" data-elementor-open-lightbox=\"yes\" data-elementor-lightbox-slideshow=\"e947c1d\" data-elementor-lightbox-title=\"Polityka ZSZ PL\" data-e-action-hash=\"#elementor-action%3Aaction%3Dlightbox%26settings%3DeyJpZCI6NjA2OCwidXJsIjoiaHR0cHM6XC9cL3d3dy53aXNzLmNvbS5wbFwvd3AtY29udGVudFwvdXBsb2Fkc1wvMjAyNVwvMDlcL1BvbGl0eWthLVpTWi1QTC5wZGYiLCJzbGlkZXNob3ciOiJlOTQ3YzFkIn0%3D\">\n\t\t\t\t\t<div class=\"e-gallery-image elementor-gallery-item__image\" data-thumbnail=\"https:\/\/www.wiss.com.pl\/wp-content\/uploads\/2025\/09\/Polityka-ZSZ-PL-pdf.jpg\" data-width=\"1058\" data-height=\"1497\" aria-label=\"\" role=\"img\" ><\/div>\n\t\t\t\t\t\t\t\t\t\t\t<div class=\"elementor-gallery-item__overlay\"><\/div>\n\t\t\t\t\t\t\t\t\t\t\t\t\t\t<\/a>\n\t\t\t\t\t<\/div>\n\t\t\t\t\t<\/div>\n\t\t\t\t<\/div>\n\t\t\t\t\t<\/div>\n\t\t\t\t<\/div>\n\t\t\t\t\t<\/div>\n\t\t\t\t<\/div>\n\t\t\t\t<\/div>","protected":false},"excerpt":{"rendered":"<p>Certyfikaty Firma WISS posiada certyfikaty: ISO 9001:2015 oraz ISO 14001:2015, wydane przez Bureau Veritas Certification. Otrzymane \u015bwiadectwa wykazuj\u0105, \u017ce firma WISS pracuje zgodnie z powy\u017cszymi standardami, dostarcza bezpieczne produkty o wysokiej jako\u015bci, k\u0142adzie nacisk na efektywn\u0105 obs\u0142ug\u0119 klienta oraz dba o \u015brodowisko. WISS ponadto, od pocz\u0105tku istnienia dzia\u0142a tak\u017ce z zasad\u0105 \u201ezr\u00f3wnowa\u017conego rozwoju\u201d, dzi\u0119ki czemu [&hellip;]<\/p>\n","protected":false},"author":1,"featured_media":0,"parent":0,"menu_order":0,"comment_status":"closed","ping_status":"closed","template":"elementor_header_footer","meta":{"_acf_changed":false,"footnotes":""},"class_list":["post-1467","page","type-page","status-publish","hentry"],"acf":[],"yoast_head":"<!-- This site is optimized with the Yoast SEO plugin v27.4 - https:\/\/yoast.com\/product\/yoast-seo-wordpress\/ -->\n<title>Certyfikaty - WISS<\/title>\n<meta name=\"robots\" content=\"index, follow, max-snippet:-1, max-image-preview:large, max-video-preview:-1\" \/>\n<link rel=\"canonical\" href=\"https:\/\/www.wiss.com.pl\/en\/certyfikaty\/\" \/>\n<meta property=\"og:locale\" content=\"en_US\" \/>\n<meta property=\"og:type\" content=\"article\" \/>\n<meta property=\"og:title\" content=\"Certyfikaty - WISS\" \/>\n<meta property=\"og:description\" content=\"Certyfikaty Firma WISS posiada certyfikaty: ISO 9001:2015 oraz ISO 14001:2015, wydane przez Bureau Veritas Certification. Otrzymane \u015bwiadectwa wykazuj\u0105, \u017ce firma WISS pracuje zgodnie z powy\u017cszymi standardami, dostarcza bezpieczne produkty o wysokiej jako\u015bci, k\u0142adzie nacisk na efektywn\u0105 obs\u0142ug\u0119 klienta oraz dba o \u015brodowisko. WISS ponadto, od pocz\u0105tku istnienia dzia\u0142a tak\u017ce z zasad\u0105 \u201ezr\u00f3wnowa\u017conego rozwoju\u201d, dzi\u0119ki czemu [&hellip;]\" \/>\n<meta property=\"og:url\" content=\"https:\/\/www.wiss.com.pl\/en\/certyfikaty\/\" \/>\n<meta property=\"og:site_name\" content=\"WISS\" \/>\n<meta property=\"article:publisher\" content=\"https:\/\/www.facebook.com\/ISSwawrzaszek\/\" \/>\n<meta property=\"article:modified_time\" content=\"2025-09-09T10:58:00+00:00\" \/>\n<meta name=\"twitter:card\" content=\"summary_large_image\" \/>\n<script type=\"application\/ld+json\" class=\"yoast-schema-graph\">{\"@context\":\"https:\\\/\\\/schema.org\",\"@graph\":[{\"@type\":\"WebPage\",\"@id\":\"https:\\\/\\\/www.wiss.com.pl\\\/certyfikaty\\\/\",\"url\":\"https:\\\/\\\/www.wiss.com.pl\\\/certyfikaty\\\/\",\"name\":\"Certyfikaty - WISS\",\"isPartOf\":{\"@id\":\"https:\\\/\\\/www.wiss.com.pl\\\/#website\"},\"datePublished\":\"2020-05-17T12:32:04+00:00\",\"dateModified\":\"2025-09-09T10:58:00+00:00\",\"breadcrumb\":{\"@id\":\"https:\\\/\\\/www.wiss.com.pl\\\/certyfikaty\\\/#breadcrumb\"},\"inLanguage\":\"en-US\",\"potentialAction\":[{\"@type\":\"ReadAction\",\"target\":[\"https:\\\/\\\/www.wiss.com.pl\\\/certyfikaty\\\/\"]}]},{\"@type\":\"BreadcrumbList\",\"@id\":\"https:\\\/\\\/www.wiss.com.pl\\\/certyfikaty\\\/#breadcrumb\",\"itemListElement\":[{\"@type\":\"ListItem\",\"position\":1,\"name\":\"Strona g\u0142\u00f3wna\",\"item\":\"https:\\\/\\\/www.wiss.com.pl\\\/\"},{\"@type\":\"ListItem\",\"position\":2,\"name\":\"Certyfikaty\"}]},{\"@type\":\"WebSite\",\"@id\":\"https:\\\/\\\/www.wiss.com.pl\\\/#website\",\"url\":\"https:\\\/\\\/www.wiss.com.pl\\\/\",\"name\":\"WISS Samochody Specjalne\",\"description\":\"Czo\u0142owy producent samochod\u00f3w po\u017carniczych w Polsce i Europie. Samochody przeznaczone dla s\u0142u\u017cb mundurowych, takich jak: stra\u017c po\u017carna, wojsko i policja.\",\"publisher\":{\"@id\":\"https:\\\/\\\/www.wiss.com.pl\\\/#organization\"},\"potentialAction\":[{\"@type\":\"SearchAction\",\"target\":{\"@type\":\"EntryPoint\",\"urlTemplate\":\"https:\\\/\\\/www.wiss.com.pl\\\/?s={search_term_string}\"},\"query-input\":{\"@type\":\"PropertyValueSpecification\",\"valueRequired\":true,\"valueName\":\"search_term_string\"}}],\"inLanguage\":\"en-US\"},{\"@type\":\"Organization\",\"@id\":\"https:\\\/\\\/www.wiss.com.pl\\\/#organization\",\"name\":\"WISS Samochody Specjalne\",\"url\":\"https:\\\/\\\/www.wiss.com.pl\\\/\",\"logo\":{\"@type\":\"ImageObject\",\"inLanguage\":\"en-US\",\"@id\":\"https:\\\/\\\/www.wiss.com.pl\\\/#\\\/schema\\\/logo\\\/image\\\/\",\"url\":\"https:\\\/\\\/www.wiss.com.pl\\\/wp-content\\\/uploads\\\/2025\\\/01\\\/logo_bezpieczenstwo6-1.jpg\",\"contentUrl\":\"https:\\\/\\\/www.wiss.com.pl\\\/wp-content\\\/uploads\\\/2025\\\/01\\\/logo_bezpieczenstwo6-1.jpg\",\"width\":1450,\"height\":407,\"caption\":\"WISS Samochody Specjalne\"},\"image\":{\"@id\":\"https:\\\/\\\/www.wiss.com.pl\\\/#\\\/schema\\\/logo\\\/image\\\/\"},\"sameAs\":[\"https:\\\/\\\/www.facebook.com\\\/ISSwawrzaszek\\\/\"]}]}<\/script>\n<!-- \/ Yoast SEO plugin. -->","yoast_head_json":{"title":"Certyfikaty - WISS","robots":{"index":"index","follow":"follow","max-snippet":"max-snippet:-1","max-image-preview":"max-image-preview:large","max-video-preview":"max-video-preview:-1"},"canonical":"https:\/\/www.wiss.com.pl\/en\/certyfikaty\/","og_locale":"en_US","og_type":"article","og_title":"Certyfikaty - WISS","og_description":"Certyfikaty Firma WISS posiada certyfikaty: ISO 9001:2015 oraz ISO 14001:2015, wydane przez Bureau Veritas Certification. Otrzymane \u015bwiadectwa wykazuj\u0105, \u017ce firma WISS pracuje zgodnie z powy\u017cszymi standardami, dostarcza bezpieczne produkty o wysokiej jako\u015bci, k\u0142adzie nacisk na efektywn\u0105 obs\u0142ug\u0119 klienta oraz dba o \u015brodowisko. WISS ponadto, od pocz\u0105tku istnienia dzia\u0142a tak\u017ce z zasad\u0105 \u201ezr\u00f3wnowa\u017conego rozwoju\u201d, dzi\u0119ki czemu [&hellip;]","og_url":"https:\/\/www.wiss.com.pl\/en\/certyfikaty\/","og_site_name":"WISS","article_publisher":"https:\/\/www.facebook.com\/ISSwawrzaszek\/","article_modified_time":"2025-09-09T10:58:00+00:00","twitter_card":"summary_large_image","schema":{"@context":"https:\/\/schema.org","@graph":[{"@type":"WebPage","@id":"https:\/\/www.wiss.com.pl\/certyfikaty\/","url":"https:\/\/www.wiss.com.pl\/certyfikaty\/","name":"Certyfikaty - WISS","isPartOf":{"@id":"https:\/\/www.wiss.com.pl\/#website"},"datePublished":"2020-05-17T12:32:04+00:00","dateModified":"2025-09-09T10:58:00+00:00","breadcrumb":{"@id":"https:\/\/www.wiss.com.pl\/certyfikaty\/#breadcrumb"},"inLanguage":"en-US","potentialAction":[{"@type":"ReadAction","target":["https:\/\/www.wiss.com.pl\/certyfikaty\/"]}]},{"@type":"BreadcrumbList","@id":"https:\/\/www.wiss.com.pl\/certyfikaty\/#breadcrumb","itemListElement":[{"@type":"ListItem","position":1,"name":"Strona g\u0142\u00f3wna","item":"https:\/\/www.wiss.com.pl\/"},{"@type":"ListItem","position":2,"name":"Certyfikaty"}]},{"@type":"WebSite","@id":"https:\/\/www.wiss.com.pl\/#website","url":"https:\/\/www.wiss.com.pl\/","name":"WISS Samochody Specjalne","description":"Czo\u0142owy producent samochod\u00f3w po\u017carniczych w Polsce i Europie. Samochody przeznaczone dla s\u0142u\u017cb mundurowych, takich jak: stra\u017c po\u017carna, wojsko i policja.","publisher":{"@id":"https:\/\/www.wiss.com.pl\/#organization"},"potentialAction":[{"@type":"SearchAction","target":{"@type":"EntryPoint","urlTemplate":"https:\/\/www.wiss.com.pl\/?s={search_term_string}"},"query-input":{"@type":"PropertyValueSpecification","valueRequired":true,"valueName":"search_term_string"}}],"inLanguage":"en-US"},{"@type":"Organization","@id":"https:\/\/www.wiss.com.pl\/#organization","name":"WISS Samochody Specjalne","url":"https:\/\/www.wiss.com.pl\/","logo":{"@type":"ImageObject","inLanguage":"en-US","@id":"https:\/\/www.wiss.com.pl\/#\/schema\/logo\/image\/","url":"https:\/\/www.wiss.com.pl\/wp-content\/uploads\/2025\/01\/logo_bezpieczenstwo6-1.jpg","contentUrl":"https:\/\/www.wiss.com.pl\/wp-content\/uploads\/2025\/01\/logo_bezpieczenstwo6-1.jpg","width":1450,"height":407,"caption":"WISS Samochody Specjalne"},"image":{"@id":"https:\/\/www.wiss.com.pl\/#\/schema\/logo\/image\/"},"sameAs":["https:\/\/www.facebook.com\/ISSwawrzaszek\/"]}]}},"_links":{"self":[{"href":"https:\/\/www.wiss.com.pl\/en\/wp-json\/wp\/v2\/pages\/1467","targetHints":{"allow":["GET"]}}],"collection":[{"href":"https:\/\/www.wiss.com.pl\/en\/wp-json\/wp\/v2\/pages"}],"about":[{"href":"https:\/\/www.wiss.com.pl\/en\/wp-json\/wp\/v2\/types\/page"}],"author":[{"embeddable":true,"href":"https:\/\/www.wiss.com.pl\/en\/wp-json\/wp\/v2\/users\/1"}],"replies":[{"embeddable":true,"href":"https:\/\/www.wiss.com.pl\/en\/wp-json\/wp\/v2\/comments?post=1467"}],"version-history":[{"count":62,"href":"https:\/\/www.wiss.com.pl\/en\/wp-json\/wp\/v2\/pages\/1467\/revisions"}],"predecessor-version":[{"id":6071,"href":"https:\/\/www.wiss.com.pl\/en\/wp-json\/wp\/v2\/pages\/1467\/revisions\/6071"}],"wp:attachment":[{"href":"https:\/\/www.wiss.com.pl\/en\/wp-json\/wp\/v2\/media?parent=1467"}],"curies":[{"name":"wp","href":"https:\/\/api.w.org\/{rel}","templated":true}]}}