{"id":1465,"date":"2020-05-17T14:31:54","date_gmt":"2020-05-17T12:31:54","guid":{"rendered":"https:\/\/www.wiss.com.pl\/_www_wiss_polska\/stronanowa\/?page_id=1465"},"modified":"2021-06-01T20:41:30","modified_gmt":"2021-06-01T18:41:30","slug":"historia","status":"publish","type":"page","link":"https:\/\/www.wiss.com.pl\/en\/historia\/","title":{"rendered":"Historia"},"content":{"rendered":"<p>[vc_row][vc_column width=&#8221;1\/3&#8243;][heading text=&#8221;Historia&#8221; tag=&#8221;h2&#8243; align=&#8221;center&#8221;][\/vc_column][vc_column width=&#8221;1\/3&#8243;][vc_single_image image=&#8221;2572&#8243; img_size=&#8221;full&#8221;][\/vc_column][vc_column width=&#8221;1\/3&#8243;][\/vc_column][\/vc_row][vc_row][vc_column width=&#8221;3\/4&#8243;][line_solid][vc_column_text]<\/p>\n<h4>Firma \u201eWawrzaszek In\u017cynieria Samochod\u00f3w Specjalnych\u201d powsta\u0142a w 1988 roku. Od samego pocz\u0105tku istnienia zajmuje si\u0119 produkcj\u0105 samochod\u00f3w specjalnych, dzi\u0119ki czemu sta\u0142a si\u0119 liderem na rynku polskim, a tak\u017ce wiod\u0105cym kontrahentem na rynkach zagranicznych.<\/h4>\n<p>&nbsp;<\/p>\n<h4>Firma ju\u017c od ponad 20 lat rozwija si\u0119 w dynamicznym tempie, dzi\u0119ki czemu aktualnie stanowi jedynie jednego z cz\u0142onk\u00f3w GRUPY WISS, w sk\u0142ad kt\u00f3rej wchodzi tak\u017ce szwedzka firma Ruberg AB, produkuj\u0105ca pompy po\u017carnicze z br\u0105zu oraz F.M. &#8220;BUMAR \u2013 KOSZALIN&#8221;, b\u0119d\u0105cy najwi\u0119kszym w Polsce producentem podno\u015bnik\u00f3w po\u017carniczych.<\/h4>\n<p>&nbsp;<\/p>\n<h4>Obecnie WISS jest nowoczesn\u0105 firm\u0105 z bogatymi tradycjami, kt\u00f3ra zatrudnia ponad 1000 wykwalifikowanych pracownik\u00f3w, a jej g\u0142\u00f3wnym celem jest zadowolenie klient\u00f3w, dbaj\u0105cych o bezpiecze\u0144stwo ludzi.<\/h4>\n<p>[\/vc_column_text][\/vc_column][vc_column width=&#8221;1\/4&#8243;][\/vc_column][vc_column width=&#8221;1\/4&#8243;][\/vc_column][\/vc_row][vc_row][vc_column width=&#8221;3\/4&#8243;][line_solid][vc_tta_tabs active_section=&#8221;1&#8243; title=&#8221;Kalendarium firmy WISS:&#8221;][vc_tta_section title=&#8221;1988&#8243; tab_id=&#8221;1619016762156-ce28b3d1-e02e&#8221;][vc_column_text]Piotr Wawrzaszek zak\u0142ada firm\u0119 Przedsi\u0119biorstwo Handlu Zagranicznego. \u201ePiotr Wawrzaszek\u201d, zajmuj\u0105c\u0105 si\u0119 serwisowaniem cz\u0119\u015bci i podzespo\u0142\u00f3w do samochod\u00f3w ci\u0119\u017carowych;[\/vc_column_text][\/vc_tta_section][vc_tta_section title=&#8221;1990&#8243; tab_id=&#8221;1619016762156-65e117e7-9cf8&#8243;][vc_column_text]firma rozpoczyna dzia\u0142alno\u015b\u0107 jako przedsi\u0119biorstwo handlowo-motoryzacyjne;[\/vc_column_text][\/vc_tta_section][vc_tta_section title=&#8221;1993&#8243; tab_id=&#8221;1619016812307-a6013535-800e&#8221;][vc_column_text]powstaje pierwszy lekki samoch\u00f3d ratownictwa techniczno-drogowego;[\/vc_column_text][\/vc_tta_section][vc_tta_section title=&#8221;1994&#8243; tab_id=&#8221;1619016812994-a1d75d0b-916d&#8221;][vc_column_text]firma przenosi produkcj\u0119 samochod\u00f3w do nowego obiektu produkcyjnego<br \/>\no powierzchni 5.000 m\u00b2;<\/p>\n<p>powstaje pierwszy samoch\u00f3d ratowniczo-ga\u015bniczy;[\/vc_column_text][\/vc_tta_section][vc_tta_section title=&#8221;1996&#8243; tab_id=&#8221;1619016814299-5e380c7c-c94d&#8221;][vc_column_text]powstaje pierwszy ci\u0119\u017cki samoch\u00f3d ratownictwa technicznego i chemicznego;<\/p>\n<p>firma nawi\u0105zuje wsp\u00f3\u0142prac\u0119 z firm\u0105 Ruberg AB, produkuj\u0105c\u0105 pompy po\u017carnicze;[\/vc_column_text][\/vc_tta_section][vc_tta_section title=&#8221;2000&#8243; tab_id=&#8221;1619016815552-ab0a9a60-2284&#8243;][vc_column_text]firma otwiera dzia\u0142 laserowej obr\u00f3bki blach;[\/vc_column_text][\/vc_tta_section][vc_tta_section title=&#8221;2001&#8243; tab_id=&#8221;1619016816196-e3cb0a59-ef48&#8243;][vc_column_text]powstaje pierwszy samoch\u00f3d lotniskowy na podwoziu MAN;[\/vc_column_text][\/vc_tta_section][vc_tta_section title=&#8221;2002&#8243; tab_id=&#8221;1619016816776-ddca7641-f131&#8243;][vc_column_text]firma przenosi si\u0119 w ca\u0142o\u015bci do nowego obiektu o powierzchni 13.000 m\u00b2;<\/p>\n<p>firma \u2013 jako pierwsza w Europie \u2013 uruchamia w\u0142asn\u0105, najnowocze\u015bniejsz\u0105 produkcj\u0119 zabud\u00f3w oraz zbiornik\u00f3w z materia\u0142\u00f3w GRP;[\/vc_column_text][\/vc_tta_section][vc_tta_section title=&#8221;2003&#8243; tab_id=&#8221;1619016817877-7ed8c343-251b&#8221;][vc_column_text]firma wdra\u017ca system jako\u015bci ISO 9001:2000;[\/vc_column_text][\/vc_tta_section][vc_tta_section title=&#8221;2004&#8243; tab_id=&#8221;1619016818422-977823fb-a28a&#8221;][vc_column_text]firma przenosi produkcj\u0119 kompozyt\u00f3w do nowego obiektu przemys\u0142owego<br \/>\no powierzchni 7.000 m\u00b2;<\/p>\n<p>firma zostaje w\u0142a\u015bcicielem producenta pomp po\u017carniczych Ruberg AB;[\/vc_column_text][\/vc_tta_section][vc_tta_section title=&#8221;2006&#8243; tab_id=&#8221;1619016818970-e2a7988a-8916&#8243;][vc_column_text]firma rozpoczyna eksport samochod\u00f3w do pa\u0144stw skandynawskich[\/vc_column_text][\/vc_tta_section][vc_tta_section title=&#8221;2009&#8243; tab_id=&#8221;1619016819606-313902c1-e60a&#8221;][vc_column_text]powstaje pierwszy, polski, specjalny pojazd lotniskowy Felix w wersji 6\u00d76;[\/vc_column_text][\/vc_tta_section][vc_tta_section title=&#8221;2011&#8243; tab_id=&#8221;1619016932223-a1ab8f6f-ffb7&#8243;][vc_column_text]firma uruchamia produkcj\u0119 specjalnych samochod\u00f3w lotniskowych w wersji 8\u00d78;<\/p>\n<p>firma zak\u0142ada oddzia\u0142 w Czechach;<\/p>\n<table id=\"table_115\">\n<tbody>\n<tr class=\"row_19 odd\">\n<td class=\"col_2 col_last\">\n<p>firma WISS otrzymuje nagrod\u0119 Grand Prix Konkursu pt. Najlepsze Dyplomy Projektowe 2011 Katowice \u2013 Nagroda Rektor\u00f3w za prac\u0119 dyplomow\u0105 pt. \u201eKoncepcja Pojazdu Ratownictwa Lotniczego\u201d;<\/p>\n<p>firma otrzymuje wyr\u00f3\u017cnienie w Mi\u0119dzynarodowym konkursie dla Najlepszych Projekt\u00f3w Dyplomowych \u2013 \u201eGraduation Projects\u201d \u2013 konkurs organizowany przez Zamek Cieszyn, Fundacj\u0119 Wyszehradzk\u0105 oraz miesi\u0119cznik 2plus3D;<\/td>\n<\/tr>\n<\/tbody>\n<\/table>\n<p>[\/vc_column_text][\/vc_tta_section][vc_tta_section title=&#8221;2012&#8243; tab_id=&#8221;1619016933487-f403f529-dd25&#8243;][vc_column_text]firma zostaje w\u0142a\u015bcicielem firmy \u201eBumar \u2013 Koszalin\u201d, producenta podno\u015bnik\u00f3w ratowniczych i cywilnych;<\/p>\n<p>firma zak\u0142ada oddzia\u0142 w Niemczech WISS GmbH;<\/p>\n<p>poszerzenie dzia\u0142alno\u015bci kooperacyjnej o dodatkowe us\u0142ugi wiss\u2013cooperation.com;<\/p>\n<p>firma WISS otrzymuje Nagrod\u0119 \u201eDobry Wz\u00f3r 2012\u201d w kategorii Sfera Publiczna oraz Dobry Wz\u00f3r Roku 2012 jest to nagroda specjalna Ministra Gospodarki za projekt Lotniskowego pojazdu ratowniczo -ga\u015bniczego Felix 8\u00d78;[\/vc_column_text][\/vc_tta_section][vc_tta_section title=&#8221;2013&#8243; tab_id=&#8221;1619016817314-a5a8b433-dcb7&#8243;][vc_column_text]WISS otrzymuje g\u0142\u00f3wn\u0105 nagrod\u0119 w konkursie \u201e\u015al\u0105ska Rzecz\u201d, w kategorii produkt. Jest to nagroda za projekt podestu po\u017carniczego PMT25D Skyline, produkcji firmy WISS;[\/vc_column_text][\/vc_tta_section][vc_tta_section title=&#8221;2014&#8243; tab_id=&#8221;1619016814918-9f27fd03-73c8&#8243;][vc_column_text]WISS otrzymuje nagrod\u0119 Marka \u015al\u0105skie w kategorii Gospodarka;<\/p>\n<p>WISS otrzymuje nagrod\u0119 Marka \u015al\u0105skie w kategorii Produkt. Jest to nagroda za lotniskowy, ci\u0119\u017cki pojazd ratowniczo \u2013 ga\u015bniczy Felix II;<\/p>\n<p>WISS otrzymuje nagrod\u0119 \u201eFirma Roku 2014\u201d w konkursie organizowanym przez Urz\u0105d Miejski w Bielsku \u2013 Bia\u0142ej, Starostwo Powiatowe w Bielsku, Cieszynie i \u017bywcu oraz Regionaln\u0105 Izb\u0119 Handlu i Przemys\u0142u w Bielsku-Bia\u0142ej;[\/vc_column_text][\/vc_tta_section][vc_tta_section title=&#8221;2015&#8243; tab_id=&#8221;1619016813659-dea77a8a-6b3f&#8221;][vc_column_text]Firma Thoma, znany niemiecki producent samochod\u00f3w ratowniczo-ga\u015bniczych staje si\u0119 cz\u0142onkiem Grupy WISS, zmieniaj\u0105c nazw\u0119 na WISS Thoma.<\/p>\n<div id=\"gtx-trans\" style=\"position: absolute; left: 390px; top: 89px;\">\n<div class=\"gtx-trans-icon\"><\/div>\n<\/div>\n<p>[\/vc_column_text][\/vc_tta_section][\/vc_tta_tabs][\/vc_column][vc_column width=&#8221;1\/4&#8243;][vc_row_inner][vc_column_inner][\/vc_column_inner][\/vc_row_inner][\/vc_column][\/vc_row][vc_row][vc_column][\/vc_column][\/vc_row][vc_row][vc_column][\/vc_column][\/vc_row][vc_row][vc_column][\/vc_column][\/vc_row][vc_row][vc_column][vc_images_carousel images=&#8221;2612,2613,2614,2490&#8243; img_size=&#8221;full&#8221; mode=&#8221;vertical&#8221; speed=&#8221;50000&#8243; slides_per_view=&#8221;2&#8243; hide_pagination_control=&#8221;yes&#8221; wrap=&#8221;yes&#8221; el_class=&#8221;warstwa1&#8243;][\/vc_column][\/vc_row]<\/p>\n","protected":false},"excerpt":{"rendered":"<p>[vc_row][vc_column width=&#8221;1\/3&#8243;][heading text=&#8221;Historia&#8221; tag=&#8221;h2&#8243; align=&#8221;center&#8221;][\/vc_column][vc_column width=&#8221;1\/3&#8243;][vc_single_image image=&#8221;2572&#8243; img_size=&#8221;full&#8221;][\/vc_column][vc_column width=&#8221;1\/3&#8243;][\/vc_column][\/vc_row][vc_row][vc_column width=&#8221;3\/4&#8243;][line_solid][vc_column_text] Firma \u201eWawrzaszek In\u017cynieria Samochod\u00f3w Specjalnych\u201d powsta\u0142a w 1988 roku. Od samego pocz\u0105tku istnienia zajmuje si\u0119 produkcj\u0105 samochod\u00f3w specjalnych, dzi\u0119ki czemu sta\u0142a si\u0119 liderem na rynku polskim, a tak\u017ce wiod\u0105cym kontrahentem na rynkach zagranicznych. &nbsp; Firma ju\u017c od ponad 20 lat rozwija si\u0119 w dynamicznym tempie, [&hellip;]<\/p>\n","protected":false},"author":1,"featured_media":0,"parent":0,"menu_order":0,"comment_status":"closed","ping_status":"closed","template":"","meta":{"_acf_changed":false,"footnotes":""},"class_list":["post-1465","page","type-page","status-publish","hentry"],"acf":[],"yoast_head":"<!-- This site is optimized with the Yoast SEO plugin v27.5 - https:\/\/yoast.com\/product\/yoast-seo-wordpress\/ -->\n<title>Historia - WISS<\/title>\n<meta name=\"robots\" content=\"index, follow, max-snippet:-1, max-image-preview:large, max-video-preview:-1\" \/>\n<link rel=\"canonical\" href=\"https:\/\/www.wiss.com.pl\/en\/historia\/\" \/>\n<meta property=\"og:locale\" content=\"en_US\" \/>\n<meta property=\"og:type\" content=\"article\" \/>\n<meta property=\"og:title\" content=\"Historia - WISS\" \/>\n<meta property=\"og:description\" content=\"[vc_row][vc_column width=&#8221;1\/3&#8243;][heading text=&#8221;Historia&#8221; tag=&#8221;h2&#8243; align=&#8221;center&#8221;][\/vc_column][vc_column width=&#8221;1\/3&#8243;][vc_single_image image=&#8221;2572&#8243; img_size=&#8221;full&#8221;][\/vc_column][vc_column width=&#8221;1\/3&#8243;][\/vc_column][\/vc_row][vc_row][vc_column width=&#8221;3\/4&#8243;][line_solid][vc_column_text] Firma \u201eWawrzaszek In\u017cynieria Samochod\u00f3w Specjalnych\u201d powsta\u0142a w 1988 roku. Od samego pocz\u0105tku istnienia zajmuje si\u0119 produkcj\u0105 samochod\u00f3w specjalnych, dzi\u0119ki czemu sta\u0142a si\u0119 liderem na rynku polskim, a tak\u017ce wiod\u0105cym kontrahentem na rynkach zagranicznych. &nbsp; Firma ju\u017c od ponad 20 lat rozwija si\u0119 w dynamicznym tempie, [&hellip;]\" \/>\n<meta property=\"og:url\" content=\"https:\/\/www.wiss.com.pl\/en\/historia\/\" \/>\n<meta property=\"og:site_name\" content=\"WISS\" \/>\n<meta property=\"article:publisher\" content=\"https:\/\/www.facebook.com\/ISSwawrzaszek\/\" \/>\n<meta property=\"article:modified_time\" content=\"2021-06-01T18:41:30+00:00\" \/>\n<meta name=\"twitter:card\" content=\"summary_large_image\" \/>\n<meta name=\"twitter:label1\" content=\"Est. reading time\" \/>\n\t<meta name=\"twitter:data1\" content=\"5 minutes\" \/>\n<script type=\"application\/ld+json\" class=\"yoast-schema-graph\">{\"@context\":\"https:\\\/\\\/schema.org\",\"@graph\":[{\"@type\":\"WebPage\",\"@id\":\"https:\\\/\\\/www.wiss.com.pl\\\/historia\\\/\",\"url\":\"https:\\\/\\\/www.wiss.com.pl\\\/historia\\\/\",\"name\":\"Historia - WISS\",\"isPartOf\":{\"@id\":\"https:\\\/\\\/www.wiss.com.pl\\\/#website\"},\"datePublished\":\"2020-05-17T12:31:54+00:00\",\"dateModified\":\"2021-06-01T18:41:30+00:00\",\"breadcrumb\":{\"@id\":\"https:\\\/\\\/www.wiss.com.pl\\\/historia\\\/#breadcrumb\"},\"inLanguage\":\"en-US\",\"potentialAction\":[{\"@type\":\"ReadAction\",\"target\":[\"https:\\\/\\\/www.wiss.com.pl\\\/historia\\\/\"]}]},{\"@type\":\"BreadcrumbList\",\"@id\":\"https:\\\/\\\/www.wiss.com.pl\\\/historia\\\/#breadcrumb\",\"itemListElement\":[{\"@type\":\"ListItem\",\"position\":1,\"name\":\"Strona g\u0142\u00f3wna\",\"item\":\"https:\\\/\\\/www.wiss.com.pl\\\/\"},{\"@type\":\"ListItem\",\"position\":2,\"name\":\"Historia\"}]},{\"@type\":\"WebSite\",\"@id\":\"https:\\\/\\\/www.wiss.com.pl\\\/#website\",\"url\":\"https:\\\/\\\/www.wiss.com.pl\\\/\",\"name\":\"WISS Samochody Specjalne\",\"description\":\"Czo\u0142owy producent samochod\u00f3w po\u017carniczych w Polsce i Europie. Samochody przeznaczone dla s\u0142u\u017cb mundurowych, takich jak: stra\u017c po\u017carna, wojsko i policja.\",\"publisher\":{\"@id\":\"https:\\\/\\\/www.wiss.com.pl\\\/#organization\"},\"potentialAction\":[{\"@type\":\"SearchAction\",\"target\":{\"@type\":\"EntryPoint\",\"urlTemplate\":\"https:\\\/\\\/www.wiss.com.pl\\\/?s={search_term_string}\"},\"query-input\":{\"@type\":\"PropertyValueSpecification\",\"valueRequired\":true,\"valueName\":\"search_term_string\"}}],\"inLanguage\":\"en-US\"},{\"@type\":\"Organization\",\"@id\":\"https:\\\/\\\/www.wiss.com.pl\\\/#organization\",\"name\":\"WISS Samochody Specjalne\",\"url\":\"https:\\\/\\\/www.wiss.com.pl\\\/\",\"logo\":{\"@type\":\"ImageObject\",\"inLanguage\":\"en-US\",\"@id\":\"https:\\\/\\\/www.wiss.com.pl\\\/#\\\/schema\\\/logo\\\/image\\\/\",\"url\":\"https:\\\/\\\/www.wiss.com.pl\\\/wp-content\\\/uploads\\\/2025\\\/01\\\/logo_bezpieczenstwo6-1.jpg\",\"contentUrl\":\"https:\\\/\\\/www.wiss.com.pl\\\/wp-content\\\/uploads\\\/2025\\\/01\\\/logo_bezpieczenstwo6-1.jpg\",\"width\":1450,\"height\":407,\"caption\":\"WISS Samochody Specjalne\"},\"image\":{\"@id\":\"https:\\\/\\\/www.wiss.com.pl\\\/#\\\/schema\\\/logo\\\/image\\\/\"},\"sameAs\":[\"https:\\\/\\\/www.facebook.com\\\/ISSwawrzaszek\\\/\"]}]}<\/script>\n<!-- \/ Yoast SEO plugin. -->","yoast_head_json":{"title":"Historia - WISS","robots":{"index":"index","follow":"follow","max-snippet":"max-snippet:-1","max-image-preview":"max-image-preview:large","max-video-preview":"max-video-preview:-1"},"canonical":"https:\/\/www.wiss.com.pl\/en\/historia\/","og_locale":"en_US","og_type":"article","og_title":"Historia - WISS","og_description":"[vc_row][vc_column width=&#8221;1\/3&#8243;][heading text=&#8221;Historia&#8221; tag=&#8221;h2&#8243; align=&#8221;center&#8221;][\/vc_column][vc_column width=&#8221;1\/3&#8243;][vc_single_image image=&#8221;2572&#8243; img_size=&#8221;full&#8221;][\/vc_column][vc_column width=&#8221;1\/3&#8243;][\/vc_column][\/vc_row][vc_row][vc_column width=&#8221;3\/4&#8243;][line_solid][vc_column_text] Firma \u201eWawrzaszek In\u017cynieria Samochod\u00f3w Specjalnych\u201d powsta\u0142a w 1988 roku. Od samego pocz\u0105tku istnienia zajmuje si\u0119 produkcj\u0105 samochod\u00f3w specjalnych, dzi\u0119ki czemu sta\u0142a si\u0119 liderem na rynku polskim, a tak\u017ce wiod\u0105cym kontrahentem na rynkach zagranicznych. &nbsp; Firma ju\u017c od ponad 20 lat rozwija si\u0119 w dynamicznym tempie, [&hellip;]","og_url":"https:\/\/www.wiss.com.pl\/en\/historia\/","og_site_name":"WISS","article_publisher":"https:\/\/www.facebook.com\/ISSwawrzaszek\/","article_modified_time":"2021-06-01T18:41:30+00:00","twitter_card":"summary_large_image","twitter_misc":{"Est. reading time":"5 minutes"},"schema":{"@context":"https:\/\/schema.org","@graph":[{"@type":"WebPage","@id":"https:\/\/www.wiss.com.pl\/historia\/","url":"https:\/\/www.wiss.com.pl\/historia\/","name":"Historia - WISS","isPartOf":{"@id":"https:\/\/www.wiss.com.pl\/#website"},"datePublished":"2020-05-17T12:31:54+00:00","dateModified":"2021-06-01T18:41:30+00:00","breadcrumb":{"@id":"https:\/\/www.wiss.com.pl\/historia\/#breadcrumb"},"inLanguage":"en-US","potentialAction":[{"@type":"ReadAction","target":["https:\/\/www.wiss.com.pl\/historia\/"]}]},{"@type":"BreadcrumbList","@id":"https:\/\/www.wiss.com.pl\/historia\/#breadcrumb","itemListElement":[{"@type":"ListItem","position":1,"name":"Strona g\u0142\u00f3wna","item":"https:\/\/www.wiss.com.pl\/"},{"@type":"ListItem","position":2,"name":"Historia"}]},{"@type":"WebSite","@id":"https:\/\/www.wiss.com.pl\/#website","url":"https:\/\/www.wiss.com.pl\/","name":"WISS Samochody Specjalne","description":"Czo\u0142owy producent samochod\u00f3w po\u017carniczych w Polsce i Europie. Samochody przeznaczone dla s\u0142u\u017cb mundurowych, takich jak: stra\u017c po\u017carna, wojsko i policja.","publisher":{"@id":"https:\/\/www.wiss.com.pl\/#organization"},"potentialAction":[{"@type":"SearchAction","target":{"@type":"EntryPoint","urlTemplate":"https:\/\/www.wiss.com.pl\/?s={search_term_string}"},"query-input":{"@type":"PropertyValueSpecification","valueRequired":true,"valueName":"search_term_string"}}],"inLanguage":"en-US"},{"@type":"Organization","@id":"https:\/\/www.wiss.com.pl\/#organization","name":"WISS Samochody Specjalne","url":"https:\/\/www.wiss.com.pl\/","logo":{"@type":"ImageObject","inLanguage":"en-US","@id":"https:\/\/www.wiss.com.pl\/#\/schema\/logo\/image\/","url":"https:\/\/www.wiss.com.pl\/wp-content\/uploads\/2025\/01\/logo_bezpieczenstwo6-1.jpg","contentUrl":"https:\/\/www.wiss.com.pl\/wp-content\/uploads\/2025\/01\/logo_bezpieczenstwo6-1.jpg","width":1450,"height":407,"caption":"WISS Samochody Specjalne"},"image":{"@id":"https:\/\/www.wiss.com.pl\/#\/schema\/logo\/image\/"},"sameAs":["https:\/\/www.facebook.com\/ISSwawrzaszek\/"]}]}},"_links":{"self":[{"href":"https:\/\/www.wiss.com.pl\/en\/wp-json\/wp\/v2\/pages\/1465","targetHints":{"allow":["GET"]}}],"collection":[{"href":"https:\/\/www.wiss.com.pl\/en\/wp-json\/wp\/v2\/pages"}],"about":[{"href":"https:\/\/www.wiss.com.pl\/en\/wp-json\/wp\/v2\/types\/page"}],"author":[{"embeddable":true,"href":"https:\/\/www.wiss.com.pl\/en\/wp-json\/wp\/v2\/users\/1"}],"replies":[{"embeddable":true,"href":"https:\/\/www.wiss.com.pl\/en\/wp-json\/wp\/v2\/comments?post=1465"}],"version-history":[{"count":23,"href":"https:\/\/www.wiss.com.pl\/en\/wp-json\/wp\/v2\/pages\/1465\/revisions"}],"predecessor-version":[{"id":2615,"href":"https:\/\/www.wiss.com.pl\/en\/wp-json\/wp\/v2\/pages\/1465\/revisions\/2615"}],"wp:attachment":[{"href":"https:\/\/www.wiss.com.pl\/en\/wp-json\/wp\/v2\/media?parent=1465"}],"curies":[{"name":"wp","href":"https:\/\/api.w.org\/{rel}","templated":true}]}}