{"id":1461,"date":"2020-05-17T14:31:04","date_gmt":"2020-05-17T12:31:04","guid":{"rendered":"https:\/\/www.wiss.com.pl\/_www_wiss_polska\/stronanowa\/?page_id=1461"},"modified":"2025-03-12T10:37:13","modified_gmt":"2025-03-12T09:37:13","slug":"rodo","status":"publish","type":"page","link":"https:\/\/www.wiss.com.pl\/en\/rodo\/","title":{"rendered":"GDRP"},"content":{"rendered":"<div data-elementor-type=\"wp-page\" data-elementor-id=\"1461\" class=\"elementor elementor-1461\" data-elementor-post-type=\"page\">\n\t\t\t\t<div class=\"elementor-element elementor-element-782abf7 e-flex e-con-boxed elementor-invisible e-con e-parent\" data-id=\"782abf7\" data-element_type=\"container\" data-settings=\"{&quot;animation&quot;:&quot;fadeIn&quot;}\">\n\t\t\t\t\t<div class=\"e-con-inner\">\n\t\t\t\t<div class=\"elementor-element elementor-element-1ba01cb elementor-widget elementor-widget-heading\" data-id=\"1ba01cb\" data-element_type=\"widget\" data-widget_type=\"heading.default\">\n\t\t\t\t<div class=\"elementor-widget-container\">\n\t\t\t\t\t<h2 class=\"elementor-heading-title elementor-size-default\">rodo<\/h2>\t\t\t\t<\/div>\n\t\t\t\t<\/div>\n\t\t\t\t<div class=\"elementor-element elementor-element-b5c385a elementor-widget-divider--view-line elementor-widget elementor-widget-divider\" data-id=\"b5c385a\" data-element_type=\"widget\" data-widget_type=\"divider.default\">\n\t\t\t\t<div class=\"elementor-widget-container\">\n\t\t\t\t\t\t\t<div class=\"elementor-divider\">\n\t\t\t<span class=\"elementor-divider-separator\">\n\t\t\t\t\t\t<\/span>\n\t\t<\/div>\n\t\t\t\t\t\t<\/div>\n\t\t\t\t<\/div>\n\t\t<div class=\"elementor-element elementor-element-c3f870d e-con-full e-flex e-con e-child\" data-id=\"c3f870d\" data-element_type=\"container\">\n\t\t\t\t<div class=\"elementor-element elementor-element-4ce0550 elementor-widget elementor-widget-text-editor\" data-id=\"4ce0550\" data-element_type=\"widget\" data-widget_type=\"text-editor.default\">\n\t\t\t\t<div class=\"elementor-widget-container\">\n\t\t\t\t\t\t\t\t\t<p>The protection of personal data is treated with priority by WISS. Rules of processing your personal data by WISS in accordance with the provisions of Regulation (EU) 2016\/679 of the European Parliament and of the Council of 27 April 2016 on the protection of natural persons with regard to the processing of personal data and on the free movement of such data (GDPR), as well as the requirements of the Act of 10 May 2018 on the protection of personal data.<\/p>\t\t\t\t\t\t\t\t<\/div>\n\t\t\t\t<\/div>\n\t\t\t\t<div class=\"elementor-element elementor-element-619f1fc elementor-widget elementor-widget-text-editor\" data-id=\"619f1fc\" data-element_type=\"widget\" data-widget_type=\"text-editor.default\">\n\t\t\t\t<div class=\"elementor-widget-container\">\n\t\t\t\t\t\t\t\t\t<p>In connection with the operation of our website, we set out below our Privacy and Cookies Policy<\/p>\t\t\t\t\t\t\t\t<\/div>\n\t\t\t\t<\/div>\n\t\t\t\t<div class=\"elementor-element elementor-element-471102b elementor-icon-list--layout-traditional elementor-list-item-link-full_width elementor-widget elementor-widget-icon-list\" data-id=\"471102b\" data-element_type=\"widget\" data-widget_type=\"icon-list.default\">\n\t\t\t\t<div class=\"elementor-widget-container\">\n\t\t\t\t\t\t\t<ul class=\"elementor-icon-list-items\">\n\t\t\t\t\t\t\t<li class=\"elementor-icon-list-item\">\n\t\t\t\t\t\t\t\t\t\t\t<a href=\"https:\/\/www.wiss.com.pl\/wp-content\/uploads\/2025\/03\/polityka_wiss.pdf\">\n\n\t\t\t\t\t\t\t\t\t\t\t<span class=\"elementor-icon-list-text\">PRIVACY POLICY<\/span>\n\t\t\t\t\t\t\t\t\t\t\t<\/a>\n\t\t\t\t\t\t\t\t\t<\/li>\n\t\t\t\t\t\t<\/ul>\n\t\t\t\t\t\t<\/div>\n\t\t\t\t<\/div>\n\t\t\t\t<div class=\"elementor-element elementor-element-cf20266 elementor-widget elementor-widget-text-editor\" data-id=\"cf20266\" data-element_type=\"widget\" data-widget_type=\"text-editor.default\">\n\t\t\t\t<div class=\"elementor-widget-container\">\n\t\t\t\t\t\t\t\t\t<p>Below we present the relevant information clauses for our clients, suppliers and job applicants.<\/p>\t\t\t\t\t\t\t\t<\/div>\n\t\t\t\t<\/div>\n\t\t\t\t<div class=\"elementor-element elementor-element-62ba698 elementor-icon-list--layout-traditional elementor-list-item-link-full_width elementor-widget elementor-widget-icon-list\" data-id=\"62ba698\" data-element_type=\"widget\" data-widget_type=\"icon-list.default\">\n\t\t\t\t<div class=\"elementor-widget-container\">\n\t\t\t\t\t\t\t<ul class=\"elementor-icon-list-items\">\n\t\t\t\t\t\t\t<li class=\"elementor-icon-list-item\">\n\t\t\t\t\t\t\t\t\t\t\t<a href=\"https:\/\/www.wiss.com.pl\/wp-content\/uploads\/2025\/03\/KLAUZULA-_Klienci.pdf\">\n\n\t\t\t\t\t\t\t\t\t\t\t<span class=\"elementor-icon-list-text\">Customer clause<\/span>\n\t\t\t\t\t\t\t\t\t\t\t<\/a>\n\t\t\t\t\t\t\t\t\t<\/li>\n\t\t\t\t\t\t\t\t<li class=\"elementor-icon-list-item\">\n\t\t\t\t\t\t\t\t\t\t\t<a href=\"https:\/\/www.wiss.com.pl\/wp-content\/uploads\/2025\/03\/KLAUZULA_Dostawcy.pdf\">\n\n\t\t\t\t\t\t\t\t\t\t\t<span class=\"elementor-icon-list-text\">SUPPLIER<\/span>\n\t\t\t\t\t\t\t\t\t\t\t<\/a>\n\t\t\t\t\t\t\t\t\t<\/li>\n\t\t\t\t\t\t\t\t<li class=\"elementor-icon-list-item\">\n\t\t\t\t\t\t\t\t\t\t\t<a href=\"https:\/\/www.wiss.com.pl\/wp-content\/uploads\/2025\/03\/KLAUZULA_Kandydaci_do_pracy.pdf\">\n\n\t\t\t\t\t\t\t\t\t\t\t<span class=\"elementor-icon-list-text\">JOB APPLICANT<\/span>\n\t\t\t\t\t\t\t\t\t\t\t<\/a>\n\t\t\t\t\t\t\t\t\t<\/li>\n\t\t\t\t\t\t\t\t<li class=\"elementor-icon-list-item\">\n\t\t\t\t\t\t\t\t\t\t\t<a href=\"https:\/\/www.wiss.com.pl\/wp-content\/uploads\/2025\/03\/KLAUZULA_KORESPONDENCJA.pdf\">\n\n\t\t\t\t\t\t\t\t\t\t\t<span class=\"elementor-icon-list-text\">E-MAIL<\/span>\n\t\t\t\t\t\t\t\t\t\t\t<\/a>\n\t\t\t\t\t\t\t\t\t<\/li>\n\t\t\t\t\t\t\t\t<li class=\"elementor-icon-list-item\">\n\t\t\t\t\t\t\t\t\t\t\t<a href=\"https:\/\/www.wiss.com.pl\/wp-content\/uploads\/2025\/03\/KLAUZULA_INFORMACYJNA_FACEBOOK.pdf\">\n\n\t\t\t\t\t\t\t\t\t\t\t<span class=\"elementor-icon-list-text\">FACEBOOK<\/span>\n\t\t\t\t\t\t\t\t\t\t\t<\/a>\n\t\t\t\t\t\t\t\t\t<\/li>\n\t\t\t\t\t\t<\/ul>\n\t\t\t\t\t\t<\/div>\n\t\t\t\t<\/div>\n\t\t\t\t<\/div>\n\t\t\t\t\t<\/div>\n\t\t\t\t<\/div>\n\t\t\t\t<\/div>","protected":false},"excerpt":{"rendered":"<p>rodo Ochrona danych osobowych jest traktowana w WISS w spos\u00f3b priorytetowy. Uwzgl\u0119dniaj\u0105c postanowienia Rozporz\u0105dzenia Parlamentu Europejskiego i Rady (UE) 2016\/679 z dnia 27 kwietnia 2016 r. w sprawie ochrony os\u00f3b fizycznych w zwi\u0105zku z przetwarzaniem danych osobowych i w sprawie swobodnego przep\u0142ywu takich danych (RODO), a tak\u017ce wymagania Ustawy z dnia 10 maja 2018 r. [&hellip;]<\/p>","protected":false},"author":1,"featured_media":0,"parent":0,"menu_order":0,"comment_status":"closed","ping_status":"closed","template":"elementor_header_footer","meta":{"_acf_changed":false,"footnotes":""},"class_list":["post-1461","page","type-page","status-publish","hentry"],"acf":[],"_links":{"self":[{"href":"https:\/\/www.wiss.com.pl\/en\/wp-json\/wp\/v2\/pages\/1461","targetHints":{"allow":["GET"]}}],"collection":[{"href":"https:\/\/www.wiss.com.pl\/en\/wp-json\/wp\/v2\/pages"}],"about":[{"href":"https:\/\/www.wiss.com.pl\/en\/wp-json\/wp\/v2\/types\/page"}],"author":[{"embeddable":true,"href":"https:\/\/www.wiss.com.pl\/en\/wp-json\/wp\/v2\/users\/1"}],"replies":[{"embeddable":true,"href":"https:\/\/www.wiss.com.pl\/en\/wp-json\/wp\/v2\/comments?post=1461"}],"version-history":[{"count":17,"href":"https:\/\/www.wiss.com.pl\/en\/wp-json\/wp\/v2\/pages\/1461\/revisions"}],"predecessor-version":[{"id":5029,"href":"https:\/\/www.wiss.com.pl\/en\/wp-json\/wp\/v2\/pages\/1461\/revisions\/5029"}],"wp:attachment":[{"href":"https:\/\/www.wiss.com.pl\/en\/wp-json\/wp\/v2\/media?parent=1461"}],"curies":[{"name":"wp","href":"https:\/\/api.w.org\/{rel}","templated":true}]}}