{"id":1457,"date":"2020-05-17T14:30:30","date_gmt":"2020-05-17T12:30:30","guid":{"rendered":"https:\/\/www.wiss.com.pl\/_www_wiss_polska\/stronanowa\/?page_id=1457"},"modified":"2021-08-18T08:03:36","modified_gmt":"2021-08-18T06:03:36","slug":"kariera","status":"publish","type":"page","link":"https:\/\/www.wiss.com.pl\/en\/kariera\/","title":{"rendered":"CAREER"},"content":{"rendered":"<p>[vc_row][vc_column][vc_row_inner][vc_column_inner][heading text=&#8221;Kariera&#8221; tag=&#8221;h2&#8243; align=&#8221;center&#8221;][line_solid][vc_column_text]Grupa WISS jest wiod\u0105cych na \u015bwiecie polskim producentem samochod\u00f3w specjalnych oraz sprz\u0119tu przeciwpo\u017carowego, przeznaczonego dla: stra\u017cy po\u017carnej, wojska, s\u0142u\u017cb cywilnych, policji.<\/p>\n<p>&nbsp;<\/p>\n<p>Produkcja realizowana jest w zak\u0142adach na terenie Polski i Europy o \u0142\u0105cznej powierzchni 60.000 m2, gdzie zatrudnia si\u0119 ponad 800 os\u00f3b. Zal\u0105\u017ckiem Grupy WISS by\u0142o kupno w 2004, szwedzkiej firmy z ponad 80-letni\u0105 tradycj\u0105 W. Ruberg AB, kt\u00f3ra zajmuje si\u0119 produkcj\u0105 pomp po\u017carniczych, dozownik\u00f3w \u015brodka pianotw\u00f3rczego, wysokoci\u015bnieniowych agregat\u00f3w ga\u015bniczych, a tak\u017ce system\u00f3w piany spr\u0119\u017conej CAFS Ruberg 4F. Kolejnym strategicznym momentem by\u0142 rok 2012, w kt\u00f3rym zakupiono F.M. &#8220;BUMAR-KOSZALIN&#8221;, b\u0119d\u0105c\u0105 najwi\u0119kszym w Polsce producentem podno\u015bnik\u00f3w koszowych do zastosowa\u0144 po\u017carniczych oraz cywilnych z ponad 60-\u0096letnim do\u015bwiadczeniem.<\/p>\n<p>Poza zak\u0142adami dostarczaj\u0105cymi pe\u0142n\u0105 palet\u0119 wyrob\u00f3w dla s\u0142u\u017cb ratowniczych, energetycznych, wojska i policji dzia\u0142a r\u00f3wnie\u017c WISS Cooperation \u015bwiadcz\u0105ca us\u0142ugi w zakresie wycinania i gi\u0119cia blach ze stali konstrukcyjnej, nierdzewnej i aluminium oraz produkcja element\u00f3w z materia\u0142\u00f3w kompozytowych, a tak\u017ce sp\u00f3\u0142ki serwisowe i handlowe.<\/p>\n<p>Powy\u017csze posuni\u0119cia zaowocowa\u0142y utworzeniem si\u0119 Grupy WISS, kt\u00f3ra z dnia na dzie\u0144 coraz bardziej si\u0119 rozwija.[\/vc_column_text][line_solid][\/vc_column_inner][\/vc_row_inner][vc_column_text]<\/p>\n<h3>W zwi\u0105zku z powy\u017cszym poszukujemy praktykant\u00f3w oraz absolwent\u00f3w studi\u00f3w technicznych,<br \/>\nin\u017cynierskich lub magisterskich, o kierunkach:<\/h3>\n<ul>\n<li class=\"first\">elektrotechnika;<\/li>\n<li>elektronika i telekomunikacja;<\/li>\n<li>energetyka;<\/li>\n<li>zarz\u0105dzanie i in\u017cynieria produkcji;<\/li>\n<li>mechanika i budowa maszyn;<\/li>\n<li>in\u017cynieria materia\u0142owa, automatyka i robotyka;<\/li>\n<li>mechatronika;<\/li>\n<li>eksploatacja pojazd\u00f3w samochodowych;<\/li>\n<li>technika i zarz\u0105dzanie w transporcie samochodowym;<\/li>\n<li>transport;<\/li>\n<li class=\"last\">zarz\u0105dzanie jako\u015bci\u0105, itp.<\/li>\n<\/ul>\n<h3>Wymagania:<\/h3>\n<ul>\n<li class=\"first\">bardzo dobrze pos\u0142ugiwanie si\u0119 programami komputerowymi, tworzenie zaawansowanych raport\u00f3w w programie MS Excel i prezentacji w Power Point;<\/li>\n<li>obs\u0142ugiwanie programu do projektowania typu CAD, w stopniu komunikatywnym pos\u0142ugiwanie si\u0119 j\u0119zykiem angielskim (ew. rosyjskim lub niemieckim);<\/li>\n<li>motywacja do rozwoju i aktywnego zdobywania do\u015bwiadczenia;<\/li>\n<li>posiadanie umiej\u0119tno\u015bci analitycznego my\u015blenia;<\/li>\n<li class=\"last\">ch\u0119\u0107 wsp\u00f3\u0142pracy w grupie i kreatywno\u015b\u0107.<\/li>\n<\/ul>\n<h3>Oferujemy:<\/h3>\n<ul>\n<li class=\"first\">mo\u017cliwo\u015b\u0107 rozwoju;<\/li>\n<li>nauki od najlepszych;<\/li>\n<li>praktyk\u0119 w dynamicznie rozwijaj\u0105cej si\u0119 firmie;<\/li>\n<li class=\"last\">mo\u017cliwo\u015b\u0107 zatrudnienia po sta\u017cu.<\/li>\n<\/ul>\n<p>[\/vc_column_text][vc_btn title=&#8221;Aplikuj&#8221; color=&#8221;primary&#8221; size=&#8221;lg&#8221; align=&#8221;center&#8221; link=&#8221;|||&#8221; el_class=&#8221;kontaktCv&#8221;][line_solid][\/vc_column][\/vc_row][vc_row][vc_column][\/vc_column][\/vc_row]<\/p>\n","protected":false},"excerpt":{"rendered":"<p>[vc_row][vc_column][vc_row_inner][vc_column_inner][heading text=&#8221;Kariera&#8221; tag=&#8221;h2&#8243; align=&#8221;center&#8221;][line_solid][vc_column_text]Grupa WISS jest wiod\u0105cych na \u015bwiecie polskim producentem samochod\u00f3w specjalnych oraz sprz\u0119tu przeciwpo\u017carowego, przeznaczonego dla: stra\u017cy po\u017carnej, wojska, s\u0142u\u017cb cywilnych, policji. &nbsp; Produkcja realizowana jest w zak\u0142adach na terenie Polski i Europy o \u0142\u0105cznej powierzchni 60.000 m2, gdzie zatrudnia si\u0119 ponad 800 os\u00f3b. Zal\u0105\u017ckiem Grupy WISS by\u0142o kupno w 2004, szwedzkiej firmy [&hellip;]<\/p>\n","protected":false},"author":1,"featured_media":0,"parent":0,"menu_order":0,"comment_status":"closed","ping_status":"closed","template":"page-templates\/template-canvas.php","meta":{"_acf_changed":false,"footnotes":""},"class_list":["post-1457","page","type-page","status-publish","hentry"],"acf":[],"yoast_head":"<!-- This site is optimized with the Yoast SEO plugin v27.6 - https:\/\/yoast.com\/product\/yoast-seo-wordpress\/ -->\n<title>Kariera - WISS<\/title>\n<meta name=\"robots\" content=\"index, follow, max-snippet:-1, max-image-preview:large, max-video-preview:-1\" \/>\n<link rel=\"canonical\" href=\"https:\/\/www.wiss.com.pl\/en\/kariera\/\" \/>\n<meta property=\"og:locale\" content=\"en_US\" \/>\n<meta property=\"og:type\" content=\"article\" \/>\n<meta property=\"og:title\" content=\"Kariera - WISS\" \/>\n<meta property=\"og:description\" content=\"[vc_row][vc_column][vc_row_inner][vc_column_inner][heading text=&#8221;Kariera&#8221; tag=&#8221;h2&#8243; align=&#8221;center&#8221;][line_solid][vc_column_text]Grupa WISS jest wiod\u0105cych na \u015bwiecie polskim producentem samochod\u00f3w specjalnych oraz sprz\u0119tu przeciwpo\u017carowego, przeznaczonego dla: stra\u017cy po\u017carnej, wojska, s\u0142u\u017cb cywilnych, policji. &nbsp; Produkcja realizowana jest w zak\u0142adach na terenie Polski i Europy o \u0142\u0105cznej powierzchni 60.000 m2, gdzie zatrudnia si\u0119 ponad 800 os\u00f3b. Zal\u0105\u017ckiem Grupy WISS by\u0142o kupno w 2004, szwedzkiej firmy [&hellip;]\" \/>\n<meta property=\"og:url\" content=\"https:\/\/www.wiss.com.pl\/en\/kariera\/\" \/>\n<meta property=\"og:site_name\" content=\"WISS\" \/>\n<meta property=\"article:publisher\" content=\"https:\/\/www.facebook.com\/ISSwawrzaszek\/\" \/>\n<meta property=\"article:modified_time\" content=\"2021-08-18T06:03:36+00:00\" \/>\n<meta name=\"twitter:card\" content=\"summary_large_image\" \/>\n<meta name=\"twitter:label1\" content=\"Est. reading time\" \/>\n\t<meta name=\"twitter:data1\" content=\"2 minutes\" \/>\n<script type=\"application\/ld+json\" class=\"yoast-schema-graph\">{\"@context\":\"https:\\\/\\\/schema.org\",\"@graph\":[{\"@type\":\"WebPage\",\"@id\":\"https:\\\/\\\/www.wiss.com.pl\\\/kariera\\\/\",\"url\":\"https:\\\/\\\/www.wiss.com.pl\\\/kariera\\\/\",\"name\":\"Kariera - WISS\",\"isPartOf\":{\"@id\":\"https:\\\/\\\/www.wiss.com.pl\\\/#website\"},\"datePublished\":\"2020-05-17T12:30:30+00:00\",\"dateModified\":\"2021-08-18T06:03:36+00:00\",\"breadcrumb\":{\"@id\":\"https:\\\/\\\/www.wiss.com.pl\\\/kariera\\\/#breadcrumb\"},\"inLanguage\":\"en-US\",\"potentialAction\":[{\"@type\":\"ReadAction\",\"target\":[\"https:\\\/\\\/www.wiss.com.pl\\\/kariera\\\/\"]}]},{\"@type\":\"BreadcrumbList\",\"@id\":\"https:\\\/\\\/www.wiss.com.pl\\\/kariera\\\/#breadcrumb\",\"itemListElement\":[{\"@type\":\"ListItem\",\"position\":1,\"name\":\"Strona g\u0142\u00f3wna\",\"item\":\"https:\\\/\\\/www.wiss.com.pl\\\/\"},{\"@type\":\"ListItem\",\"position\":2,\"name\":\"Kariera\"}]},{\"@type\":\"WebSite\",\"@id\":\"https:\\\/\\\/www.wiss.com.pl\\\/#website\",\"url\":\"https:\\\/\\\/www.wiss.com.pl\\\/\",\"name\":\"WISS Samochody Specjalne\",\"description\":\"Czo\u0142owy producent samochod\u00f3w po\u017carniczych w Polsce i Europie. Samochody przeznaczone dla s\u0142u\u017cb mundurowych, takich jak: stra\u017c po\u017carna, wojsko i policja.\",\"publisher\":{\"@id\":\"https:\\\/\\\/www.wiss.com.pl\\\/#organization\"},\"potentialAction\":[{\"@type\":\"SearchAction\",\"target\":{\"@type\":\"EntryPoint\",\"urlTemplate\":\"https:\\\/\\\/www.wiss.com.pl\\\/?s={search_term_string}\"},\"query-input\":{\"@type\":\"PropertyValueSpecification\",\"valueRequired\":true,\"valueName\":\"search_term_string\"}}],\"inLanguage\":\"en-US\"},{\"@type\":\"Organization\",\"@id\":\"https:\\\/\\\/www.wiss.com.pl\\\/#organization\",\"name\":\"WISS Samochody Specjalne\",\"url\":\"https:\\\/\\\/www.wiss.com.pl\\\/\",\"logo\":{\"@type\":\"ImageObject\",\"inLanguage\":\"en-US\",\"@id\":\"https:\\\/\\\/www.wiss.com.pl\\\/#\\\/schema\\\/logo\\\/image\\\/\",\"url\":\"https:\\\/\\\/www.wiss.com.pl\\\/wp-content\\\/uploads\\\/2025\\\/01\\\/logo_bezpieczenstwo6-1.jpg\",\"contentUrl\":\"https:\\\/\\\/www.wiss.com.pl\\\/wp-content\\\/uploads\\\/2025\\\/01\\\/logo_bezpieczenstwo6-1.jpg\",\"width\":1450,\"height\":407,\"caption\":\"WISS Samochody Specjalne\"},\"image\":{\"@id\":\"https:\\\/\\\/www.wiss.com.pl\\\/#\\\/schema\\\/logo\\\/image\\\/\"},\"sameAs\":[\"https:\\\/\\\/www.facebook.com\\\/ISSwawrzaszek\\\/\"]}]}<\/script>\n<!-- \/ Yoast SEO plugin. -->","yoast_head_json":{"title":"Kariera - WISS","robots":{"index":"index","follow":"follow","max-snippet":"max-snippet:-1","max-image-preview":"max-image-preview:large","max-video-preview":"max-video-preview:-1"},"canonical":"https:\/\/www.wiss.com.pl\/en\/kariera\/","og_locale":"en_US","og_type":"article","og_title":"Kariera - WISS","og_description":"[vc_row][vc_column][vc_row_inner][vc_column_inner][heading text=&#8221;Kariera&#8221; tag=&#8221;h2&#8243; align=&#8221;center&#8221;][line_solid][vc_column_text]Grupa WISS jest wiod\u0105cych na \u015bwiecie polskim producentem samochod\u00f3w specjalnych oraz sprz\u0119tu przeciwpo\u017carowego, przeznaczonego dla: stra\u017cy po\u017carnej, wojska, s\u0142u\u017cb cywilnych, policji. &nbsp; Produkcja realizowana jest w zak\u0142adach na terenie Polski i Europy o \u0142\u0105cznej powierzchni 60.000 m2, gdzie zatrudnia si\u0119 ponad 800 os\u00f3b. Zal\u0105\u017ckiem Grupy WISS by\u0142o kupno w 2004, szwedzkiej firmy [&hellip;]","og_url":"https:\/\/www.wiss.com.pl\/en\/kariera\/","og_site_name":"WISS","article_publisher":"https:\/\/www.facebook.com\/ISSwawrzaszek\/","article_modified_time":"2021-08-18T06:03:36+00:00","twitter_card":"summary_large_image","twitter_misc":{"Est. reading time":"2 minutes"},"schema":{"@context":"https:\/\/schema.org","@graph":[{"@type":"WebPage","@id":"https:\/\/www.wiss.com.pl\/kariera\/","url":"https:\/\/www.wiss.com.pl\/kariera\/","name":"Kariera - WISS","isPartOf":{"@id":"https:\/\/www.wiss.com.pl\/#website"},"datePublished":"2020-05-17T12:30:30+00:00","dateModified":"2021-08-18T06:03:36+00:00","breadcrumb":{"@id":"https:\/\/www.wiss.com.pl\/kariera\/#breadcrumb"},"inLanguage":"en-US","potentialAction":[{"@type":"ReadAction","target":["https:\/\/www.wiss.com.pl\/kariera\/"]}]},{"@type":"BreadcrumbList","@id":"https:\/\/www.wiss.com.pl\/kariera\/#breadcrumb","itemListElement":[{"@type":"ListItem","position":1,"name":"Strona g\u0142\u00f3wna","item":"https:\/\/www.wiss.com.pl\/"},{"@type":"ListItem","position":2,"name":"Kariera"}]},{"@type":"WebSite","@id":"https:\/\/www.wiss.com.pl\/#website","url":"https:\/\/www.wiss.com.pl\/","name":"WISS Samochody Specjalne","description":"Czo\u0142owy producent samochod\u00f3w po\u017carniczych w Polsce i Europie. Samochody przeznaczone dla s\u0142u\u017cb mundurowych, takich jak: stra\u017c po\u017carna, wojsko i policja.","publisher":{"@id":"https:\/\/www.wiss.com.pl\/#organization"},"potentialAction":[{"@type":"SearchAction","target":{"@type":"EntryPoint","urlTemplate":"https:\/\/www.wiss.com.pl\/?s={search_term_string}"},"query-input":{"@type":"PropertyValueSpecification","valueRequired":true,"valueName":"search_term_string"}}],"inLanguage":"en-US"},{"@type":"Organization","@id":"https:\/\/www.wiss.com.pl\/#organization","name":"WISS Samochody Specjalne","url":"https:\/\/www.wiss.com.pl\/","logo":{"@type":"ImageObject","inLanguage":"en-US","@id":"https:\/\/www.wiss.com.pl\/#\/schema\/logo\/image\/","url":"https:\/\/www.wiss.com.pl\/wp-content\/uploads\/2025\/01\/logo_bezpieczenstwo6-1.jpg","contentUrl":"https:\/\/www.wiss.com.pl\/wp-content\/uploads\/2025\/01\/logo_bezpieczenstwo6-1.jpg","width":1450,"height":407,"caption":"WISS Samochody Specjalne"},"image":{"@id":"https:\/\/www.wiss.com.pl\/#\/schema\/logo\/image\/"},"sameAs":["https:\/\/www.facebook.com\/ISSwawrzaszek\/"]}]}},"_links":{"self":[{"href":"https:\/\/www.wiss.com.pl\/en\/wp-json\/wp\/v2\/pages\/1457","targetHints":{"allow":["GET"]}}],"collection":[{"href":"https:\/\/www.wiss.com.pl\/en\/wp-json\/wp\/v2\/pages"}],"about":[{"href":"https:\/\/www.wiss.com.pl\/en\/wp-json\/wp\/v2\/types\/page"}],"author":[{"embeddable":true,"href":"https:\/\/www.wiss.com.pl\/en\/wp-json\/wp\/v2\/users\/1"}],"replies":[{"embeddable":true,"href":"https:\/\/www.wiss.com.pl\/en\/wp-json\/wp\/v2\/comments?post=1457"}],"version-history":[{"count":18,"href":"https:\/\/www.wiss.com.pl\/en\/wp-json\/wp\/v2\/pages\/1457\/revisions"}],"predecessor-version":[{"id":2809,"href":"https:\/\/www.wiss.com.pl\/en\/wp-json\/wp\/v2\/pages\/1457\/revisions\/2809"}],"wp:attachment":[{"href":"https:\/\/www.wiss.com.pl\/en\/wp-json\/wp\/v2\/media?parent=1457"}],"curies":[{"name":"wp","href":"https:\/\/api.w.org\/{rel}","templated":true}]}}